{"id":610,"date":"2025-09-24T10:30:29","date_gmt":"2025-09-24T08:30:29","guid":{"rendered":"https:\/\/studiascientifica.ku.sk\/en\/?page_id=610"},"modified":"2025-09-24T10:34:34","modified_gmt":"2025-09-24T08:34:34","slug":"studia-scientifica-facultatis-paedagogicae-universitas-catholica-ruzomberok-4-2025","status":"publish","type":"page","link":"https:\/\/studiascientifica.ku.sk\/en\/studia-scientifica-facultatis-paedagogicae-universitas-catholica-ruzomberok-4-2025\/","title":{"rendered":"Studia Scientifica Facultatis Paedagogicae Universitas Catholica Ru\u017eomberok 4\/2025"},"content":{"rendered":"<p><strong><span style=\"font-size: 12pt;\">Studia Scientifica Facultatis Paedagogicae Universitas Catholica Ru\u017eomberok \u2013 cel\u00e9 \u010d\u00edslo 4\/2025<\/span><\/strong><\/p>\n<p><span style=\"font-size: 12pt;\"><a href=\"https:\/\/studiascientifica.ku.sk\/wp-content\/uploads\/2025\/09\/ssf_4_25_s_obalkou.pdf\"><strong>Fulltext \u2013 cel\u00e9 \u010d\u00edslo 4\/2025<\/strong><\/a> (.pdf)<\/span><\/p>\n<p><span style=\"font-size: 12pt;\"><strong>Rok vydania:<\/strong> 2025<\/span><\/p>\n<p><span style=\"font-size: 12pt;\"><strong>Vydavate\u013e:<\/strong> VERBUM \u2013 vydavate\u013estvo Katol\u00edckej univerzity v Ru\u017eomberku<\/span><\/p>\n<p><span style=\"font-size: 12pt;\"><strong>ISSN:<\/strong> 1336-2232<\/span><\/p>\n<p><span style=\"font-size: 12pt;\"><strong>URL \u010dasopisu:<\/strong>\u00a0<a href=\"http:\/\/studiascientifica.ku.sk\/\">http:\/\/studiascientifica.ku.sk\/<\/a><\/span><\/p>\n<p>&nbsp;<\/p>\n<p><strong>OBSAH\/CONTENTS:<\/strong><\/p>\n<p><span style=\"font-size: 12pt;\"><strong>Kate\u0159ina Andr\u0161ov\u00e1, Ludmila Kroupov\u00e1<\/strong><\/span><br \/>\n<span style=\"font-size: 12pt;\"><a href=\"https:\/\/studiascientifica.ku.sk\/wp-content\/uploads\/2025\/09\/01_andrsova_kroupova_ssf_4_2025.pdf\">Anal\u00fdza vstupn\u00edch o\u010dek\u00e1v\u00e1n\u00ed a sebereflexe student\u016f v oblasti hudebn\u00edch dovednost\u00ed p\u0159i n\u00e1stupu do studia program\u016f U\u010ditelstv\u00ed pro 1. stupe\u0148 z\u00e1kladn\u00edch \u0161kol a U\u010ditelstv\u00ed pro mate\u0159sk\u00e9 \u0161koly<\/a> (.pdf)<\/span><br \/>\n<span style=\"font-size: 12pt;\">DOI: <a href=\"https:\/\/doi.org\/10.54937\/ssf.2025.24.4.11-21\">https:\/\/doi.org\/10.54937\/ssf.2025.24.4.11-21<\/a><\/span><\/p>\n<p><span style=\"font-size: 12pt;\"><strong>Janka Bedn\u00e1rikov\u00e1<\/strong><\/span><br \/>\n<span style=\"font-size: 12pt;\"><a href=\"https:\/\/studiascientifica.ku.sk\/wp-content\/uploads\/2025\/09\/02_bednarikova_ssf_4_2025.pdf\">Dirigovanie gregori\u00e1nskeho chor\u00e1lu: didaktick\u00e9 pr\u00edstupy a praktick\u00e9 odpor\u00fa\u010dania<\/a> (.pdf)<\/span><br \/>\n<span style=\"font-size: 12pt;\">DOI: <a href=\"https:\/\/doi.org\/10.54937\/ssf.2025.24.4.22-31\">https:\/\/doi.org\/10.54937\/ssf.2025.24.4.22-31<\/a><\/span><\/p>\n<p><span style=\"font-size: 12pt;\"><strong>Petra B\u011blohl\u00e1vkov\u00e1, Michal Ned\u011blka, Milena Kmentov\u00e1<\/strong><\/span><br \/>\n<span style=\"font-size: 12pt;\"><a href=\"https:\/\/studiascientifica.ku.sk\/wp-content\/uploads\/2025\/09\/03_belohlavkova_nedelka_kmentova_ssf_4_2025.pdf\">Pr\u00e1ce s lidovou p\u00edsn\u00ed v r\u00e1mci v\u00fdvoje multiplatformn\u00ed aplikace pro v\u00fduku a testov\u00e1n\u00ed v hudebn\u00ed v\u00fdchov\u011b<\/a> (.pdf)<\/span><br \/>\n<span style=\"font-size: 12pt;\">DOI: <a href=\"https:\/\/doi.org\/10.54937\/ssf.2025.24.4.32-39\">https:\/\/doi.org\/10.54937\/ssf.2025.24.4.32-39<\/a><\/span><\/p>\n<p><span style=\"font-size: 12pt;\"><strong>Alois Dan\u011bk, Ji\u0159\u00ed Mazurek, Milena Kmentov\u00e1<\/strong><\/span><br \/>\n<span style=\"font-size: 12pt;\"><a href=\"https:\/\/studiascientifica.ku.sk\/wp-content\/uploads\/2025\/09\/04_danek_mazurek_kmentova_ssf_4_2025.pdf\">Hudebn\u011b pedagogick\u00e9 p\u0159\u00edstupy k \u017e\u00e1k\u016fm s poruchou autistick\u00e9ho spektra<\/a> (.pdf)<\/span><br \/>\n<span style=\"font-size: 12pt;\">DOI: <a href=\"https:\/\/doi.org\/10.54937\/ssf.2025.24.4.40-53\">https:\/\/doi.org\/10.54937\/ssf.2025.24.4.40-53<\/a><\/span><\/p>\n<p><span style=\"font-size: 12pt;\"><strong>David di Fiore<\/strong><\/span><br \/>\n<span style=\"font-size: 12pt;\"><a href=\"https:\/\/studiascientifica.ku.sk\/wp-content\/uploads\/2025\/09\/05_di_fiore_ssf_4_2025.pdf\">Rubato in the Organ Works of C\u00e9sar Franck<\/a> (.pdf)<\/span><br \/>\n<span style=\"font-size: 12pt;\">DOI: <a href=\"https:\/\/doi.org\/10.54937\/ssf.2025.24.4.54-61\">https:\/\/doi.org\/10.54937\/ssf.2025.24.4.54-61<\/a><\/span><\/p>\n<p><span style=\"font-size: 12pt;\"><strong>Jana Hud\u00e1kov\u00e1, Lenka Ka\u0161\u010d\u00e1kov\u00e1<\/strong><\/span><br \/>\n<span style=\"font-size: 12pt;\"><a href=\"https:\/\/studiascientifica.ku.sk\/wp-content\/uploads\/2025\/09\/06_hudakova_kascakova_ssf_4_2025.pdf\">Rozv\u00edjanie hudobno-estetick\u00e9ho vkusu prostredn\u00edctvom novej u\u010debnice pre Hudobn\u00fa v\u00fdchovu v 8. ro\u010dn\u00edku z\u00e1kladnej \u0161koly<\/a> (.pdf)<\/span><br \/>\n<span style=\"font-size: 12pt;\">DOI: <a href=\"https:\/\/doi.org\/10.54937\/ssf.2025.24.4.62-70\">https:\/\/doi.org\/10.54937\/ssf.2025.24.4.62-70<\/a><\/span><\/p>\n<p><span style=\"font-size: 12pt;\"><strong>Ji\u0159ina Ji\u0159i\u010dkov\u00e1<\/strong><\/span><br \/>\n<span style=\"font-size: 12pt;\"><a href=\"https:\/\/studiascientifica.ku.sk\/wp-content\/uploads\/2025\/09\/07_jirickova_ssf_4_2025.pdf\">Projekt hudebn\u00edch workshop\u016f pro studenty u\u010ditelstv\u00ed: zp\u011btn\u00e1 vazba a dopady na vzd\u011bl\u00e1v\u00e1n\u00ed<\/a> (.pdf)<\/span><br \/>\n<span style=\"font-size: 12pt;\">DOI: <a href=\"https:\/\/doi.org\/10.54937\/ssf.2025.24.4.71-79\">https:\/\/doi.org\/10.54937\/ssf.2025.24.4.71-79<\/a><\/span><\/p>\n<p><span style=\"font-size: 12pt;\"><strong>Krist\u00edna Mag\u00e1tov\u00e1<\/strong><\/span><br \/>\n<span style=\"font-size: 12pt;\"><a href=\"https:\/\/studiascientifica.ku.sk\/wp-content\/uploads\/2025\/09\/08_magatova_ssf_4_2025.pdf\">Pedagogick\u00e1 \u010dinnos\u0165 Stanis\u0142awa Moniuszka a jej pr\u00ednos v hudobnej eduk\u00e1cii<\/a> (.pdf)<\/span><br \/>\n<span style=\"font-size: 12pt;\">DOI: <a href=\"https:\/\/doi.org\/10.54937\/ssf.2025.24.4.80-89\">https:\/\/doi.org\/10.54937\/ssf.2025.24.4.80-89<\/a><\/span><\/p>\n<p><span style=\"font-size: 12pt;\"><strong>Pavel Martinka<\/strong><\/span><br \/>\n<span style=\"font-size: 12pt;\"><a href=\"https:\/\/studiascientifica.ku.sk\/wp-content\/uploads\/2025\/09\/09_martinka_ssf_4_2025.pdf\">Virtu\u00f3zna interpret\u00e1cia \u013eudov\u00fdch piesn\u00ed Rinalda Ol\u00e1ha a J\u00e1na Berkyho-Mrenicu ako pr\u00edle\u017eitos\u0165 k in\u0161pir\u00e1cii<\/a> (.pdf)<\/span><br \/>\n<span style=\"font-size: 12pt;\">DOI: <a href=\"https:\/\/doi.org\/10.54937\/ssf.2025.24.4.90-95\">https:\/\/doi.org\/10.54937\/ssf.2025.24.4.90-95<\/a><\/span><\/p>\n<p><span style=\"font-size: 12pt;\"><strong>Martina Proch\u00e1zkov\u00e1, Daniela Taylor<\/strong><\/span><br \/>\n<span style=\"font-size: 12pt;\"><a href=\"https:\/\/studiascientifica.ku.sk\/wp-content\/uploads\/2025\/09\/10_prochazkova_taylor_ssf_4_2025.pdf\">Pies\u0148ov\u00fd reperto\u00e1r a vok\u00e1lno-intona\u010dn\u00e9 aktivity v slovenskej adapt\u00e1cii u\u010debnice \u201eHrav\u00e1 hudobn\u00e1 v\u00fdchova 1\u201c (Taktik)<\/a> (.pdf)<\/span><br \/>\n<span style=\"font-size: 12pt;\">DOI: <a href=\"https:\/\/doi.org\/10.54937\/ssf.2025.24.4.96-105\">https:\/\/doi.org\/10.54937\/ssf.2025.24.4.96-105<\/a><\/span><\/p>\n<p><span style=\"font-size: 12pt;\"><strong>Tom\u00e1\u0161 Sur\u00fd<\/strong><\/span><br \/>\n<span style=\"font-size: 12pt;\"><a href=\"https:\/\/studiascientifica.ku.sk\/wp-content\/uploads\/2025\/09\/11_sury_ssf_4_2025.pdf\">Re\u017eijn\u00e9 a pedagogick\u00e9 pr\u00edstupy pri pr\u00e1ci v Opernom \u0161t\u00fadiu na V\u0160MU v Bratislave<\/a> (.pdf)<\/span><br \/>\n<span style=\"font-size: 12pt;\">DOI: <a href=\"https:\/\/doi.org\/10.54937\/ssf.2025.24.4.106-112\">https:\/\/doi.org\/10.54937\/ssf.2025.24.4.106-112<\/a><\/span><\/p>\n<p><span style=\"font-size: 12pt;\"><strong>Martin Urban, Be\u00e1ta \u017ditniakov\u00e1 Gurgov\u00e1<\/strong><\/span><br \/>\n<span style=\"font-size: 12pt;\"><a href=\"https:\/\/studiascientifica.ku.sk\/wp-content\/uploads\/2025\/09\/12_urban_-zitniakova_gurgova_ssf_4_2025.pdf\">Pedagogick\u00e9, umeleck\u00e9, strategick\u00e9 a psychologick\u00e9 aspekty tvorby vo folkloristick\u00fdch teles\u00e1ch a eduka\u010dnom prostred\u00ed<\/a> (.pdf)<\/span><br \/>\n<span style=\"font-size: 12pt;\">DOI: <a href=\"https:\/\/doi.org\/10.54937\/ssf.2025.24.4.113-121\">https:\/\/doi.org\/10.54937\/ssf.2025.24.4.113-121<\/a><\/span><\/p>\n<p><span style=\"font-size: 12pt;\"><strong>Miriam \u017diarna<\/strong><\/span><br \/>\n<span style=\"font-size: 12pt;\"><a href=\"https:\/\/studiascientifica.ku.sk\/wp-content\/uploads\/2025\/09\/13_ziarna_ssf_4_2025.pdf\">Zlep\u0161ovanie intona\u010dnej \u010distoty u hlbok\u00fdch mu\u017esk\u00fdch hlasov<\/a> (.pdf)<\/span><br \/>\n<span style=\"font-size: 12pt;\">DOI: <a href=\"https:\/\/doi.org\/10.54937\/ssf.2025.24.4.122-129\">https:\/\/doi.org\/10.54937\/ssf.2025.24.4.122-129<\/a><\/span><\/p>\n","protected":false},"excerpt":{"rendered":"<p>Studia Scientifica Facultatis Paedagogicae Universitas Catholica Ru\u017eomberok \u2013 cel\u00e9 \u010d\u00edslo 4\/2025 Fulltext \u2013 cel\u00e9 \u010d\u00edslo 4\/2025 (.pdf) Rok vydania: 2025 Vydavate\u013e: VERBUM \u2013 vydavate\u013estvo Katol\u00edckej univerzity v Ru\u017eomberku ISSN: 1336-2232 URL \u010dasopisu:\u00a0http:\/\/studiascientifica.ku.sk\/ &nbsp; OBSAH\/CONTENTS: Kate\u0159ina Andr\u0161ov\u00e1, Ludmila Kroupov\u00e1 Anal\u00fdza vstupn\u00edch o\u010dek\u00e1v\u00e1n\u00ed a sebereflexe student\u016f v oblasti hudebn\u00edch dovednost\u00ed p\u0159i n\u00e1stupu do studia program\u016f U\u010ditelstv\u00ed pro [&hellip;]<\/p>\n","protected":false},"author":1,"featured_media":0,"parent":0,"menu_order":0,"comment_status":"closed","ping_status":"closed","template":"","meta":{"loftloader_page_shortcode":"","footnotes":""},"class_list":["post-610","page","type-page","status-publish","hentry"],"_links":{"self":[{"href":"https:\/\/studiascientifica.ku.sk\/en\/wp-json\/wp\/v2\/pages\/610","targetHints":{"allow":["GET"]}}],"collection":[{"href":"https:\/\/studiascientifica.ku.sk\/en\/wp-json\/wp\/v2\/pages"}],"about":[{"href":"https:\/\/studiascientifica.ku.sk\/en\/wp-json\/wp\/v2\/types\/page"}],"author":[{"embeddable":true,"href":"https:\/\/studiascientifica.ku.sk\/en\/wp-json\/wp\/v2\/users\/1"}],"replies":[{"embeddable":true,"href":"https:\/\/studiascientifica.ku.sk\/en\/wp-json\/wp\/v2\/comments?post=610"}],"version-history":[{"count":2,"href":"https:\/\/studiascientifica.ku.sk\/en\/wp-json\/wp\/v2\/pages\/610\/revisions"}],"predecessor-version":[{"id":615,"href":"https:\/\/studiascientifica.ku.sk\/en\/wp-json\/wp\/v2\/pages\/610\/revisions\/615"}],"wp:attachment":[{"href":"https:\/\/studiascientifica.ku.sk\/en\/wp-json\/wp\/v2\/media?parent=610"}],"curies":[{"name":"wp","href":"https:\/\/api.w.org\/{rel}","templated":true}]}}