{"id":593,"date":"2025-06-19T13:43:07","date_gmt":"2025-06-19T11:43:07","guid":{"rendered":"https:\/\/studiascientifica.ku.sk\/en\/?page_id=593"},"modified":"2025-06-20T11:26:45","modified_gmt":"2025-06-20T09:26:45","slug":"studia-scientifica-facultatis-paedagogicae-universitas-catholica-ruzomberok-2-2025","status":"publish","type":"page","link":"https:\/\/studiascientifica.ku.sk\/en\/studia-scientifica-facultatis-paedagogicae-universitas-catholica-ruzomberok-2-2025\/","title":{"rendered":"Studia Scientifica Facultatis Paedagogicae Universitas Catholica Ru\u017eomberok 2\/2025"},"content":{"rendered":"<p><strong><span style=\"font-size: 12pt;\">Studia Scientifica Facultatis Paedagogicae Universitas Catholica Ru\u017eomberok \u2013 cel\u00e9 \u010d\u00edslo 2\/2025<\/span><\/strong><\/p>\n<p><span style=\"font-size: 12pt;\"><a href=\"https:\/\/studiascientifica.ku.sk\/wp-content\/uploads\/2025\/06\/ssf_2_25_www2.pdf\"><strong>Fulltext \u2013 cel\u00e9 \u010d\u00edslo 2\/2025<\/strong><\/a> (.pdf)<\/span><\/p>\n<p><span style=\"font-size: 12pt;\"><strong>Rok vydania:<\/strong> 2025<\/span><\/p>\n<p><span style=\"font-size: 12pt;\"><strong>Vydavate\u013e:<\/strong> VERBUM \u2013 vydavate\u013estvo Katol\u00edckej univerzity v Ru\u017eomberku<\/span><\/p>\n<p><span style=\"font-size: 12pt;\"><strong>ISSN:<\/strong> 1336-2232<\/span><\/p>\n<p><span style=\"font-size: 12pt;\"><strong>URL \u010dasopisu:<\/strong>\u00a0<a href=\"http:\/\/studiascientifica.ku.sk\/\">http:\/\/studiascientifica.ku.sk\/<\/a><\/span><\/p>\n<p>&nbsp;<\/p>\n<p><strong>OBSAH\/CONTENTS:<\/strong><\/p>\n<p><span style=\"font-size: 12pt;\"><strong>Ji\u0159\u00ed \u0160koda, Pavel Doul\u00edk, Jakub Moln\u00e1r<\/strong><\/span><br \/>\n<span style=\"font-size: 12pt;\"><a href=\"https:\/\/studiascientifica.ku.sk\/wp-content\/uploads\/2025\/06\/01_skoda_doulik_molnar_ssf_2_25.pdf\">Self-efficacy v oblasti soft skills jako prediktor z\u00e1jmu o u\u010ditelskou profesi<\/a> (.pdf)<\/span><br \/>\n<span style=\"font-size: 12pt;\">DOI: <a href=\"https:\/\/doi.org\/10.54937\/ssf.2025.24.2.11-24\">https:\/\/doi.org\/10.54937\/ssf.2025.24.2.11-24<\/a><\/span><\/p>\n<p><span style=\"font-size: 12pt;\"><strong>Stanislav Ben\u010di\u010d, \u013dudov\u00edt Hajduk<\/strong><\/span><br \/>\n<span style=\"font-size: 12pt;\"><a href=\"https:\/\/studiascientifica.ku.sk\/wp-content\/uploads\/2025\/06\/02_bencic_hajduk_ssf_2_25v2.pdf\">Transforma\u010dn\u00e1 sila umenia v eduka\u010dnom a medi\u00e1lnom diskurze<\/a> (.pdf)<\/span><br \/>\n<span style=\"font-size: 12pt;\">DOI: <a href=\"https:\/\/doi.org\/10.54937\/ssf.2025.24.2.25-35\">https:\/\/doi.org\/10.54937\/ssf.2025.24.2.25-35<\/a><\/span><\/p>\n<p><span style=\"font-size: 12pt;\"><strong>Barbora Vodi\u010dkov\u00e1<\/strong><\/span><br \/>\n<span style=\"font-size: 12pt;\"><a href=\"https:\/\/studiascientifica.ku.sk\/wp-content\/uploads\/2025\/06\/03_vodickova_ssf_2_25.pdf\">Die\u0165a s poruchou fet\u00e1lneho alkoholov\u00e9ho spektra v materskej \u0161kole<\/a> (.pdf)<\/span><br \/>\n<span style=\"font-size: 12pt;\">DOI: <a href=\"https:\/\/doi.org\/10.54937\/ssf.2025.24.2.36-44\">https:\/\/doi.org\/10.54937\/ssf.2025.24.2.36-44<\/a><\/span><\/p>\n<p><span style=\"font-size: 12pt;\"><strong>Nazira Magzumova, Barbora Kov\u00e1\u010dov\u00e1<\/strong><\/span><br \/>\n<span style=\"font-size: 12pt;\"><a href=\"https:\/\/studiascientifica.ku.sk\/wp-content\/uploads\/2025\/06\/04_magzumova_kovacova_ssf_2_25.pdf\">Autism Creativity and Cognitive Mechanisms in Media Production<\/a> (.pdf)<\/span><br \/>\n<span style=\"font-size: 12pt;\">DOI: <a href=\"https:\/\/doi.org\/10.54937\/ssf.2025.24.2.45-54\">https:\/\/doi.org\/10.54937\/ssf.2025.24.2.45-54<\/a><\/span><\/p>\n<p><span style=\"font-size: 12pt;\"><strong>Miroslav Gejdo\u0161, Ivan Ondr\u00e1\u0161ik, Dominika Pa\u017e\u00edtkov\u00e1<\/strong><\/span><br \/>\n<span style=\"font-size: 12pt;\"><a href=\"https:\/\/studiascientifica.ku.sk\/wp-content\/uploads\/2025\/06\/05_gejdos_ondrasik_pazitkova_ssf_2_25.pdf\">D\u00f4stojnos\u0165 \u010dloveka a fenom\u00e9ny \u017eivota ako s\u00fa\u010das\u0165 filozofie v\u00fdchovy<\/a> (.pdf)<\/span><br \/>\n<span style=\"font-size: 12pt;\">DOI: <a href=\"https:\/\/doi.org\/10.54937\/ssf.2025.24.2.55-64\">https:\/\/doi.org\/10.54937\/ssf.2025.24.2.55-64<\/a><\/span><\/p>\n<p><span style=\"font-size: 12pt;\"><strong>Jan Viktorin<\/strong><\/span><br \/>\n<span style=\"font-size: 12pt;\"><a href=\"https:\/\/studiascientifica.ku.sk\/wp-content\/uploads\/2025\/06\/06_viktorin_ssf_2_25.pdf\">Osoba s Prader-Williho syndr\u00f3mom<\/a> (.pdf)<\/span><br \/>\n<span style=\"font-size: 12pt;\">DOI: <a href=\"https:\/\/doi.org\/10.54937\/ssf.2025.24.2.65-77\">https:\/\/doi.org\/10.54937\/ssf.2025.24.2.65-77<\/a><\/span><\/p>\n<p><span style=\"font-size: 12pt;\"><strong>Marcela \u010carnick\u00e1<\/strong><\/span><br \/>\n<span style=\"font-size: 12pt;\"><a href=\"https:\/\/studiascientifica.ku.sk\/wp-content\/uploads\/2025\/06\/07_carnicka_ssf_2_25.pdf\">Inovat\u00edvne strat\u00e9gie pr\u00edpravy bud\u00facich pedag\u00f3gov na v\u00fdu\u010dbu tvorby m\u00e1p cez sk\u00fasenostn\u00e9 u\u010denie<\/a> (.pdf)<\/span><br \/>\n<span style=\"font-size: 12pt;\">DOI: <a href=\"https:\/\/doi.org\/10.54937\/ssf.2025.24.2.78-85\">https:\/\/doi.org\/10.54937\/ssf.2025.24.2.78-85<\/a><\/span><\/p>\n<p><span style=\"font-size: 12pt;\"><strong>Robert Tom\u0161ik<\/strong><\/span><br \/>\n<span style=\"font-size: 12pt;\"><a href=\"https:\/\/studiascientifica.ku.sk\/wp-content\/uploads\/2025\/06\/08_tomsik_ssf_2_25.pdf\">Psychometrick\u00e9 vlastnosti \u0161k\u00e1ly osamelosti R-UCLA: Overenie faktorovej \u0161trukt\u00fary, vn\u00fatornej konzistencie a\u00a0invariancie merania<\/a> (.pdf)<\/span><br \/>\n<span style=\"font-size: 12pt;\">DOI: <a href=\"https:\/\/doi.org\/10.54937\/ssf.2025.24.2.86-101\">https:\/\/doi.org\/10.54937\/ssf.2025.24.2.86-101<\/a><\/span><\/p>\n<p><span style=\"font-size: 12pt;\"><strong>Viera Rassu Nagy<\/strong><\/span><br \/>\n<span style=\"font-size: 12pt;\"><a href=\"https:\/\/studiascientifica.ku.sk\/wp-content\/uploads\/2025\/06\/09_rasu_nagy_ssf_2_25v2.pdf\">Vzdel\u00e1vacie ciele vyu\u010dovania cudz\u00edch jazykov<\/a> (.pdf)<\/span><br \/>\n<span style=\"font-size: 12pt;\">DOI: <a href=\"https:\/\/doi.org\/10.54937\/ssf.2025.24.2.102-109\">https:\/\/doi.org\/10.54937\/ssf.2025.24.2.102-109<\/a><\/span><\/p>\n","protected":false},"excerpt":{"rendered":"<p>Studia Scientifica Facultatis Paedagogicae Universitas Catholica Ru\u017eomberok \u2013 cel\u00e9 \u010d\u00edslo 2\/2025 Fulltext \u2013 cel\u00e9 \u010d\u00edslo 2\/2025 (.pdf) Rok vydania: 2025 Vydavate\u013e: VERBUM \u2013 vydavate\u013estvo Katol\u00edckej univerzity v Ru\u017eomberku ISSN: 1336-2232 URL \u010dasopisu:\u00a0http:\/\/studiascientifica.ku.sk\/ &nbsp; OBSAH\/CONTENTS: Ji\u0159\u00ed \u0160koda, Pavel Doul\u00edk, Jakub Moln\u00e1r Self-efficacy v oblasti soft skills jako prediktor z\u00e1jmu o u\u010ditelskou profesi (.pdf) DOI: https:\/\/doi.org\/10.54937\/ssf.2025.24.2.11-24 Stanislav [&hellip;]<\/p>\n","protected":false},"author":1,"featured_media":0,"parent":0,"menu_order":0,"comment_status":"closed","ping_status":"closed","template":"","meta":{"loftloader_page_shortcode":"","footnotes":""},"class_list":["post-593","page","type-page","status-publish","hentry"],"_links":{"self":[{"href":"https:\/\/studiascientifica.ku.sk\/en\/wp-json\/wp\/v2\/pages\/593","targetHints":{"allow":["GET"]}}],"collection":[{"href":"https:\/\/studiascientifica.ku.sk\/en\/wp-json\/wp\/v2\/pages"}],"about":[{"href":"https:\/\/studiascientifica.ku.sk\/en\/wp-json\/wp\/v2\/types\/page"}],"author":[{"embeddable":true,"href":"https:\/\/studiascientifica.ku.sk\/en\/wp-json\/wp\/v2\/users\/1"}],"replies":[{"embeddable":true,"href":"https:\/\/studiascientifica.ku.sk\/en\/wp-json\/wp\/v2\/comments?post=593"}],"version-history":[{"count":2,"href":"https:\/\/studiascientifica.ku.sk\/en\/wp-json\/wp\/v2\/pages\/593\/revisions"}],"predecessor-version":[{"id":598,"href":"https:\/\/studiascientifica.ku.sk\/en\/wp-json\/wp\/v2\/pages\/593\/revisions\/598"}],"wp:attachment":[{"href":"https:\/\/studiascientifica.ku.sk\/en\/wp-json\/wp\/v2\/media?parent=593"}],"curies":[{"name":"wp","href":"https:\/\/api.w.org\/{rel}","templated":true}]}}