{"id":584,"date":"2025-04-03T10:51:11","date_gmt":"2025-04-03T08:51:11","guid":{"rendered":"https:\/\/studiascientifica.ku.sk\/en\/?page_id=584"},"modified":"2025-04-03T10:51:25","modified_gmt":"2025-04-03T08:51:25","slug":"studia-scientifica-facultatis-paedagogicae-universitas-catholica-ruzomberok-1-2025","status":"publish","type":"page","link":"https:\/\/studiascientifica.ku.sk\/en\/studia-scientifica-facultatis-paedagogicae-universitas-catholica-ruzomberok-1-2025\/","title":{"rendered":"Studia Scientifica Facultatis Paedagogicae Universitas Catholica Ru\u017eomberok 1\/2025"},"content":{"rendered":"<p><strong><span style=\"font-size: 12pt;\">Studia Scientifica Facultatis Paedagogicae Universitas Catholica Ru\u017eomberok \u2013 cel\u00e9 \u010d\u00edslo 1\/2025<\/span><\/strong><\/p>\n<p><span style=\"font-size: 12pt;\"><a href=\"https:\/\/studiascientifica.ku.sk\/wp-content\/uploads\/2025\/04\/ssf_1_25_s_obalkou.pdf\"><strong>Fulltext \u2013 cel\u00e9 \u010d\u00edslo 1\/2025<\/strong><\/a> (.pdf)<\/span><\/p>\n<p><span style=\"font-size: 12pt;\"><strong>Rok vydania:<\/strong> 2025<\/span><\/p>\n<p><span style=\"font-size: 12pt;\"><strong>Vydavate\u013e:<\/strong> VERBUM \u2013 vydavate\u013estvo Katol\u00edckej univerzity v Ru\u017eomberku<\/span><\/p>\n<p><span style=\"font-size: 12pt;\"><strong>ISSN:<\/strong> 1336-2232<\/span><\/p>\n<p><span style=\"font-size: 12pt;\"><strong>URL \u010dasopisu:<\/strong>\u00a0<a href=\"http:\/\/studiascientifica.ku.sk\/\">http:\/\/studiascientifica.ku.sk\/<\/a><\/span><\/p>\n<p>&nbsp;<\/p>\n<p><strong>OBSAH\/CONTENTS:<\/strong><\/p>\n<p><span style=\"font-size: 12pt;\"><strong>Marie Herynkov\u00e1, Jana Marie Havigerov\u00e1<\/strong><\/span><br \/>\n<span style=\"font-size: 12pt;\"><a href=\"https:\/\/studiascientifica.ku.sk\/wp-content\/uploads\/2025\/04\/01_herynkova_havigerova_ssf_1_2025.pdf\">Leisure Activities and Depression of 5th Graders of the Elementary School<\/a> (.pdf)<\/span><br \/>\n<span style=\"font-size: 12pt;\">DOI: <a href=\"https:\/\/doi.org\/10.54937\/ssf.2025.24.1.11-22\">https:\/\/doi.org\/10.54937\/ssf.2025.24.1.11-22<\/a><\/span><\/p>\n<p><span style=\"font-size: 12pt;\"><strong>Barbora Kov\u00e1\u010dov\u00e1, Rosangela Libertini, Viera Rassu Nagy<\/strong><\/span><br \/>\n<span style=\"font-size: 12pt;\"><a href=\"https:\/\/studiascientifica.ku.sk\/wp-content\/uploads\/2025\/04\/02_kovacova_libertini_rassu_nagy_ssf_1_2025.pdf\">Anal\u00fdza alegorick\u00fdch a mor\u00e1lnych vrstiev v rozpr\u00e1vke z poh\u013eadu v\u00fdchovno-vyu\u010dovacieho procesu<\/a> (.pdf)<\/span><br \/>\n<span style=\"font-size: 12pt;\">DOI: <a href=\"https:\/\/doi.org\/10.54937\/ssf.2025.24.1.23-34\">https:\/\/doi.org\/10.54937\/ssf.2025.24.1.23-34<\/a><\/span><\/p>\n<p><span style=\"font-size: 12pt;\"><strong>Daniela Valachov\u00e1<\/strong><\/span><br \/>\n<span style=\"font-size: 12pt;\"><a href=\"https:\/\/studiascientifica.ku.sk\/wp-content\/uploads\/2025\/04\/03_valachova_ssf_1_2025.pdf\">Vzdel\u00e1vanie v gal\u00e9rii: mo\u017enosti zmeny vn\u00edmania umenia \u017eiakmi<\/a> (.pdf)<\/span><br \/>\n<span style=\"font-size: 12pt;\">DOI: <a href=\"https:\/\/doi.org\/10.54937\/ssf.2025.24.1.35-44\">https:\/\/doi.org\/10.54937\/ssf.2025.24.1.35-44<\/a><\/span><\/p>\n<p><span style=\"font-size: 12pt;\"><strong>Monika Homolov\u00e1<\/strong><\/span><br \/>\n<span style=\"font-size: 12pt;\"><a href=\"https:\/\/studiascientifica.ku.sk\/wp-content\/uploads\/2025\/04\/04_homolova_ssf_1_2025.pdf\">Aer\u00f3bne cvi\u010denie a vn\u00edmanie odbornej pripravenosti u \u0161peci\u00e1lnych pedag\u00f3gov<\/a> (.pdf)<\/span><br \/>\n<span style=\"font-size: 12pt;\">DOI: <a href=\"https:\/\/doi.org\/10.54937\/ssf.2025.24.1.45-52\">https:\/\/doi.org\/10.54937\/ssf.2025.24.1.45-52<\/a><\/span><\/p>\n<p><span style=\"font-size: 12pt;\"><strong>Tereza Sl\u00e1mov\u00e1, Jan Viktorin<\/strong><\/span><br \/>\n<span style=\"font-size: 12pt;\"><a href=\"https:\/\/studiascientifica.ku.sk\/wp-content\/uploads\/2025\/04\/05_slamova_viktorin_ssf_1_2025.pdf\">\u017diaci so \u0161pecifick\u00fdmi poruchami u\u010denia z poh\u013eadu u\u010dite\u013eov<\/a> (.pdf)<\/span><br \/>\n<span style=\"font-size: 12pt;\">DOI: <a href=\"https:\/\/doi.org\/10.54937\/ssf.2025.24.1.53-66\">https:\/\/doi.org\/10.54937\/ssf.2025.24.1.53-66<\/a><\/span><\/p>\n<p><span style=\"font-size: 12pt;\"><strong>Zuzana Br\u010diakov\u00e1<\/strong><\/span><br \/>\n<span style=\"font-size: 12pt;\"><a href=\"https:\/\/studiascientifica.ku.sk\/wp-content\/uploads\/2025\/04\/06_brciakova_ssf_1_2025.pdf\">Viac\u00fa\u010delov\u00e9 didaktick\u00e9 pom\u00f4cky z pr\u00edrodn\u00edn pre \u017eiakov s ment\u00e1lnym postihnut\u00edm<\/a> (.pdf)<\/span><br \/>\n<span style=\"font-size: 12pt;\">DOI: <a href=\"https:\/\/doi.org\/10.54937\/ssf.2025.24.1.67-79\">https:\/\/doi.org\/10.54937\/ssf.2025.24.1.67-79<\/a><\/span><\/p>\n<p><span style=\"font-size: 12pt;\"><strong>Eva Litavcov\u00e1<\/strong><\/span><br \/>\n<span style=\"font-size: 12pt;\"><a href=\"https:\/\/studiascientifica.ku.sk\/wp-content\/uploads\/2025\/04\/07_litavcova_ssf_1_2025.pdf\">Panelov\u00e1 anal\u00fdza emisi\u00ed CO2 v kontexte vzdel\u00e1vania k dosahovaniu cie\u013eov \u201eNet Zero\u201c<\/a> (.pdf)<\/span><br \/>\n<span style=\"font-size: 12pt;\">DOI: <a href=\"https:\/\/doi.org\/10.54937\/ssf.2025.24.1.80-97\">https:\/\/doi.org\/10.54937\/ssf.2025.24.1.80-97<\/a><\/span><\/p>\n","protected":false},"excerpt":{"rendered":"<p>Studia Scientifica Facultatis Paedagogicae Universitas Catholica Ru\u017eomberok \u2013 cel\u00e9 \u010d\u00edslo 1\/2025 Fulltext \u2013 cel\u00e9 \u010d\u00edslo 1\/2025 (.pdf) Rok vydania: 2025 Vydavate\u013e: VERBUM \u2013 vydavate\u013estvo Katol\u00edckej univerzity v Ru\u017eomberku ISSN: 1336-2232 URL \u010dasopisu:\u00a0http:\/\/studiascientifica.ku.sk\/ &nbsp; OBSAH\/CONTENTS: Marie Herynkov\u00e1, Jana Marie Havigerov\u00e1 Leisure Activities and Depression of 5th Graders of the Elementary School (.pdf) DOI: https:\/\/doi.org\/10.54937\/ssf.2025.24.1.11-22 Barbora Kov\u00e1\u010dov\u00e1, [&hellip;]<\/p>\n","protected":false},"author":1,"featured_media":0,"parent":0,"menu_order":0,"comment_status":"closed","ping_status":"closed","template":"","meta":{"loftloader_page_shortcode":"","footnotes":""},"class_list":["post-584","page","type-page","status-publish","hentry"],"_links":{"self":[{"href":"https:\/\/studiascientifica.ku.sk\/en\/wp-json\/wp\/v2\/pages\/584","targetHints":{"allow":["GET"]}}],"collection":[{"href":"https:\/\/studiascientifica.ku.sk\/en\/wp-json\/wp\/v2\/pages"}],"about":[{"href":"https:\/\/studiascientifica.ku.sk\/en\/wp-json\/wp\/v2\/types\/page"}],"author":[{"embeddable":true,"href":"https:\/\/studiascientifica.ku.sk\/en\/wp-json\/wp\/v2\/users\/1"}],"replies":[{"embeddable":true,"href":"https:\/\/studiascientifica.ku.sk\/en\/wp-json\/wp\/v2\/comments?post=584"}],"version-history":[{"count":1,"href":"https:\/\/studiascientifica.ku.sk\/en\/wp-json\/wp\/v2\/pages\/584\/revisions"}],"predecessor-version":[{"id":586,"href":"https:\/\/studiascientifica.ku.sk\/en\/wp-json\/wp\/v2\/pages\/584\/revisions\/586"}],"wp:attachment":[{"href":"https:\/\/studiascientifica.ku.sk\/en\/wp-json\/wp\/v2\/media?parent=584"}],"curies":[{"name":"wp","href":"https:\/\/api.w.org\/{rel}","templated":true}]}}