{"id":559,"date":"2024-08-15T14:05:37","date_gmt":"2024-08-15T12:05:37","guid":{"rendered":"http:\/\/studiascientifica.ku.sk\/en\/?page_id=559"},"modified":"2024-08-15T14:10:15","modified_gmt":"2024-08-15T12:10:15","slug":"studia-scientifica-facultatis-paedagogicae-universitas-catholica-ruzomberok-3-2024","status":"publish","type":"page","link":"https:\/\/studiascientifica.ku.sk\/en\/studia-scientifica-facultatis-paedagogicae-universitas-catholica-ruzomberok-3-2024\/","title":{"rendered":"Studia Scientifica Facultatis Paedagogicae Universitas Catholica Ru\u017eomberok 3\/2024"},"content":{"rendered":"<p><strong><span style=\"font-size: 12pt;\">Studia Scientifica Facultatis Paedagogicae Universitas Catholica Ru\u017eomberok \u2013 cel\u00e9 \u010d\u00edslo 3\/2024<\/span><\/strong><\/p>\n<p><span style=\"font-size: 12pt;\"><a href=\"http:\/\/studiascientifica.ku.sk\/wp-content\/uploads\/2024\/08\/ssf_3_24_s_obalkou.pdf\"><strong>Fulltext \u2013 cel\u00e9 \u010d\u00edslo 3\/2024<\/strong><\/a> (.pdf)<\/span><\/p>\n<p><span style=\"font-size: 12pt;\"><strong>Rok vydania:<\/strong> 2024<\/span><\/p>\n<p><span style=\"font-size: 12pt;\"><strong>Vydavate\u013e:<\/strong> VERBUM \u2013 vydavate\u013estvo Katol\u00edckej univerzity v Ru\u017eomberku<\/span><\/p>\n<p><span style=\"font-size: 12pt;\"><strong>ISSN:<\/strong> 1336-2232<\/span><\/p>\n<p><span style=\"font-size: 12pt;\"><strong>URL \u010dasopisu:<\/strong>\u00a0<a href=\"http:\/\/studiascientifica.ku.sk\/\">http:\/\/studiascientifica.ku.sk\/<\/a><\/span><\/p>\n<p>&nbsp;<\/p>\n<p><strong>OBSAH\/CONTENTS:<\/strong><\/p>\n<p><strong><span style=\"font-size: 12pt;\">J\u00e1n Danek<\/span><\/strong><br \/>\n<span style=\"font-size: 12pt;\"><a href=\"http:\/\/studiascientifica.ku.sk\/wp-content\/uploads\/2024\/08\/01_danek_ssf_3_2024.pdf\">Bezpe\u010dnos\u0165 \u0161kolsk\u00e9ho prostredia \u2013 vonkaj\u0161ie a vn\u00fatorn\u00e9 vplyvy<\/a> (.pdf)<\/span><br \/>\n<span style=\"font-size: 12pt;\">DOI: <a href=\"https:\/\/doi.org\/10.54937\/ssf.2024.23.3.9-18\">https:\/\/doi.org\/10.54937\/ssf.2024.23.3.9-18<\/a><\/span><\/p>\n<p><strong><span style=\"font-size: 12pt;\">Ingrid Emmerov\u00e1<\/span><\/strong><br \/>\n<span style=\"font-size: 12pt;\"><a href=\"http:\/\/studiascientifica.ku.sk\/wp-content\/uploads\/2024\/08\/02_emmerova_ssf_3_2024.pdf\">Bezpe\u010dnos\u0165 \u0161kolsk\u00e9ho prostredia \u2013 s\u00fa\u010dasn\u00fd stav a probl\u00e9my<\/a> (.pdf)<\/span><br \/>\n<span style=\"font-size: 12pt;\">DOI: <a href=\"https:\/\/doi.org\/10.54937\/ssf.2024.23.3.19-25\">https:\/\/doi.org\/10.54937\/ssf.2024.23.3.19-25<\/a><\/span><\/p>\n<p><strong><span style=\"font-size: 12pt;\">Tom\u00e1\u0161 Jablonsk\u00fd<\/span><\/strong><br \/>\n<span style=\"font-size: 12pt;\"><a href=\"http:\/\/studiascientifica.ku.sk\/wp-content\/uploads\/2024\/08\/03_jablonsky_ssf_3_2024.pdf\">Bezpe\u010dnos\u0165 \u0161kolsk\u00e9ho prostredia \u2013 zahrani\u010dn\u00e9 sk\u00fasenosti<\/a> (.pdf)<\/span><br \/>\n<span style=\"font-size: 12pt;\">DOI: <a href=\"https:\/\/doi.org\/10.54937\/ssf.2024.23.3.26-32\">https:\/\/doi.org\/10.54937\/ssf.2024.23.3.26-32<\/a><\/span><\/p>\n<p><strong><span style=\"font-size: 12pt;\">Miriam Niklov\u00e1<\/span><\/strong><br \/>\n<span style=\"font-size: 12pt;\"><a href=\"http:\/\/studiascientifica.ku.sk\/wp-content\/uploads\/2024\/08\/04_niklova_ssf_3_2024.pdf\">Online rizikov\u00e9 spr\u00e1vanie \u017eiakov \u2013 aktu\u00e1lne trendy a mo\u017enosti prevencie a rie\u0161enia v \u0161kol\u00e1ch<\/a> (.pdf)<\/span><br \/>\n<span style=\"font-size: 12pt;\">DOI: <a href=\"https:\/\/doi.org\/10.54937\/ssf.2024.23.3.33-44\">https:\/\/doi.org\/10.54937\/ssf.2024.23.3.33-44<\/a><\/span><\/p>\n<p><strong><span style=\"font-size: 12pt;\">Erich Petl\u00e1k<\/span><\/strong><br \/>\n<span style=\"font-size: 12pt;\"><a href=\"http:\/\/studiascientifica.ku.sk\/wp-content\/uploads\/2024\/08\/05_petlak_ssf_3_2024.pdf\">\u010cinitele p\u00f4sobiace na bezpe\u010dnos\u0165 \u0161kolsk\u00e9ho prostredia<\/a> (.pdf)<\/span><br \/>\n<span style=\"font-size: 12pt;\">DOI: <a href=\"https:\/\/doi.org\/10.54937\/ssf.2024.23.3.45-50\">https:\/\/doi.org\/10.54937\/ssf.2024.23.3.45-50<\/a><\/span><\/p>\n<p><strong><span style=\"font-size: 12pt;\">Angela Alma\u0161iov\u00e1, Juraj Holdo\u0161, Pavel Izrael, Katar\u00edna Koh\u00fatov\u00e1<\/span><\/strong><br \/>\n<span style=\"font-size: 12pt;\"><a href=\"http:\/\/studiascientifica.ku.sk\/wp-content\/uploads\/2024\/08\/06_almasiova_a_kol_ssf_3_2024.pdf\">Vn\u00edmanie bezpe\u010dnosti a prijatia v \u0161kole \u2013 v\u00fdsledky reprezentat\u00edvneho v\u00fdskumu det\u00ed a ml\u00e1de\u017ee na Slovensku<\/a> (.pdf)<\/span><br \/>\n<span style=\"font-size: 12pt;\">DOI: <a href=\"https:\/\/doi.org\/10.54937\/ssf.2024.23.3.51-57\">https:\/\/doi.org\/10.54937\/ssf.2024.23.3.51-57<\/a><\/span><\/p>\n<p><strong><span style=\"font-size: 12pt;\">V\u00e1clav B\u011bl\u00edk<\/span><\/strong><br \/>\n<span style=\"font-size: 12pt;\"><a href=\"http:\/\/studiascientifica.ku.sk\/wp-content\/uploads\/2024\/08\/07_belik_ssf_3_2024.pdf\">Role a specifika soci\u00e1ln\u00edho pedagoga v utv\u00e1\u0159en\u00ed bezpe\u010dn\u00e9ho \u0161koln\u00edho prost\u0159ed\u00ed<\/a> (.pdf)<\/span><br \/>\n<span style=\"font-size: 12pt;\">DOI: <a href=\"https:\/\/doi.org\/10.54937\/ssf.2024.23.3.58-64\">https:\/\/doi.org\/10.54937\/ssf.2024.23.3.58-64<\/a><\/span><\/p>\n<p><strong><span style=\"font-size: 12pt;\">M\u00e1ria Bele\u0161ov\u00e1<\/span><\/strong><br \/>\n<span style=\"font-size: 12pt;\"><a href=\"http:\/\/studiascientifica.ku.sk\/wp-content\/uploads\/2024\/08\/08_belesova_ssf_3_2024.pdf\">Predch\u00e1dzanie rizikov\u00e9ho a probl\u00e9mov\u00e9ho spr\u00e1vania \u017eiakov v z\u00e1kladn\u00fdch \u0161kol\u00e1ch poh\u013eadom u\u010dite\u013eov prim\u00e1rneho vzdel\u00e1vania<\/a> (.pdf)<\/span><br \/>\n<span style=\"font-size: 12pt;\">DOI: <a href=\"https:\/\/doi.org\/10.54937\/ssf.2024.23.3.65-72\">https:\/\/doi.org\/10.54937\/ssf.2024.23.3.65-72<\/a><\/span><\/p>\n<p><strong><span style=\"font-size: 12pt;\">M\u00e1rio Dulovics<\/span><\/strong><br \/>\n<span style=\"font-size: 12pt;\"><a href=\"http:\/\/studiascientifica.ku.sk\/wp-content\/uploads\/2024\/08\/09_dulovics_ssf_3_2024.pdf\">Vybran\u00e9 formy online rizikov\u00e9ho spr\u00e1vania \u017eiakov a mo\u017enosti ich prevencie v kontexte tvorby bezpe\u010dn\u00e9ho \u0161kolsk\u00e9ho prostredia<\/a> (.pdf)<\/span><br \/>\n<span style=\"font-size: 12pt;\">DOI: <a href=\"https:\/\/doi.org\/10.54937\/ssf.2024.23.3.73-80\">https:\/\/doi.org\/10.54937\/ssf.2024.23.3.73-80<\/a><\/span><\/p>\n<p><strong><span style=\"font-size: 12pt;\">Mariana Sirotov\u00e1, Veronika Michvoc\u00edkov\u00e1<\/span><\/strong><br \/>\n<span style=\"font-size: 12pt;\"><a href=\"http:\/\/studiascientifica.ku.sk\/wp-content\/uploads\/2024\/08\/10_sirotova_michvocikova_ssf_3_2024.pdf\">Inkl\u00fazia vo vysoko\u0161kolskom prostred\u00ed a mo\u017enosti jej aplik\u00e1cie \u2013 pr\u00edklad empirick\u00e9ho v\u00fdskumu<\/a> (.pdf)<\/span><br \/>\n<span style=\"font-size: 12pt;\">DOI: <a href=\"https:\/\/doi.org\/10.54937\/ssf.2024.23.3.81-86\">https:\/\/doi.org\/10.54937\/ssf.2024.23.3.81-86<\/a><\/span><\/p>\n<p><strong><span style=\"font-size: 12pt;\">Silvia Barnov\u00e1, Marek Vochozka, Sl\u00e1vka Kr\u00e1sna, Gabriela Gabrhelov\u00e1<\/span><\/strong><br \/>\n<span style=\"font-size: 12pt;\"><a href=\"http:\/\/studiascientifica.ku.sk\/wp-content\/uploads\/2024\/08\/11_barnova_a_kol_ssf_3_2024.pdf\">Organiza\u010dn\u00e1 kl\u00edma \u0161koly z poh\u013eadu u\u010dite\u013eov stredn\u00fdch odborn\u00fdch \u0161k\u00f4l<\/a> (.pdf)<\/span><br \/>\n<span style=\"font-size: 12pt;\">DOI: <a href=\"https:\/\/doi.org\/10.54937\/ssf.2024.23.3.87-97\">https:\/\/doi.org\/10.54937\/ssf.2024.23.3.87-97<\/a><\/span><\/p>\n<p><strong><span style=\"font-size: 12pt;\">Slavom\u00edra Bellov\u00e1<\/span><\/strong><br \/>\n<span style=\"font-size: 12pt;\"><a href=\"http:\/\/studiascientifica.ku.sk\/wp-content\/uploads\/2024\/08\/12_bellova_ssf_3_2024.pdf\">Rie\u0161enie probl\u00e9mov\u00e9ho spr\u00e1vania \u017eiakov na z\u00e1kladn\u00fdch \u0161kol\u00e1ch: v\u00fdskyt, prevencia a pr\u00edstupy<\/a> (.pdf)<\/span><br \/>\n<span style=\"font-size: 12pt;\">DOI: <a href=\"https:\/\/doi.org\/10.54937\/ssf.2024.23.3.98-105\">https:\/\/doi.org\/10.54937\/ssf.2024.23.3.98-105<\/a><\/span><\/p>\n<p><strong><span style=\"font-size: 12pt;\">Gabriela Siv\u00e1kov\u00e1<\/span><\/strong><br \/>\n<span style=\"font-size: 12pt;\"><a href=\"http:\/\/studiascientifica.ku.sk\/wp-content\/uploads\/2024\/08\/13_sivakova_ssf_3_2024.pdf\">Aktu\u00e1lne v\u00fdzvy vo v\u00fdu\u010dbe nadan\u00fdch \u017eiakov \u2013 perspekt\u00edvy a pr\u00edstupy<\/a> (.pdf)<\/span><br \/>\n<span style=\"font-size: 12pt;\">DOI: <a href=\"https:\/\/doi.org\/10.54937\/ssf.2024.23.3.106-114\">https:\/\/doi.org\/10.54937\/ssf.2024.23.3.106-114<\/a><\/span><\/p>\n<p><strong><span style=\"font-size: 12pt;\">Katar\u00edna Ti\u0161\u0165anov\u00e1<\/span><\/strong><br \/>\n<span style=\"font-size: 12pt;\"><a href=\"http:\/\/studiascientifica.ku.sk\/wp-content\/uploads\/2024\/08\/14_tistanova_ssf_3_2024.pdf\">Vytv\u00e1ranie prostredia pre emocion\u00e1lnu a soci\u00e1lnu pohodu \u2013 d\u00f4le\u017eit\u00e1 zodpovednos\u0165 \u0161koly<\/a> (.pdf)<\/span><br \/>\n<span style=\"font-size: 12pt;\">DOI: <a href=\"https:\/\/doi.org\/10.54937\/ssf.2024.23.3.115-123\">https:\/\/doi.org\/10.54937\/ssf.2024.23.3.115-123<\/a><\/span><\/p>\n<p><strong><span style=\"font-size: 12pt;\">Vladim\u00edra Zeman\u010d\u00edkov\u00e1<\/span><\/strong><br \/>\n<span style=\"font-size: 12pt;\"><a href=\"http:\/\/studiascientifica.ku.sk\/wp-content\/uploads\/2024\/08\/15_zemancikova_ssf_3_2024.pdf\">Pripravenos\u0165 u\u010dite\u013eov zvl\u00e1da\u0165 probl\u00e9mov\u00e9 spr\u00e1vanie \u017eiakov v inkluz\u00edvnom prostred\u00ed \u0161koly<\/a> (.pdf)<\/span><br \/>\n<span style=\"font-size: 12pt;\">DOI: <a href=\"https:\/\/doi.org\/10.54937\/ssf.2024.23.3.124-133\">https:\/\/doi.org\/10.54937\/ssf.2024.23.3.124-133<\/a><\/span><\/p>\n<p><strong><span style=\"font-size: 12pt;\">Jan Tirp\u00e1k, Miriam Uhrinov\u00e1, Kl\u00e1ra Zimmermannov\u00e1<\/span><\/strong><br \/>\n<span style=\"font-size: 12pt;\"><a href=\"http:\/\/studiascientifica.ku.sk\/wp-content\/uploads\/2024\/08\/16_tirpak_uhrinova_zimmermannova_ssf_3_2024.pdf\">Hodnocen\u00ed traumatick\u00fdch symptom\u016f u d\u011bt\u00ed a adolescent\u016f ve \u0161kolsk\u00fdch za\u0159\u00edzen\u00edch pro v\u00fdkon \u00fastavn\u00ed a ochrann\u00e9 v\u00fdchovy<\/a> (.pdf)<\/span><br \/>\n<span style=\"font-size: 12pt;\">DOI: <a href=\"https:\/\/doi.org\/10.54937\/ssf.2024.23.3.134-145\">https:\/\/doi.org\/10.54937\/ssf.2024.23.3.134-145<\/a><\/span><\/p>\n<p><strong><span style=\"font-size: 12pt;\">Milan Ligo\u0161<\/span><\/strong><br \/>\n<span style=\"font-size: 12pt;\"><a href=\"http:\/\/studiascientifica.ku.sk\/wp-content\/uploads\/2024\/08\/17_ligos_ssf_3_2024.pdf\">Tri\u00e1da v podlo\u017e\u00ed te\u00f3rie a praxe vyu\u010dovania sloven\u010diny ako materinsk\u00e9ho jazyka (nielen vo v\u00fdu\u010dbe)<\/a> (.pdf)<\/span><br \/>\n<span style=\"font-size: 12pt;\">DOI: <a href=\"https:\/\/doi.org\/10.54937\/ssf.2024.23.3.146-162\">https:\/\/doi.org\/10.54937\/ssf.2024.23.3.146-162<\/a><\/span><\/p>\n<p><strong><span style=\"font-size: 12pt;\">Lucia Held\u00e1kov\u00e1<\/span><\/strong><br \/>\n<span style=\"font-size: 12pt;\"><a href=\"http:\/\/studiascientifica.ku.sk\/wp-content\/uploads\/2024\/08\/18_heldakova_ssf_3_2024.pdf\">Sk\u00famanie implement\u00e1cie koncepci\u00ed na rozvoj slovensk\u00e9ho \u0161kolstva v Ma\u010farsku<\/a> (.pdf)<\/span><br \/>\n<span style=\"font-size: 12pt;\">DOI: <a href=\"https:\/\/doi.org\/10.54937\/ssf.2024.23.3.163-173\">https:\/\/doi.org\/10.54937\/ssf.2024.23.3.163-173<\/a><\/span><\/p>\n","protected":false},"excerpt":{"rendered":"<p>Studia Scientifica Facultatis Paedagogicae Universitas Catholica Ru\u017eomberok \u2013 cel\u00e9 \u010d\u00edslo 3\/2024 Fulltext \u2013 cel\u00e9 \u010d\u00edslo 3\/2024 (.pdf) Rok vydania: 2024 Vydavate\u013e: VERBUM \u2013 vydavate\u013estvo Katol\u00edckej univerzity v Ru\u017eomberku ISSN: 1336-2232 URL \u010dasopisu:\u00a0http:\/\/studiascientifica.ku.sk\/ &nbsp; OBSAH\/CONTENTS: J\u00e1n Danek Bezpe\u010dnos\u0165 \u0161kolsk\u00e9ho prostredia \u2013 vonkaj\u0161ie a vn\u00fatorn\u00e9 vplyvy (.pdf) DOI: https:\/\/doi.org\/10.54937\/ssf.2024.23.3.9-18 Ingrid Emmerov\u00e1 Bezpe\u010dnos\u0165 \u0161kolsk\u00e9ho prostredia \u2013 s\u00fa\u010dasn\u00fd stav [&hellip;]<\/p>\n","protected":false},"author":1,"featured_media":0,"parent":0,"menu_order":0,"comment_status":"closed","ping_status":"closed","template":"","meta":{"loftloader_page_shortcode":"","footnotes":""},"class_list":["post-559","page","type-page","status-publish","hentry"],"_links":{"self":[{"href":"https:\/\/studiascientifica.ku.sk\/en\/wp-json\/wp\/v2\/pages\/559","targetHints":{"allow":["GET"]}}],"collection":[{"href":"https:\/\/studiascientifica.ku.sk\/en\/wp-json\/wp\/v2\/pages"}],"about":[{"href":"https:\/\/studiascientifica.ku.sk\/en\/wp-json\/wp\/v2\/types\/page"}],"author":[{"embeddable":true,"href":"https:\/\/studiascientifica.ku.sk\/en\/wp-json\/wp\/v2\/users\/1"}],"replies":[{"embeddable":true,"href":"https:\/\/studiascientifica.ku.sk\/en\/wp-json\/wp\/v2\/comments?post=559"}],"version-history":[{"count":2,"href":"https:\/\/studiascientifica.ku.sk\/en\/wp-json\/wp\/v2\/pages\/559\/revisions"}],"predecessor-version":[{"id":564,"href":"https:\/\/studiascientifica.ku.sk\/en\/wp-json\/wp\/v2\/pages\/559\/revisions\/564"}],"wp:attachment":[{"href":"https:\/\/studiascientifica.ku.sk\/en\/wp-json\/wp\/v2\/media?parent=559"}],"curies":[{"name":"wp","href":"https:\/\/api.w.org\/{rel}","templated":true}]}}