{"id":541,"date":"2024-04-24T14:24:35","date_gmt":"2024-04-24T12:24:35","guid":{"rendered":"http:\/\/studiascientifica.ku.sk\/en\/?page_id=541"},"modified":"2024-04-30T09:52:21","modified_gmt":"2024-04-30T07:52:21","slug":"studia-scientifica-facultatis-paedagogicae-universitas-catholica-ruzomberok-1-2024","status":"publish","type":"page","link":"https:\/\/studiascientifica.ku.sk\/en\/studia-scientifica-facultatis-paedagogicae-universitas-catholica-ruzomberok-1-2024\/","title":{"rendered":"Studia Scientifica Facultatis Paedagogicae Universitas Catholica Ru\u017eomberok 1\/2024"},"content":{"rendered":"<p><strong><span style=\"font-size: 12pt;\">Studia Scientifica Facultatis Paedagogicae Universitas Catholica Ru\u017eomberok \u2013 cel\u00e9 \u010d\u00edslo 1\/2024<\/span><\/strong><\/p>\n<p><span style=\"font-size: 12pt;\"><a href=\"http:\/\/studiascientifica.ku.sk\/wp-content\/uploads\/2024\/04\/ssf_1_24_s_obalkou.pdf\"><strong>Fulltext \u2013 cel\u00e9 \u010d\u00edslo 1\/2024<\/strong><\/a>\u00a0(.pdf)<\/span><\/p>\n<p><span style=\"font-size: 12pt;\"><strong>Rok vydania:<\/strong> 2024<\/span><\/p>\n<p><span style=\"font-size: 12pt;\"><strong>Vydavate\u013e:<\/strong> VERBUM \u2013 vydavate\u013estvo Katol\u00edckej univerzity v Ru\u017eomberku<\/span><\/p>\n<p><span style=\"font-size: 12pt;\"><strong>ISSN:<\/strong> 1336-2232<\/span><\/p>\n<p><span style=\"font-size: 12pt;\"><strong>URL \u010dasopisu:<\/strong>\u00a0<a href=\"http:\/\/studiascientifica.ku.sk\/\">http:\/\/studiascientifica.ku.sk\/<\/a><\/span><\/p>\n<p>&nbsp;<\/p>\n<p><span style=\"font-size: 12pt;\"><strong>OBSAH\/CONTENTS:<\/strong><\/span><\/p>\n<p><span style=\"font-size: 12pt;\"><strong>Stanislav Kone\u010dn\u00fd<\/strong><\/span><br \/>\n<span style=\"font-size: 12pt;\"><a href=\"http:\/\/studiascientifica.ku.sk\/wp-content\/uploads\/2024\/04\/01_konecny_ssf_1_2024.pdf\">U\u010denie a vzdel\u00e1vanie<\/a> (.pdf)<\/span><br \/>\n<span style=\"font-size: 12pt;\">DOI: <a href=\"https:\/\/doi.org\/10.54937\/ssf.2024.23.1.11-22\">https:\/\/doi.org\/10.54937\/ssf.2024.23.1.11-22<\/a><\/span><\/p>\n<p><span style=\"font-size: 12pt;\"><strong>Katar\u00edna Moln\u00e1rov\u00e1 Letovancov\u00e1, Miriam Slan\u00e1<\/strong><\/span><br \/>\n<span style=\"font-size: 12pt;\"><a href=\"http:\/\/studiascientifica.ku.sk\/wp-content\/uploads\/2024\/04\/02_molnarova_letovancova_slana_ssf_1_2024.pdf\">Spolupr\u00e1ca rodi\u010d \u2013 \u0161kola ako faktor ovplyv\u0148uj\u00faci proces tranz\u00edcie die\u0165a\u0165a so zdravotn\u00fdm postihnut\u00edm do vzdel\u00e1vacieho syst\u00e9mu<\/a> (.pdf)<\/span><br \/>\n<span style=\"font-size: 12pt;\">DOI: <a href=\"https:\/\/doi.org\/10.54937\/ssf.2024.23.1.23-36\">https:\/\/doi.org\/10.54937\/ssf.2024.23.1.23-36<\/a><\/span><\/p>\n<p><span style=\"font-size: 12pt;\"><strong>Gabriela Siv\u00e1kov\u00e1<\/strong><\/span><br \/>\n<span style=\"font-size: 12pt;\"><a href=\"http:\/\/studiascientifica.ku.sk\/wp-content\/uploads\/2024\/04\/03_sivakova_ssf_1_2024.pdf\">Triedny u\u010dite\u013e ako \u010dinite\u013e komunika\u010dnej s\u00fadr\u017enosti pre \u00faspe\u0161n\u00fa spolupr\u00e1cu rodiny a \u0161koly<\/a> (.pdf)<\/span><br \/>\n<span style=\"font-size: 12pt;\">DOI: <a href=\"https:\/\/doi.org\/10.54937\/ssf.2024.23.1.37-44\">https:\/\/doi.org\/10.54937\/ssf.2024.23.1.37-44<\/a><\/span><\/p>\n<p><span style=\"font-size: 12pt;\"><strong>Slavom\u00edra Bellov\u00e1<\/strong><\/span><br \/>\n<span style=\"font-size: 12pt;\"><a href=\"http:\/\/studiascientifica.ku.sk\/wp-content\/uploads\/2024\/04\/04_bellova_ssf_1_2024.pdf\">Identifik\u00e1cia probl\u00e9mov vychov\u00e1vate\u013eov v \u0161kolskom klube det\u00ed<\/a> (.pdf)<\/span><br \/>\n<span style=\"font-size: 12pt;\">DOI: <a href=\"https:\/\/doi.org\/10.54937\/ssf.2024.23.1.45-50\">https:\/\/doi.org\/10.54937\/ssf.2024.23.1.45-50<\/a><\/span><\/p>\n<p><span style=\"font-size: 12pt;\"><strong>Vlasta Belkov\u00e1<\/strong><\/span><br \/>\n<span style=\"font-size: 12pt;\"><a href=\"http:\/\/studiascientifica.ku.sk\/wp-content\/uploads\/2024\/04\/05_belkova_ssf_1_2024.pdf\">Pedagogick\u00fd asistent a jeho particip\u00e1cia na rie\u0161en\u00ed probl\u00e9mov v \u0161kolskom prostred\u00ed<\/a> (.pdf)<\/span><br \/>\n<span style=\"font-size: 12pt;\">DOI: <a href=\"https:\/\/doi.org\/10.54937\/ssf.2024.23.1.51-59\">https:\/\/doi.org\/10.54937\/ssf.2024.23.1.51-59<\/a><\/span><\/p>\n<p><span style=\"font-size: 12pt;\"><strong>M\u00e1ria Slav\u00ed\u010dkov\u00e1, Barbora Vodi\u010dkov\u00e1<\/strong><\/span><br \/>\n<span style=\"font-size: 12pt;\"><a href=\"http:\/\/studiascientifica.ku.sk\/wp-content\/uploads\/2024\/04\/06_slavickova_vodickova_ssf_1_2024.pdf\">Podporn\u00e9 mechanizmy \u0161koly ako in\u0161tit\u00facie v inkluz\u00edvnom matematickom vzdel\u00e1van\u00ed<\/a> (.pdf)<\/span><br \/>\n<span style=\"font-size: 12pt;\">DOI: <a href=\"https:\/\/doi.org\/10.54937\/ssf.2024.23.1.60-73\">https:\/\/doi.org\/10.54937\/ssf.2024.23.1.60-73<\/a><\/span><\/p>\n<p><span style=\"font-size: 12pt;\"><strong>Monika Homolov\u00e1<\/strong><\/span><br \/>\n<span style=\"font-size: 12pt;\"><a href=\"http:\/\/studiascientifica.ku.sk\/wp-content\/uploads\/2024\/04\/07_homolova_ssf_1_2024.pdf\">Eliminovanie ne\u017eiad\u00faceho spr\u00e1vania \u017eiakov vo\u010di u\u010dite\u013eovi<\/a> (.pdf)<\/span><br \/>\n<span style=\"font-size: 12pt;\">DOI: <a href=\"https:\/\/doi.org\/10.54937\/ssf.2024.23.1.74-79\">https:\/\/doi.org\/10.54937\/ssf.2024.23.1.74-79<\/a><\/span><\/p>\n<p><span style=\"font-size: 12pt;\"><strong>Martina Magov\u00e1<\/strong><\/span><br \/>\n<span style=\"font-size: 12pt;\"><a href=\"http:\/\/studiascientifica.ku.sk\/wp-content\/uploads\/2024\/04\/08_magova_ssf_1_2024.pdf\">Rozv\u00edjanie expres\u00edvnej a recept\u00edvnej zlo\u017eky jazykov\u00fdch zru\u010dnost\u00ed u det\u00ed s poruchou autistick\u00e9ho spektra<\/a> (.pdf)<\/span><br \/>\n<span style=\"font-size: 12pt;\">DOI: <a href=\"https:\/\/doi.org\/10.54937\/ssf.2024.23.1.80-85\">https:\/\/doi.org\/10.54937\/ssf.2024.23.1.80-85<\/a><\/span><\/p>\n<p><span style=\"font-size: 12pt;\"><strong>Lucia Bundov\u00e1, Dagmar Nem\u010dek<\/strong><\/span><br \/>\n<span style=\"font-size: 12pt;\"><a href=\"http:\/\/studiascientifica.ku.sk\/wp-content\/uploads\/2024\/04\/09_bundova_nemcek_ssf_1_2024.pdf\">Sk\u00fasenosti u\u010dite\u013eov so za\u010dlenen\u00edm \u017eiakov s poruchami autistick\u00e9ho spektra do inkluz\u00edvnej telesnej a \u0161portovej v\u00fdchovy<\/a> (.pdf)<\/span><br \/>\n<span style=\"font-size: 12pt;\">DOI: <a href=\"https:\/\/doi.org\/10.54937\/ssf.2024.23.1.86-99\">https:\/\/doi.org\/10.54937\/ssf.2024.23.1.86-99<\/a><\/span><\/p>\n<p><span style=\"font-size: 12pt;\"><strong>Be\u00e1ta Po\u0161tekov\u00e1, Luk\u00e1\u0161 \u0160vajlenin<\/strong><\/span><br \/>\n<span style=\"font-size: 12pt;\"><a href=\"http:\/\/studiascientifica.ku.sk\/wp-content\/uploads\/2024\/04\/10_postekova_svajlenin_ssf_1_2024.pdf\">Rozv\u00edjanie komunik\u00e1cie a jazykov\u00fdch kompetenci\u00ed prostredn\u00edctvom liter\u00e1rnej v\u00fdchovy a tvoriv\u00fdch aktiv\u00edt<\/a> (.pdf)<\/span><br \/>\n<span style=\"font-size: 12pt;\">DOI: <a href=\"https:\/\/doi.org\/10.54937\/ssf.2024.23.1.100-108\">https:\/\/doi.org\/10.54937\/ssf.2024.23.1.100-108<\/a><\/span><\/p>\n<p><span style=\"font-size: 12pt;\"><strong>Martina Magov\u00e1, Barbora Kov\u00e1\u010dov\u00e1<\/strong><\/span><br \/>\n<span style=\"font-size: 12pt;\"><a href=\"http:\/\/studiascientifica.ku.sk\/wp-content\/uploads\/2024\/04\/11_magova_kovacova_ssf_1_2024.pdf\">Podpora rozv\u00edjania komunika\u010dn\u00fdch zru\u010dnost\u00ed u jednotlivcov s ment\u00e1lnym postihnut\u00edm prostredn\u00edctvom alternat\u00edvnej a augmentat\u00edvnej komunik\u00e1cie<\/a> (.pdf)<\/span><br \/>\n<span style=\"font-size: 12pt;\">DOI: <a href=\"https:\/\/doi.org\/10.54937\/ssf.2024.23.1.109-118\">https:\/\/doi.org\/10.54937\/ssf.2024.23.1.109-118<\/a><\/span><\/p>\n<p><span style=\"font-size: 12pt;\"><strong>Kvetoslava Kotrbov\u00e1<\/strong><\/span><br \/>\n<span style=\"font-size: 12pt;\"><a href=\"http:\/\/studiascientifica.ku.sk\/wp-content\/uploads\/2024\/04\/12_kotrbova_ssf_1_2024.pdf\">Publicistick\u00e9 \u017e\u00e1nre v biblioterapii<\/a> (.pdf)<\/span><br \/>\n<span style=\"font-size: 12pt;\">DOI: <a href=\"https:\/\/doi.org\/10.54937\/ssf.2024.23.1.119-135\">https:\/\/doi.org\/10.54937\/ssf.2024.23.1.119-135<\/a><\/span><\/p>\n<p><span style=\"font-size: 12pt;\"><strong>Paula Mali\u0148\u00e1kov\u00e1<\/strong><\/span><br \/>\n<span style=\"font-size: 12pt;\"><a href=\"http:\/\/studiascientifica.ku.sk\/wp-content\/uploads\/2024\/04\/13_malinakova_ssf_1_2024.pdf\">Teoretick\u00e9 v\u00fdchodisk\u00e1 neverb\u00e1lnej komunik\u00e1cie obrazov vo vn\u00edman\u00ed ak\u010dnej tvorby v umen\u00ed<\/a> (.pdf)<\/span><br \/>\n<span style=\"font-size: 12pt;\">DOI: <a href=\"https:\/\/doi.org\/10.54937\/ssf.2024.23.1.136-143\">https:\/\/doi.org\/10.54937\/ssf.2024.23.1.136-143<\/a><\/span><\/p>\n<p><span style=\"font-size: 12pt;\"><strong>Daniela Valachov\u00e1<\/strong><\/span><br \/>\n<span style=\"font-size: 12pt;\"><a href=\"http:\/\/studiascientifica.ku.sk\/wp-content\/uploads\/2024\/04\/14_valachova_ssf_1_2024.pdf\">V\u00fdtvarn\u00e1 komunik\u00e1cia v ak\u010dnej tvorbe<\/a> (.pdf)<\/span><br \/>\n<span style=\"font-size: 12pt;\">DOI: <a href=\"https:\/\/doi.org\/10.54937\/ssf.2024.23.1.144-153\">https:\/\/doi.org\/10.54937\/ssf.2024.23.1.144-153<\/a><\/span><\/p>\n<p><span style=\"font-size: 12pt;\"><strong>Barbora Kov\u00e1\u010dov\u00e1, Martina Magov\u00e1, Jana Hr\u010dov\u00e1<\/strong><\/span><br \/>\n<span style=\"font-size: 12pt;\"><a href=\"http:\/\/studiascientifica.ku.sk\/wp-content\/uploads\/2024\/04\/15_kovacova_magova_hrcova_ssf_1_2024.pdf\">Podpora soci\u00e1lnej komunik\u00e1cie v cielenej pohybovej dramatiz\u00e1cii \u017eiakov s poruchou autistick\u00e9ho spektra<\/a> (.pdf)<\/span><br \/>\n<span style=\"font-size: 12pt;\">DOI: <a href=\"https:\/\/doi.org\/10.54937\/ssf.2024.23.1.154-165\">https:\/\/doi.org\/10.54937\/ssf.2024.23.1.154-165<\/a><\/span><\/p>\n<p><span style=\"font-size: 12pt;\"><strong>Jana Doar\u00e9<\/strong><\/span><br \/>\n<span style=\"font-size: 12pt;\"><a href=\"http:\/\/studiascientifica.ku.sk\/wp-content\/uploads\/2024\/04\/16_doare_ssf_1_2024.pdf\">Teoretick\u00fd z\u00e1klad humoru vo vz\u0165ahu k marketingovej komunik\u00e1cii<\/a> (.pdf)<\/span><br \/>\n<span style=\"font-size: 12pt;\">DOI: <a href=\"https:\/\/doi.org\/10.54937\/ssf.2024.23.1.166-175\">https:\/\/doi.org\/10.54937\/ssf.2024.23.1.166-175<\/a><\/span><\/p>\n<p><span style=\"font-size: 12pt;\"><strong>Lenka Matej\u010dikov\u00e1, Zuzana Semri\u010dov\u00e1<\/strong><\/span><br \/>\n<span style=\"font-size: 12pt;\"><a href=\"http:\/\/studiascientifica.ku.sk\/wp-content\/uploads\/2024\/04\/17_matejcikova_semricova_ssf_1_2024.pdf\">Anal\u00fdza gradovan\u00fdch kariet pou\u017e\u00edvan\u00fdch na vyu\u010dovan\u00ed matematiky Hejn\u00e9ho met\u00f3dou v prvom ro\u010dn\u00edku<\/a> (.pdf)<\/span><br \/>\n<span style=\"font-size: 12pt;\">DOI: <a href=\"https:\/\/doi.org\/10.54937\/ssf.2024.23.1.176-184\">https:\/\/doi.org\/10.54937\/ssf.2024.23.1.176-184<\/a><\/span><\/p>\n<p><span style=\"font-size: 12pt;\"><strong>Be\u00e1ta Po\u0161tekov\u00e1<\/strong><\/span><br \/>\n<span style=\"font-size: 12pt;\"><a href=\"http:\/\/studiascientifica.ku.sk\/wp-content\/uploads\/2024\/04\/18_postekova_ssf_1_2024.pdf\">Kooperat\u00edvne vyu\u010dovanie na hodin\u00e1ch matematiky z\u00e1kladn\u00fdch \u0161k\u00f4l \u2013 vyu\u017e\u00edvanie, frekvencia, n\u00e1zory u\u010dite\u013eov<\/a> (.pdf)<\/span><br \/>\n<span style=\"font-size: 12pt;\">DOI: <a href=\"https:\/\/doi.org\/10.54937\/ssf.2024.23.1.185-194\">https:\/\/doi.org\/10.54937\/ssf.2024.23.1.185-194<\/a><\/span><\/p>\n<p><span style=\"font-size: 12pt;\"><strong>Milan Ligo\u0161<\/strong><\/span><br \/>\n<span style=\"font-size: 12pt;\"><a href=\"http:\/\/studiascientifica.ku.sk\/wp-content\/uploads\/2024\/04\/19_ligos_ssf_1_2024.pdf\">Tri\u00e1da v podlo\u017e\u00ed sveta, \u010dloveka, jazyka a komunik\u00e1cie<\/a> (.pdf)<\/span><br \/>\n<span style=\"font-size: 12pt;\">DOI: <a href=\"https:\/\/doi.org\/10.54937\/ssf.2024.23.1.195-212\">https:\/\/doi.org\/10.54937\/ssf.2024.23.1.195-212<\/a><\/span><\/p>\n<p><span style=\"font-size: 12pt;\"><strong>M\u00e1ria \u010eurkovsk\u00e1<\/strong><\/span><br \/>\n<span style=\"font-size: 12pt;\"><a href=\"http:\/\/studiascientifica.ku.sk\/wp-content\/uploads\/2024\/04\/20_durkovska_ssf_1_2024.pdf\">Pou\u017e\u00edvanie IKT pom\u00f4cok pri v\u00fdu\u010dbe u u\u010dite\u013eov v slovensk\u00fdch n\u00e1rodnostn\u00fdch \u0161kol\u00e1ch v Ma\u010farsku<\/a> (.pdf)<\/span><br \/>\n<span style=\"font-size: 12pt;\">DOI: <a href=\"https:\/\/doi.org\/10.54937\/ssf.2024.23.1.213-226\">https:\/\/doi.org\/10.54937\/ssf.2024.23.1.213-226<\/a><\/span><\/p>\n<p><span style=\"font-size: 12pt;\"><strong>Zuzana Fe\u010dikov\u00e1<\/strong><\/span><br \/>\n<span style=\"font-size: 12pt;\"><a href=\"http:\/\/studiascientifica.ku.sk\/wp-content\/uploads\/2024\/04\/21_fecikova_ssf_1_2024.pdf\">Eduka\u010dn\u00e9 programy so zameran\u00edm na v\u00fdchovu k zdraviu na prim\u00e1rnom stupni vzdel\u00e1vania s akcentom na racion\u00e1lnu v\u00fd\u017eivu<\/a> (.pdf)<\/span><br \/>\n<span style=\"font-size: 12pt;\">DOI: <a href=\"https:\/\/doi.org\/10.54937\/ssf.2024.23.1.227-234\">https:\/\/doi.org\/10.54937\/ssf.2024.23.1.227-234<\/a><\/span><\/p>\n<p><span style=\"font-size: 12pt;\"><strong>Tom\u00e1\u0161 Hamar, M\u00e1ria \u0160ibalov\u00e1<\/strong><\/span><br \/>\n<span style=\"font-size: 12pt;\"><a href=\"http:\/\/studiascientifica.ku.sk\/wp-content\/uploads\/2024\/04\/22_hamar_sibalova_ssf_1_2024.pdf\">V\u00fdchovn\u00e1 zlo\u017eka v u\u010debnici J\u00faliusa \u0160pa\u0148\u00e1ra \u201eLatin\u010dina pre gymn\u00e1zi\u00e1\u201c<\/a> (.pdf)<\/span><br \/>\n<span style=\"font-size: 12pt;\">DOI: <a href=\"https:\/\/doi.org\/10.54937\/ssf.2024.23.1.235-250\">https:\/\/doi.org\/10.54937\/ssf.2024.23.1.235-250<\/a><\/span><\/p>\n<p><span style=\"font-size: 12pt;\"><strong>Jan Tirp\u00e1k, Zden\u011bk Svoboda, Krist\u00fdna Volfov\u00e1, Kate\u0159ina \u0158imn\u00e1\u010dov\u00e1<\/strong><\/span><br \/>\n<span style=\"font-size: 12pt;\"><a href=\"http:\/\/studiascientifica.ku.sk\/wp-content\/uploads\/2024\/04\/23_tirpak_a_kol_ssf_1_2024.pdf\">Soci\u00e1ln\u00ed znev\u00fdhodn\u011bn\u00ed jako faktor interakce mezi u\u010diteli a \u017e\u00e1ky<\/a> (.pdf)<\/span><br \/>\n<span style=\"font-size: 12pt;\">DOI: <a href=\"https:\/\/doi.org\/10.54937\/ssf.2024.23.1.251-264\">https:\/\/doi.org\/10.54937\/ssf.2024.23.1.251-264<\/a><\/span><\/p>\n","protected":false},"excerpt":{"rendered":"<p>Studia Scientifica Facultatis Paedagogicae Universitas Catholica Ru\u017eomberok \u2013 cel\u00e9 \u010d\u00edslo 1\/2024 Fulltext \u2013 cel\u00e9 \u010d\u00edslo 1\/2024\u00a0(.pdf) Rok vydania: 2024 Vydavate\u013e: VERBUM \u2013 vydavate\u013estvo Katol\u00edckej univerzity v Ru\u017eomberku ISSN: 1336-2232 URL \u010dasopisu:\u00a0http:\/\/studiascientifica.ku.sk\/ &nbsp; OBSAH\/CONTENTS: Stanislav Kone\u010dn\u00fd U\u010denie a vzdel\u00e1vanie (.pdf) DOI: https:\/\/doi.org\/10.54937\/ssf.2024.23.1.11-22 Katar\u00edna Moln\u00e1rov\u00e1 Letovancov\u00e1, Miriam Slan\u00e1 Spolupr\u00e1ca rodi\u010d \u2013 \u0161kola ako faktor ovplyv\u0148uj\u00faci proces tranz\u00edcie [&hellip;]<\/p>\n","protected":false},"author":1,"featured_media":0,"parent":0,"menu_order":0,"comment_status":"closed","ping_status":"closed","template":"","meta":{"loftloader_page_shortcode":"","footnotes":""},"class_list":["post-541","page","type-page","status-publish","hentry"],"_links":{"self":[{"href":"https:\/\/studiascientifica.ku.sk\/en\/wp-json\/wp\/v2\/pages\/541","targetHints":{"allow":["GET"]}}],"collection":[{"href":"https:\/\/studiascientifica.ku.sk\/en\/wp-json\/wp\/v2\/pages"}],"about":[{"href":"https:\/\/studiascientifica.ku.sk\/en\/wp-json\/wp\/v2\/types\/page"}],"author":[{"embeddable":true,"href":"https:\/\/studiascientifica.ku.sk\/en\/wp-json\/wp\/v2\/users\/1"}],"replies":[{"embeddable":true,"href":"https:\/\/studiascientifica.ku.sk\/en\/wp-json\/wp\/v2\/comments?post=541"}],"version-history":[{"count":2,"href":"https:\/\/studiascientifica.ku.sk\/en\/wp-json\/wp\/v2\/pages\/541\/revisions"}],"predecessor-version":[{"id":548,"href":"https:\/\/studiascientifica.ku.sk\/en\/wp-json\/wp\/v2\/pages\/541\/revisions\/548"}],"wp:attachment":[{"href":"https:\/\/studiascientifica.ku.sk\/en\/wp-json\/wp\/v2\/media?parent=541"}],"curies":[{"name":"wp","href":"https:\/\/api.w.org\/{rel}","templated":true}]}}