{"id":500,"date":"2023-05-23T12:58:50","date_gmt":"2023-05-23T10:58:50","guid":{"rendered":"http:\/\/studiascientifica.ku.sk\/en\/?page_id=500"},"modified":"2023-05-23T13:04:23","modified_gmt":"2023-05-23T11:04:23","slug":"studia-scientifica-facultatis-paedagogicae-universitas-catholica-ruzomberok-2-2023","status":"publish","type":"page","link":"https:\/\/studiascientifica.ku.sk\/en\/studia-scientifica-facultatis-paedagogicae-universitas-catholica-ruzomberok-2-2023\/","title":{"rendered":"Studia Scientifica Facultatis Paedagogicae Universitas Catholica Ru\u017eomberok 2\/2023"},"content":{"rendered":"<p><span style=\"color: #ff0000; font-size: 12pt;\"><strong>Studia Scientifica Facultatis Paedagogicae Universitas Catholica Ru\u017eomberok \u2013 cel\u00e9 \u010d\u00edslo 2\/2023<\/strong><\/span><\/p>\n<p><span style=\"font-size: 12pt;\"><a href=\"http:\/\/studiascientifica.ku.sk\/wp-content\/uploads\/2023\/05\/ssf_2_23_s_obalkou.pdf\"><span style=\"color: #ff0000;\"><strong>Fulltext \u2013 cel\u00e9 \u010d\u00edslo 2\/202<\/strong><strong>3 <\/strong><\/span><\/a>(.pdf)<\/span><\/p>\n<p><span style=\"font-size: 12pt;\"><strong>Rok vydania:<\/strong> 2023<\/span><\/p>\n<p><span style=\"font-size: 12pt;\"><strong>Vydavate\u013e:<\/strong> VERBUM \u2013 vydavate\u013estvo Katol\u00edckej univerzity v Ru\u017eomberku<\/span><\/p>\n<p><span style=\"font-size: 12pt;\"><strong>ISSN:<\/strong> 1336-2232<\/span><\/p>\n<p><span style=\"font-size: 12pt;\"><strong>URL \u010dasopisu:<\/strong> <a href=\"http:\/\/studiascientifica.ku.sk\">http:\/\/studiascientifica.ku.sk<\/a><\/span><\/p>\n<p>&nbsp;<\/p>\n<p><span style=\"font-size: 12pt;\"><strong>OBSAH\/CONTENTS:<\/strong><\/span><\/p>\n<p><strong><span style=\"font-size: 12pt;\">Anna Hudecov\u00e1<\/span><\/strong><br \/>\n<span style=\"font-size: 12pt;\"><a href=\"http:\/\/studiascientifica.ku.sk\/wp-content\/uploads\/2023\/05\/01_hudecova_ssf_2_2023.pdf\">Rodinn\u00e1 reziliencia ako jeden z pr\u00edstupov zvl\u00e1dania z\u00e1\u0165a\u017ee<\/a> (.pdf)<\/span><br \/>\n<span style=\"font-size: 12pt;\">DOI: <a href=\"https:\/\/doi.org\/10.54937\/ssf.2023.22.2.9-13\">https:\/\/doi.org\/10.54937\/ssf.2023.22.2.9-13<\/a><\/span><\/p>\n<p><strong><span style=\"font-size: 12pt;\">Jana Hr\u010dov\u00e1<\/span><\/strong><br \/>\n<span style=\"font-size: 12pt;\"><a href=\"http:\/\/studiascientifica.ku.sk\/wp-content\/uploads\/2023\/05\/02_hrcova_ssf_2_2023.pdf\">V\u010dasn\u00e1 intervencia u det\u00ed s poruchami autistick\u00e9ho spektra a ich rod\u00edn<\/a> (.pdf)<\/span><br \/>\n<span style=\"font-size: 12pt;\">DOI: <a href=\"https:\/\/doi.org\/10.54937\/ssf.2023.22.2.14-22\">https:\/\/doi.org\/10.54937\/ssf.2023.22.2.14-22<\/a><\/span><\/p>\n<p><strong><span style=\"font-size: 12pt;\">Barbora Vodi\u010dkov\u00e1<\/span><\/strong><br \/>\n<span style=\"font-size: 12pt;\"><a href=\"http:\/\/studiascientifica.ku.sk\/wp-content\/uploads\/2023\/05\/03_vodickova_ssf_2_2023.pdf\">Poruchy fet\u00e1lneho alkoholov\u00e9ho spektra u det\u00ed v obdob\u00ed ran\u00e9ho veku<\/a> (.pdf)<\/span><br \/>\n<span style=\"font-size: 12pt;\">DOI: <a href=\"https:\/\/doi.org\/10.54937\/ssf.2023.22.2.23-35\">https:\/\/doi.org\/10.54937\/ssf.2023.22.2.23-35<\/a><\/span><\/p>\n<p><strong><span style=\"font-size: 12pt;\">Barbara Vale\u0161ov\u00e1 Malecov\u00e1<\/span><\/strong><br \/>\n<span style=\"font-size: 12pt;\"><a href=\"http:\/\/studiascientifica.ku.sk\/wp-content\/uploads\/2023\/05\/04_valesova_malecova_ssf_2_2023.pdf\">Rozvoj emocion\u00e1lnej kompetencie ako predpoklad budovania inkluz\u00edvneho povedomia<\/a> (.pdf)<\/span><br \/>\n<span style=\"font-size: 12pt;\">DOI: <a href=\"https:\/\/doi.org\/10.54937\/ssf.2023.22.2.36-47\">https:\/\/doi.org\/10.54937\/ssf.2023.22.2.36-47<\/a><\/span><\/p>\n<p><strong><span style=\"font-size: 12pt;\">Zuzana F\u00e1bry Luck\u00e1<\/span><\/strong><br \/>\n<span style=\"font-size: 12pt;\"><a href=\"http:\/\/studiascientifica.ku.sk\/wp-content\/uploads\/2023\/05\/05_fabry_lucka_ssf_2_2023.pdf\">Podpora die\u0165a\u0165a s osobitos\u0165ami v pohybovom prejave<\/a> (.pdf)<\/span><br \/>\n<span style=\"font-size: 12pt;\">DOI: <a href=\"https:\/\/doi.org\/10.54937\/ssf.2023.22.2.48-55\">https:\/\/doi.org\/10.54937\/ssf.2023.22.2.48-55<\/a><\/span><\/p>\n<p><strong><span style=\"font-size: 12pt;\">M\u00e1ria Habalov\u00e1<\/span><\/strong><br \/>\n<span style=\"font-size: 12pt;\"><a href=\"http:\/\/studiascientifica.ku.sk\/wp-content\/uploads\/2023\/05\/06_habalova_ssf_2_2023.pdf\">Faktory napom\u00e1haj\u00face rozvoju sebaregul\u00e1cie u det\u00ed<\/a> (.pdf)<\/span><br \/>\n<span style=\"font-size: 12pt;\">DOI: <a href=\"https:\/\/doi.org\/10.54937\/ssf.2023.22.2.56-69\">https:\/\/doi.org\/10.54937\/ssf.2023.22.2.56-69<\/a><\/span><\/p>\n<p><strong><span style=\"font-size: 12pt;\">Barbora Kov\u00e1\u010dov\u00e1, Zuzana Trefn\u00e1<\/span><\/strong><br \/>\n<span style=\"font-size: 12pt;\"><a href=\"http:\/\/studiascientifica.ku.sk\/wp-content\/uploads\/2023\/05\/07_kovacova_trefna_ssf_2_2023.pdf\">Anal\u00fdza kresby v kontexte v\u00fdvinu die\u0165a\u0165a s Aspergerov\u00fdm syndr\u00f3mom<\/a> (.pdf)<\/span><br \/>\n<span style=\"font-size: 12pt;\">DOI: <a href=\"https:\/\/doi.org\/10.54937\/ssf.2023.22.2.70-82\">https:\/\/doi.org\/10.54937\/ssf.2023.22.2.70-82<\/a><\/span><\/p>\n<p><strong><span style=\"font-size: 12pt;\">Daniela Valachov\u00e1<\/span><\/strong><br \/>\n<span style=\"font-size: 12pt;\"><a href=\"http:\/\/studiascientifica.ku.sk\/wp-content\/uploads\/2023\/05\/08_valachova_ssf_2_2023.pdf\">Prejavy agresie vo v\u00fdtvarnom prejave \u017eiakov mlad\u0161ieho \u0161kolsk\u00e9ho veku<\/a> (.pdf)<\/span><br \/>\n<span style=\"font-size: 12pt;\">DOI: <a href=\"https:\/\/doi.org\/10.54937\/ssf.2023.22.2.83-90\">https:\/\/doi.org\/10.54937\/ssf.2023.22.2.83-90<\/a><\/span><\/p>\n<p><strong><span style=\"font-size: 12pt;\">Martina Magov\u00e1<\/span><\/strong><br \/>\n<span style=\"font-size: 12pt;\"><a href=\"http:\/\/studiascientifica.ku.sk\/wp-content\/uploads\/2023\/05\/09_magova_ssf_2_2023.pdf\">Anal\u00fdza oblast\u00ed reeduk\u00e1cie u \u017eiakov s dysgrafiou<\/a> (.pdf)<\/span><br \/>\n<span style=\"font-size: 12pt;\">DOI: <a href=\"https:\/\/doi.org\/10.54937\/ssf.2023.22.2.91-100\">https:\/\/doi.org\/10.54937\/ssf.2023.22.2.91-100<\/a><\/span><\/p>\n<p><strong><span style=\"font-size: 12pt;\">Zuzana Ger\u0161icov\u00e1, Marina Mas\u00e1rikov\u00e1, Be\u00e1ta Ma\u010dov\u00e1, Gabriela Gabrhelov\u00e1<\/span><\/strong><br \/>\n<span style=\"font-size: 12pt;\"><a href=\"http:\/\/studiascientifica.ku.sk\/wp-content\/uploads\/2023\/05\/10_gersicova_a_kol_ssf_2_2023.pdf\">Prevencia \u0161ikanovania v \u0161kolskom prostred\u00ed formou z\u00e1\u017eitkov\u00fdch met\u00f3d pr\u00e1ce<\/a> (.pdf)<\/span><br \/>\n<span style=\"font-size: 12pt;\">DOI: <a href=\"https:\/\/doi.org\/10.54937\/ssf.2023.22.2.101-110\">https:\/\/doi.org\/10.54937\/ssf.2023.22.2.101-110<\/a><\/span><\/p>\n<p><strong><span style=\"font-size: 12pt;\">Janette Gubricov\u00e1, Tatiana Hus\u00e1rov\u00e1<\/span><\/strong><br \/>\n<span style=\"font-size: 12pt;\"><a href=\"http:\/\/studiascientifica.ku.sk\/wp-content\/uploads\/2023\/05\/11_gubricova_husarova_ssf_2_2023.pdf\">\u0160pecifik\u00e1 pr\u00edpravy detsk\u00e9ho t\u00e1bora pre deti so zdravotn\u00fdm znev\u00fdhodnen\u00edm<\/a> (.pdf)<\/span><br \/>\n<span style=\"font-size: 12pt;\">DOI: <a href=\"https:\/\/doi.org\/10.54937\/ssf.2023.22.2.111-119\">https:\/\/doi.org\/10.54937\/ssf.2023.22.2.111-119<\/a><\/span><\/p>\n<p><strong><span style=\"font-size: 12pt;\">Bo\u017eena \u0160v\u00e1bov\u00e1<\/span><\/strong><br \/>\n<span style=\"font-size: 12pt;\"><a href=\"http:\/\/studiascientifica.ku.sk\/wp-content\/uploads\/2023\/05\/12_svabova_ssf_2_2023.pdf\">Tvoriv\u00fd proces dramatickej hry rozv\u00edjaj\u00faci sociabilitu a emocionalitu die\u0165a\u0165a<\/a> (.pdf)<\/span><br \/>\n<span style=\"font-size: 12pt;\">DOI: <a href=\"https:\/\/doi.org\/10.54937\/ssf.2023.22.2.120-126\">https:\/\/doi.org\/10.54937\/ssf.2023.22.2.120-126<\/a><\/span><\/p>\n<p><strong><span style=\"font-size: 12pt;\">Hana Stadlerov\u00e1, Pavla Novotn\u00e1<\/span><\/strong><br \/>\n<span style=\"font-size: 12pt;\"><a href=\"http:\/\/studiascientifica.ku.sk\/wp-content\/uploads\/2023\/05\/13_stadlerova_novotna_ssf_2_2023.pdf\">Podpora d\u016fv\u011bry ve vlastn\u00ed tv\u016fr\u010d\u00ed potenci\u00e1l jako d\u016fle\u017eit\u00e1 sou\u010d\u00e1st profesn\u00ed p\u0159\u00edpravy u\u010ditel\u016f v\u00fdtvarn\u00e9 v\u00fdchovy v\u00a0preprim\u00e1rn\u00edm a prim\u00e1rn\u00edm vzd\u011bl\u00e1v\u00e1n\u00ed<\/a> (.pdf)<\/span><br \/>\n<span style=\"font-size: 12pt;\">DOI: <a href=\"https:\/\/doi.org\/10.54937\/ssf.2023.22.2.127-137\">https:\/\/doi.org\/10.54937\/ssf.2023.22.2.127-137<\/a><\/span><\/p>\n<p><strong><span style=\"font-size: 12pt;\">Viktor Hladush<\/span><\/strong><br \/>\n<span style=\"font-size: 12pt;\"><a href=\"http:\/\/studiascientifica.ku.sk\/wp-content\/uploads\/2023\/05\/14_hladush_ssf_2_2023.pdf\">\u0160pecifik\u00e1 v\u00fdskumn\u00fdch met\u00f3d v \u0161peci\u00e1lnej pedagogike<\/a> (.pdf)<\/span><br \/>\n<span style=\"font-size: 12pt;\">DOI: <a href=\"https:\/\/doi.org\/10.54937\/ssf.2023.22.2.138-150\">https:\/\/doi.org\/10.54937\/ssf.2023.22.2.138-150<\/a><\/span><\/p>\n","protected":false},"excerpt":{"rendered":"<p>Studia Scientifica Facultatis Paedagogicae Universitas Catholica Ru\u017eomberok \u2013 cel\u00e9 \u010d\u00edslo 2\/2023 Fulltext \u2013 cel\u00e9 \u010d\u00edslo 2\/2023 (.pdf) Rok vydania: 2023 Vydavate\u013e: VERBUM \u2013 vydavate\u013estvo Katol\u00edckej univerzity v Ru\u017eomberku ISSN: 1336-2232 URL \u010dasopisu: http:\/\/studiascientifica.ku.sk &nbsp; OBSAH\/CONTENTS: Anna Hudecov\u00e1 Rodinn\u00e1 reziliencia ako jeden z pr\u00edstupov zvl\u00e1dania z\u00e1\u0165a\u017ee (.pdf) DOI: https:\/\/doi.org\/10.54937\/ssf.2023.22.2.9-13 Jana Hr\u010dov\u00e1 V\u010dasn\u00e1 intervencia u det\u00ed s [&hellip;]<\/p>\n","protected":false},"author":1,"featured_media":0,"parent":0,"menu_order":0,"comment_status":"closed","ping_status":"closed","template":"","meta":{"loftloader_page_shortcode":"","footnotes":""},"class_list":["post-500","page","type-page","status-publish","hentry"],"_links":{"self":[{"href":"https:\/\/studiascientifica.ku.sk\/en\/wp-json\/wp\/v2\/pages\/500","targetHints":{"allow":["GET"]}}],"collection":[{"href":"https:\/\/studiascientifica.ku.sk\/en\/wp-json\/wp\/v2\/pages"}],"about":[{"href":"https:\/\/studiascientifica.ku.sk\/en\/wp-json\/wp\/v2\/types\/page"}],"author":[{"embeddable":true,"href":"https:\/\/studiascientifica.ku.sk\/en\/wp-json\/wp\/v2\/users\/1"}],"replies":[{"embeddable":true,"href":"https:\/\/studiascientifica.ku.sk\/en\/wp-json\/wp\/v2\/comments?post=500"}],"version-history":[{"count":2,"href":"https:\/\/studiascientifica.ku.sk\/en\/wp-json\/wp\/v2\/pages\/500\/revisions"}],"predecessor-version":[{"id":507,"href":"https:\/\/studiascientifica.ku.sk\/en\/wp-json\/wp\/v2\/pages\/500\/revisions\/507"}],"wp:attachment":[{"href":"https:\/\/studiascientifica.ku.sk\/en\/wp-json\/wp\/v2\/media?parent=500"}],"curies":[{"name":"wp","href":"https:\/\/api.w.org\/{rel}","templated":true}]}}