{"id":484,"date":"2023-02-20T14:12:41","date_gmt":"2023-02-20T13:12:41","guid":{"rendered":"http:\/\/studiascientifica.ku.sk\/en\/?page_id=484"},"modified":"2023-02-20T14:18:37","modified_gmt":"2023-02-20T13:18:37","slug":"studia-scientifica-facultatis-paedagogicae-universitas-catholica-ruzomberok-1-2023","status":"publish","type":"page","link":"https:\/\/studiascientifica.ku.sk\/en\/studia-scientifica-facultatis-paedagogicae-universitas-catholica-ruzomberok-1-2023\/","title":{"rendered":"Studia Scientifica Facultatis Paedagogicae Universitas Catholica Ru\u017eomberok 1\/2023"},"content":{"rendered":"<p><span style=\"color: #ff0000; font-size: 12pt;\"><strong>Studia Scientifica Facultatis Paedagogicae Universitas Catholica Ru\u017eomberok \u2013 cel\u00e9 \u010d\u00edslo 1\/2023<\/strong><\/span><\/p>\n<p><span style=\"font-size: 12pt;\"><a href=\"http:\/\/studiascientifica.ku.sk\/wp-content\/uploads\/2023\/02\/ssf_1_23_s_obalkou.pdf\"><span style=\"color: #ff0000;\"><strong>Fulltext \u2013 cel\u00e9 \u010d\u00edslo 1\/202<\/strong><strong>3 <\/strong><\/span><\/a>(.pdf)<\/span><\/p>\n<p><span style=\"font-size: 12pt;\"><strong>Rok vydania:<\/strong> 2023<\/span><\/p>\n<p><span style=\"font-size: 12pt;\"><strong>Vydavate\u013e:<\/strong> VERBUM \u2013 vydavate\u013estvo Katol\u00edckej univerzity v Ru\u017eomberku<\/span><\/p>\n<p><span style=\"font-size: 12pt;\"><strong>ISSN:<\/strong> 1336-2232<\/span><\/p>\n<p><span style=\"font-size: 12pt;\"><strong>URL \u010dasopisu:<\/strong> <a href=\"http:\/\/studiascientifica.ku.sk\/\"><span style=\"color: #ff0000;\">http:\/\/studiascientifica.ku.sk\/<\/span><\/a><\/span><\/p>\n<p>&nbsp;<\/p>\n<p><span style=\"font-size: 12pt;\"><strong>OBSAH\/CONTENTS:<\/strong><\/span><\/p>\n<p><span style=\"font-size: 12pt;\"><strong>Andrej Blaho<\/strong><\/span><br \/>\n<span style=\"font-size: 12pt;\"><a href=\"http:\/\/studiascientifica.ku.sk\/wp-content\/uploads\/2023\/02\/01_blaho_ssf_1_2023.pdf\"><span style=\"color: #ff0000;\">Nov\u00e1 met\u00f3da pre nov\u00fa informatiku<\/span><\/a> (.pdf)<\/span><br \/>\n<span style=\"font-size: 12pt;\">DOI: <a href=\"https:\/\/doi.org\/10.54937\/ssf.2023.22.1.7-17\">https:\/\/doi.org\/10.54937\/ssf.2023.22.1.7-17<\/a><\/span><\/p>\n<p><span style=\"font-size: 12pt;\"><strong>Viera Blahov\u00e1<\/strong><\/span><br \/>\n<span style=\"font-size: 12pt;\"><a href=\"http:\/\/studiascientifica.ku.sk\/wp-content\/uploads\/2023\/02\/02_blahova_ssf_1_2023.pdf\"><span style=\"color: #ff0000;\">Informatick\u00e9 myslenie na Slovensku a v Eur\u00f3pe<\/span><\/a> (.pdf)<\/span><br \/>\n<span style=\"font-size: 12pt;\">DOI: <a href=\"https:\/\/doi.org\/10.54937\/ssf.2023.22.1.18-25\">https:\/\/doi.org\/10.54937\/ssf.2023.22.1.18-25<\/a><\/span><\/p>\n<p><span style=\"font-size: 12pt;\"><strong>Luk\u00e1\u0161 C\u00edrus, Jana Mare\u010dkov\u00e1, Kl\u00e1ra Petr\u00e1\u0161kov\u00e1, Tereza Ne\u010dasov\u00e1<\/strong><\/span><br \/>\n<span style=\"font-size: 12pt;\"><a href=\"http:\/\/studiascientifica.ku.sk\/wp-content\/uploads\/2023\/02\/03_cirus_a_kol_ssf_1_2023.pdf\"><span style=\"color: #ff0000;\">Informatika jako nov\u00e1 oblast R\u00e1mcov\u00e9ho vzd\u011bl\u00e1vac\u00edho programu pro z\u00e1kladn\u00ed vzd\u011bl\u00e1v\u00e1n\u00ed na 1. stupni Z\u00e1kladn\u00edch \u0161kol v \u010cR<\/span><\/a> (.pdf)<\/span><br \/>\n<span style=\"font-size: 12pt;\">DOI: <a href=\"https:\/\/doi.org\/10.54937\/ssf.2023.22.1.26-32\">https:\/\/doi.org\/10.54937\/ssf.2023.22.1.26-32<\/a><\/span><\/p>\n<p><span style=\"font-size: 12pt;\"><strong>Anna Klim-Klimaszewska<\/strong><\/span><br \/>\n<span style=\"font-size: 12pt;\"><a href=\"http:\/\/studiascientifica.ku.sk\/wp-content\/uploads\/2023\/02\/04_klim_klimaszewska_ssf_1_2023.pdf\"><span style=\"color: #ff0000;\">Edukacja informatyczna w klasach I-III szko\u0142y podstawowej w Polsce<\/span><\/a> (.pdf)<\/span><br \/>\n<span style=\"font-size: 12pt;\">DOI: <a href=\"https:\/\/doi.org\/10.54937\/ssf.2023.22.1.33-44\">https:\/\/doi.org\/10.54937\/ssf.2023.22.1.33-44<\/a><\/span><\/p>\n<p><span style=\"font-size: 12pt;\"><strong>Stanis\u0142aw Juszczyk<\/strong><\/span><br \/>\n<span style=\"font-size: 12pt;\"><a href=\"http:\/\/studiascientifica.ku.sk\/wp-content\/uploads\/2023\/02\/05_juszczyk_ssf_1_2023.pdf\"><span style=\"color: #ff0000;\">Kompetencje cyfrowe nauczyciela wczesnoszkolnego w ramach paradygmatu Edukacja 4.0<\/span><\/a> (.pdf)<\/span><br \/>\n<span style=\"font-size: 12pt;\">DOI: <a href=\"https:\/\/doi.org\/10.54937\/ssf.2023.22.1.45-55\">https:\/\/doi.org\/10.54937\/ssf.2023.22.1.45-55<\/a><\/span><\/p>\n<p><span style=\"font-size: 12pt;\"><strong>Oleh Dorozhovets<\/strong><\/span><br \/>\n<span style=\"font-size: 12pt;\"><a href=\"http:\/\/studiascientifica.ku.sk\/wp-content\/uploads\/2023\/02\/06_dorozhovets_ssf_1_2023.pdf\"><span style=\"color: #ff0000;\">R\u00e1mce digit\u00e1lnych kompetenci\u00ed u\u010dite\u013ea prim\u00e1rneho vzdel\u00e1vania v kontexte eur\u00f3pskych projektov<\/span><\/a> (.pdf)<\/span><br \/>\n<span style=\"font-size: 12pt;\">DOI: <a href=\"https:\/\/doi.org\/10.54937\/ssf.2023.22.1.56-64\">https:\/\/doi.org\/10.54937\/ssf.2023.22.1.56-64<\/a><\/span><\/p>\n<p><span style=\"font-size: 12pt;\"><strong>Al\u017ebeta Kuljovsk\u00e1<\/strong><\/span><br \/>\n<span style=\"font-size: 12pt;\"><a href=\"http:\/\/studiascientifica.ku.sk\/wp-content\/uploads\/2023\/02\/07_kuljovska_ssf_1_2023.pdf\"><span style=\"color: #ff0000;\">Pr\u00e1ca u\u010dite\u013ea prim\u00e1rneho vzdel\u00e1vania s hardv\u00e9rom v kontexte sebahodnotenia a vyu\u017e\u00edvania v praxi<\/span> <\/a>(.pdf)<\/span><br \/>\n<span style=\"font-size: 12pt;\">DOI: <a href=\"https:\/\/doi.org\/10.54937\/ssf.2023.22.1.65-71\">https:\/\/doi.org\/10.54937\/ssf.2023.22.1.65-71<\/a><\/span><\/p>\n<p><span style=\"font-size: 12pt;\"><strong>M\u00e1ria Karasov\u00e1<\/strong><\/span><br \/>\n<span style=\"font-size: 12pt;\"><a href=\"http:\/\/studiascientifica.ku.sk\/wp-content\/uploads\/2023\/02\/08_karasova_ssf_1_2023.pdf\"><span style=\"color: #ff0000;\">Digit\u00e1lne kompetencie u\u010dite\u013ea prim\u00e1rneho vzdel\u00e1vania v oblasti pou\u017e\u00edvania softv\u00e9ru so zrete\u013eom na sebahodnotenie a vyu\u017e\u00edvanie v praxi<\/span><\/a> (.pdf)<\/span><br \/>\n<span style=\"font-size: 12pt;\">DOI: <a href=\"https:\/\/doi.org\/10.54937\/ssf.2023.22.1.72-79\">https:\/\/doi.org\/10.54937\/ssf.2023.22.1.72-79<\/a><\/span><\/p>\n<p><span style=\"font-size: 12pt;\"><strong>Eva Ko\u017eeluhov\u00e1, M\u00e1ria Vargov\u00e1<\/strong><\/span><br \/>\n<span style=\"font-size: 12pt;\"><a href=\"http:\/\/studiascientifica.ku.sk\/wp-content\/uploads\/2023\/02\/09_kozeluhova_vargova_ssf_1_2023.pdf\"><span style=\"color: #ff0000;\">Rozvoj digit\u00e1lnej gramotnosti det\u00ed prostredn\u00edctvom hry<\/span><\/a> (.pdf)<\/span><br \/>\n<span style=\"font-size: 12pt;\">DOI: <a href=\"https:\/\/doi.org\/10.54937\/ssf.2023.22.1.80-89\">https:\/\/doi.org\/10.54937\/ssf.2023.22.1.80-89<\/a><\/span><\/p>\n<p><span style=\"font-size: 12pt;\"><strong>Jana Masti\u0161ov\u00e1<\/strong><\/span><br \/>\n<span style=\"font-size: 12pt;\"><a href=\"http:\/\/studiascientifica.ku.sk\/wp-content\/uploads\/2023\/02\/10_mastisova_ssf_1_2023.pdf\"><span style=\"color: #ff0000;\">Informa\u010dn\u00e9 a komunika\u010dn\u00e9 technol\u00f3gie v pr\u00e1ci u\u010dite\u013ea prim\u00e1rneho vzdel\u00e1vania<\/span><\/a> (.pdf)<\/span><br \/>\n<span style=\"font-size: 12pt;\">DOI: <a href=\"https:\/\/doi.org\/10.54937\/ssf.2023.22.1.90-95\">https:\/\/doi.org\/10.54937\/ssf.2023.22.1.90-95<\/a><\/span><\/p>\n<p><span style=\"font-size: 12pt;\"><strong>Be\u00e1ta Murinov\u00e1<\/strong><\/span><br \/>\n<span style=\"font-size: 12pt;\"><a href=\"http:\/\/studiascientifica.ku.sk\/wp-content\/uploads\/2023\/02\/11_murinova_ssf_1_2023.pdf\"><span style=\"color: #ff0000;\">Vyu\u017e\u00edvanie IKT v predmete slovensk\u00fd jazyk v prim\u00e1rnom vzdel\u00e1van\u00ed<\/span> <\/a>(.pdf)<\/span><br \/>\n<span style=\"font-size: 12pt;\">DOI: <a href=\"https:\/\/doi.org\/10.54937\/ssf.2023.22.1.96-108\">https:\/\/doi.org\/10.54937\/ssf.2023.22.1.96-108<\/a><\/span><\/p>\n<p><span style=\"font-size: 12pt;\"><strong>Lenka Valentov\u00e1, Ivana Prach\u00e1rov\u00e1<\/strong><\/span><br \/>\n<span style=\"font-size: 12pt;\"><a href=\"http:\/\/studiascientifica.ku.sk\/wp-content\/uploads\/2023\/02\/12_valentova_pracharova_ssf_1_2023.pdf\"><span style=\"color: #ff0000;\">Vyu\u017eitie programu GeoGebra v intenci\u00e1ch prim\u00e1rneho matematick\u00e9ho vzdel\u00e1vania<\/span><\/a> (.pdf)<\/span><br \/>\n<span style=\"font-size: 12pt;\">DOI: <a href=\"https:\/\/doi.org\/10.54937\/ssf.2023.22.1.109-121\">https:\/\/doi.org\/10.54937\/ssf.2023.22.1.109-121<\/a><\/span><\/p>\n","protected":false},"excerpt":{"rendered":"<p>Studia Scientifica Facultatis Paedagogicae Universitas Catholica Ru\u017eomberok \u2013 cel\u00e9 \u010d\u00edslo 1\/2023 Fulltext \u2013 cel\u00e9 \u010d\u00edslo 1\/2023 (.pdf) Rok vydania: 2023 Vydavate\u013e: VERBUM \u2013 vydavate\u013estvo Katol\u00edckej univerzity v Ru\u017eomberku ISSN: 1336-2232 URL \u010dasopisu: http:\/\/studiascientifica.ku.sk\/ &nbsp; OBSAH\/CONTENTS: Andrej Blaho Nov\u00e1 met\u00f3da pre nov\u00fa informatiku (.pdf) DOI: https:\/\/doi.org\/10.54937\/ssf.2023.22.1.7-17 Viera Blahov\u00e1 Informatick\u00e9 myslenie na Slovensku a v Eur\u00f3pe (.pdf) [&hellip;]<\/p>\n","protected":false},"author":1,"featured_media":0,"parent":0,"menu_order":0,"comment_status":"closed","ping_status":"closed","template":"","meta":{"loftloader_page_shortcode":"","footnotes":""},"class_list":["post-484","page","type-page","status-publish","hentry"],"_links":{"self":[{"href":"https:\/\/studiascientifica.ku.sk\/en\/wp-json\/wp\/v2\/pages\/484","targetHints":{"allow":["GET"]}}],"collection":[{"href":"https:\/\/studiascientifica.ku.sk\/en\/wp-json\/wp\/v2\/pages"}],"about":[{"href":"https:\/\/studiascientifica.ku.sk\/en\/wp-json\/wp\/v2\/types\/page"}],"author":[{"embeddable":true,"href":"https:\/\/studiascientifica.ku.sk\/en\/wp-json\/wp\/v2\/users\/1"}],"replies":[{"embeddable":true,"href":"https:\/\/studiascientifica.ku.sk\/en\/wp-json\/wp\/v2\/comments?post=484"}],"version-history":[{"count":4,"href":"https:\/\/studiascientifica.ku.sk\/en\/wp-json\/wp\/v2\/pages\/484\/revisions"}],"predecessor-version":[{"id":491,"href":"https:\/\/studiascientifica.ku.sk\/en\/wp-json\/wp\/v2\/pages\/484\/revisions\/491"}],"wp:attachment":[{"href":"https:\/\/studiascientifica.ku.sk\/en\/wp-json\/wp\/v2\/media?parent=484"}],"curies":[{"name":"wp","href":"https:\/\/api.w.org\/{rel}","templated":true}]}}