{"id":472,"date":"2023-01-20T12:53:54","date_gmt":"2023-01-20T11:53:54","guid":{"rendered":"http:\/\/studiascientifica.ku.sk\/en\/?page_id=472"},"modified":"2023-01-20T13:07:00","modified_gmt":"2023-01-20T12:07:00","slug":"studia-scientifica-facultatis-paedagogicae-universitas-catholica-ruzomberok-5-2022","status":"publish","type":"page","link":"https:\/\/studiascientifica.ku.sk\/en\/studia-scientifica-facultatis-paedagogicae-universitas-catholica-ruzomberok-5-2022\/","title":{"rendered":"Studia Scientifica Facultatis Paedagogicae Universitas Catholica Ru\u017eomberok 5\/2022"},"content":{"rendered":"<p><span style=\"color: #ff0000; font-size: 12pt;\"><strong>Disputationes Scientificae Universitatis Catholicae in Ru\u017eomberok &#8211; cel\u00e9 \u010d\u00edslo 5\/2022<\/strong><\/span><\/p>\n<p><span style=\"font-size: 12pt;\"><span style=\"color: #ff0000;\"><a style=\"color: #ff0000;\" href=\"http:\/\/studiascientifica.ku.sk\/en\/wp-content\/uploads\/sites\/2\/2023\/01\/ssf_5_22_s_obalkou.pdf\"><strong>Fulltext \u2013\u00a0cel\u00e9 \u010d\u00edslo 5\/202<\/strong><strong>2<\/strong><\/a><\/span>\u00a0(.pdf)<\/span><\/p>\n<p><span style=\"font-size: 12pt;\"><strong>Rok vydania:<\/strong> 2022<\/span><\/p>\n<p><span style=\"font-size: 12pt;\"><strong>Vydavate\u013e:<\/strong> VERBUM \u2013 vydavate\u013estvo Katol\u00edckej univerzity v Ru\u017eomberku<\/span><\/p>\n<p><span style=\"font-size: 12pt;\"><strong>ISSN:<\/strong> 1336-2232<\/span><\/p>\n<p><span style=\"font-size: 12pt;\"><strong>URL \u010dasopisu:<\/strong>\u00a0<strong>:<\/strong>\u00a0<span style=\"color: #ff0000;\"><a style=\"color: #ff0000;\" href=\"http:\/\/studiascientifica.ku.sk\">http:\/\/studiascientifica.ku.sk<\/a><\/span><\/span><\/p>\n<p>&nbsp;<\/p>\n<p><span style=\"font-size: 12pt;\"><strong>OBSAH\/CONTENTS:<\/strong><\/span><\/p>\n<p><span style=\"font-size: 12pt;\"><strong>Barbora Loudov\u00e1 Stralczynsk\u00e1, Petra Risti\u0107, Jana Uhl\u00ed\u0159ov\u00e1, Philip Selbie<\/strong><\/span><br \/>\n<span style=\"font-size: 12pt;\"><span style=\"color: #ff0000;\"><a style=\"color: #ff0000;\" href=\"http:\/\/studiascientifica.ku.sk\/en\/wp-content\/uploads\/sites\/2\/2023\/01\/01_loudova_a_kol_learning_stories.pdf\">Learning Stories ako met\u00f3da format\u00edvneho hodnotenia v \u010deskom predprim\u00e1rnom vzdel\u00e1van\u00ed<\/a><\/span> (.pdf)<\/span><br \/>\n<span style=\"font-size: 12pt;\">DOI: <span style=\"color: #ff0000;\"><a style=\"color: #ff0000;\" href=\"https:\/\/doi.org\/10.54937\/ssf.2022.21.5.9-22\">https:\/\/doi.org\/10.54937\/ssf.2022.21.5.9-22<\/a><\/span><\/span><\/p>\n<p><span style=\"font-size: 12pt;\"><strong>Patr\u00edcia Skovajsov\u00e1, Dagmar Nem\u010dek,Tom\u00e1\u0161 Jamri\u0161ko, Ambr\u00f3z Jamri\u0161ko<\/strong><\/span><br \/>\n<span style=\"color: #ff0000; font-size: 12pt;\"><a style=\"color: #ff0000;\" href=\"http:\/\/studiascientifica.ku.sk\/en\/wp-content\/uploads\/sites\/2\/2023\/01\/02_skovajsova_a_kol_postoje_ziakov_cirkevnej_skoly.pdf\">Postoje \u017eiakov cirkevnej \u0161koly k inkl\u00fazii \u017eiaka s\u00a0telesn\u00fdm postihnut\u00edm do vyu\u010dovania telesnej<\/a><\/span><br \/>\n<span style=\"font-size: 12pt;\"><span style=\"color: #ff0000;\">a\u00a0\u0161portovej v\u00fdchovy<\/span> (.pdf)<\/span><br \/>\n<span style=\"font-size: 12pt;\">DOI: <span style=\"color: #ff0000;\"><a style=\"color: #ff0000;\" href=\"https:\/\/doi.org\/10.54937\/ssf.2022.21.5.23-38\">https:\/\/doi.org\/10.54937\/ssf.2022.21.5.23-38<\/a><\/span><\/span><\/p>\n<p><span style=\"font-size: 12pt;\"><strong>Be\u00e1ta Po\u0161tekov\u00e1, Tom\u00e1\u0161 Jablonsk\u00fd<\/strong><\/span><br \/>\n<span style=\"font-size: 12pt;\"><span style=\"color: #ff0000;\"><a style=\"color: #ff0000;\" href=\"http:\/\/studiascientifica.ku.sk\/en\/wp-content\/uploads\/sites\/2\/2023\/01\/03_postekova_jablonsky_sebareflexia_v_praci_-ucitela.pdf\">Sebareflexia v pr\u00e1ci u\u010dite\u013ea predprim\u00e1rneho vzdel\u00e1vania<\/a><\/span> (.pdf)<\/span><br \/>\n<span style=\"font-size: 12pt;\">DOI: <span style=\"color: #ff0000;\"><a style=\"color: #ff0000;\" href=\"https:\/\/doi.org\/10.54937\/ssf.2022.21.5.39-53\">https:\/\/doi.org\/10.54937\/ssf.2022.21.5.39-53<\/a><\/span><\/span><\/p>\n<p><span style=\"font-size: 12pt;\"><strong>Miroslav Gejdo\u0161, Ivana Prach\u00e1rov\u00e1<\/strong><\/span><br \/>\n<span style=\"font-size: 12pt;\"><span style=\"color: #ff0000;\"><a style=\"color: #ff0000;\" href=\"http:\/\/studiascientifica.ku.sk\/en\/wp-content\/uploads\/sites\/2\/2023\/01\/04_gejdos_pracharova_frobelove_pedagogicke_myslienky.pdf\">Fr\u00f6belove pedagogick\u00e9 my\u0161lienky v kontexte prim\u00e1rneho pr\u00edrodovedn\u00e9ho vzdel\u00e1vania<\/a><\/span> (.pdf)<\/span><br \/>\n<span style=\"font-size: 12pt;\">DOI: <span style=\"color: #ff0000;\"><a style=\"color: #ff0000;\" href=\"https:\/\/doi.org\/10.54937\/ssf.2022.21.5.54-64\">https:\/\/doi.org\/10.54937\/ssf.2022.21.5.54-64<\/a><\/span><\/span><\/p>\n<p><span style=\"font-size: 12pt;\"><strong>Miroslava Gallov\u00e1<\/strong><\/span><br \/>\n<span style=\"color: #ff0000; font-size: 12pt;\"><a style=\"color: #ff0000;\" href=\"http:\/\/studiascientifica.ku.sk\/en\/wp-content\/uploads\/sites\/2\/2023\/01\/05_gallova_k_otazke_vzdelavania_dievcat.pdf\">K\u00a0ot\u00e1zke vzdel\u00e1vania diev\u010dat a\u00a0\u017eien v\u00a0obdob\u00ed prvej \u010ceskoslovenskej republiky \u2013 dobov\u00e9 n\u00e1zory<\/a><\/span><br \/>\n<span style=\"font-size: 12pt;\"><span style=\"color: #ff0000;\">a\u00a0postoj spolo\u010dnosti<\/span> (.pdf)<\/span><br \/>\n<span style=\"font-size: 12pt;\">DOI: <span style=\"color: #ff0000;\"><a style=\"color: #ff0000;\" href=\"https:\/\/doi.org\/10.54937\/ssf.2022.21.5.65-74\">https:\/\/doi.org\/10.54937\/ssf.2022.21.5.65-74<\/a><\/span><\/span><\/p>\n<p><span style=\"font-size: 12pt;\"><strong>\u0160tefan Adam\u010d\u00e1k, Gabriel Bujdo\u0161, Michal Marko<\/strong><\/span><br \/>\n<span style=\"font-size: 12pt;\"><span style=\"color: #ff0000;\"><a style=\"color: #ff0000;\" href=\"http:\/\/studiascientifica.ku.sk\/en\/wp-content\/uploads\/sites\/2\/2023\/01\/06_adamcak_bujdos_marko_nazory_ucitelov.pdf\">N\u00e1zory u\u010dite\u013eov v\u00fdchodoslovensk\u00e9ho regi\u00f3nu prim\u00e1rneho stup\u0148a vzdel\u00e1vania na tematick\u00e9 celky z\u00a0predmetu telesn\u00e1 a\u00a0\u0161portov\u00e1 v\u00fdchova<\/a><\/span> (.pdf)<\/span><br \/>\n<span style=\"font-size: 12pt;\">DOI: <span style=\"color: #ff0000;\"><a style=\"color: #ff0000;\" href=\"https:\/\/doi.org\/10.54937\/ssf.2022.21.5.75-94\">https:\/\/doi.org\/10.54937\/ssf.2022.21.5.75-94<\/a><\/span><\/span><\/p>\n<p><span style=\"font-size: 12pt;\"><strong>Kvetoslava Kotrbov\u00e1<\/strong><\/span><br \/>\n<span style=\"font-size: 12pt;\"><span style=\"color: #ff0000;\"><a style=\"color: #ff0000;\" href=\"http:\/\/studiascientifica.ku.sk\/en\/wp-content\/uploads\/sites\/2\/2023\/01\/07_kotrbova_svojpomocne_knihy.pdf\">Svojpomocn\u00e9 knihy v\u00a0biblioterapii<\/a><\/span> (.pdf)<\/span><br \/>\n<span style=\"font-size: 12pt;\">DOI: <span style=\"color: #ff0000;\"><a style=\"color: #ff0000;\" href=\"https:\/\/doi.org\/10.54937\/ssf.2022.21.5.95-110\">https:\/\/doi.org\/10.54937\/ssf.2022.21.5.95-110<\/a><\/span><\/span><\/p>\n<p><span style=\"font-size: 12pt;\"><strong>Lucie P\u011bchotov\u00e1, Eva Ko\u017eeluhov\u00e1<\/strong><\/span><br \/>\n<span style=\"font-size: 12pt;\"><a href=\"http:\/\/studiascientifica.ku.sk\/en\/wp-content\/uploads\/sites\/2\/2023\/01\/08_pechotova_kozeluhova_vyuziti_literarnich_textu.pdf\"><span style=\"color: #ff0000;\">Vyu\u017eit\u00ed liter\u00e1rn\u00edch text\u016f p\u0159i prevenci \u0161ikany v\u00a0p\u0159ed\u0161koln\u00edm vzd\u011bl\u00e1v\u00e1n\u00ed<\/span><\/a> (.pdf)<\/span><br \/>\n<span style=\"font-size: 12pt;\">DOI: <span style=\"color: #ff0000;\"><a style=\"color: #ff0000;\" href=\"https:\/\/doi.org\/10.54937\/ssf.2022.21.5.111-124\">https:\/\/doi.org\/10.54937\/ssf.2022.21.5.111-124<\/a><\/span><\/span><\/p>\n<p><span style=\"font-size: 12pt;\"><strong>Roman Kroufek, Karel Nepra\u0161<\/strong><\/span><br \/>\n<span style=\"font-size: 12pt;\"><span style=\"color: #ff0000;\"><a style=\"color: #ff0000;\" href=\"http:\/\/studiascientifica.ku.sk\/en\/wp-content\/uploads\/sites\/2\/2023\/01\/09_kroufek_nepras_klimaticke_vzdelavani.pdf\">Klimatick\u00e9 vzd\u011bl\u00e1v\u00e1n\u00ed na prvn\u00edm stupni: vztah \u017e\u00e1kovsk\u00e9ho sebehodnocen\u00ed, environment\u00e1ln\u00edch postoj\u016f, znalost\u00ed a proenvironment\u00e1ln\u00edho chov\u00e1n\u00ed<\/a><\/span> (.pdf)<\/span><br \/>\n<span style=\"font-size: 12pt;\">DOI: <span style=\"color: #ff0000;\"><a style=\"color: #ff0000;\" href=\"https:\/\/doi.org\/10.54937\/ssf.2022.21.5.125-137\">https:\/\/doi.org\/10.54937\/ssf.2022.21.5.125-137<\/a><\/span><\/span><\/p>\n<p><span style=\"font-size: 12pt;\"><strong>Luk\u00e1\u0161 St\u00e1rek, Jarmila Klugerov\u00e1<\/strong><\/span><br \/>\n<span style=\"font-size: 12pt;\"><span style=\"color: #ff0000;\"><a style=\"color: #ff0000;\" href=\"http:\/\/studiascientifica.ku.sk\/en\/wp-content\/uploads\/sites\/2\/2023\/01\/10_starek_klugerova_aspekt_motivace.pdf\">Aspekt motivace v\u00a0r\u00e1mci profesn\u00ed p\u0159\u00edpravy v\u00a0kontextu pom\u00e1haj\u00edc\u00ed profese<\/a><\/span> (.pdf)<\/span><br \/>\n<span style=\"font-size: 12pt;\">DOI: <span style=\"color: #ff0000;\"><a style=\"color: #ff0000;\" href=\"https:\/\/doi.org\/10.54937\/ssf.2022.21.5.138-153\">https:\/\/doi.org\/10.54937\/ssf.2022.21.5.138-153<\/a><\/span><\/span><\/p>\n<p><span style=\"font-size: 12pt;\"><strong>Lenka Pastern\u00e1kov\u00e1, Gabriela Gabrhelov\u00e1<\/strong><\/span><br \/>\n<span style=\"font-size: 12pt;\"><span style=\"color: #ff0000;\"><a style=\"color: #ff0000;\" href=\"http:\/\/studiascientifica.ku.sk\/en\/wp-content\/uploads\/sites\/2\/2023\/01\/11_pasternakova_gabrhelova_moznosti_prevencie.pdf\">Mo\u017enosti prevencie v kontexte v\u00fdskytu soci\u00e1lnopatologick\u00fdch javov v\u00a0stredo\u0161kolskom prostred\u00ed<\/a><\/span> (.pdf)<\/span><br \/>\n<span style=\"font-size: 12pt;\">DOI: <span style=\"color: #ff0000;\"><a style=\"color: #ff0000;\" href=\"https:\/\/doi.org\/10.54937\/ssf.2022.21.5.154-161\">https:\/\/doi.org\/10.54937\/ssf.2022.21.5.154-161<\/a><\/span><\/span><\/p>\n<p><span style=\"font-size: 12pt;\"><strong>Vladim\u00edra Zeman\u010d\u00edkov\u00e1<\/strong><\/span><br \/>\n<span style=\"font-size: 12pt;\"><span style=\"color: #ff0000;\"><a style=\"color: #ff0000;\" href=\"http:\/\/studiascientifica.ku.sk\/en\/wp-content\/uploads\/sites\/2\/2023\/01\/12_zemancikova_vztahova_vazba_dietata.pdf\">Vz\u0165ahov\u00e1 v\u00e4zba die\u0165a\u0165a a\u00a0jej d\u00f4sledky pre v\u00fdchovno-vzdel\u00e1vac\u00ed proces v\u00a0\u0161kole<\/a><\/span> (.pdf)<\/span><br \/>\n<span style=\"font-size: 12pt;\">DOI: <span style=\"color: #ff0000;\"><a style=\"color: #ff0000;\" href=\"https:\/\/doi.org\/10.54937\/ssf.2022.21.5.162-172\">https:\/\/doi.org\/10.54937\/ssf.2022.21.5.162-172<\/a><\/span><\/span><\/p>\n","protected":false},"excerpt":{"rendered":"<p>Disputationes Scientificae Universitatis Catholicae in Ru\u017eomberok &#8211; cel\u00e9 \u010d\u00edslo 5\/2022 Fulltext \u2013\u00a0cel\u00e9 \u010d\u00edslo 5\/2022\u00a0(.pdf) Rok vydania: 2022 Vydavate\u013e: VERBUM \u2013 vydavate\u013estvo Katol\u00edckej univerzity v Ru\u017eomberku ISSN: 1336-2232 URL \u010dasopisu:\u00a0:\u00a0http:\/\/studiascientifica.ku.sk &nbsp; OBSAH\/CONTENTS: Barbora Loudov\u00e1 Stralczynsk\u00e1, Petra Risti\u0107, Jana Uhl\u00ed\u0159ov\u00e1, Philip Selbie Learning Stories ako met\u00f3da format\u00edvneho hodnotenia v \u010deskom predprim\u00e1rnom vzdel\u00e1van\u00ed (.pdf) DOI: https:\/\/doi.org\/10.54937\/ssf.2022.21.5.9-22 Patr\u00edcia Skovajsov\u00e1, [&hellip;]<\/p>\n","protected":false},"author":1,"featured_media":0,"parent":0,"menu_order":0,"comment_status":"closed","ping_status":"closed","template":"","meta":{"loftloader_page_shortcode":"","footnotes":""},"class_list":["post-472","page","type-page","status-publish","hentry"],"_links":{"self":[{"href":"https:\/\/studiascientifica.ku.sk\/en\/wp-json\/wp\/v2\/pages\/472","targetHints":{"allow":["GET"]}}],"collection":[{"href":"https:\/\/studiascientifica.ku.sk\/en\/wp-json\/wp\/v2\/pages"}],"about":[{"href":"https:\/\/studiascientifica.ku.sk\/en\/wp-json\/wp\/v2\/types\/page"}],"author":[{"embeddable":true,"href":"https:\/\/studiascientifica.ku.sk\/en\/wp-json\/wp\/v2\/users\/1"}],"replies":[{"embeddable":true,"href":"https:\/\/studiascientifica.ku.sk\/en\/wp-json\/wp\/v2\/comments?post=472"}],"version-history":[{"count":6,"href":"https:\/\/studiascientifica.ku.sk\/en\/wp-json\/wp\/v2\/pages\/472\/revisions"}],"predecessor-version":[{"id":481,"href":"https:\/\/studiascientifica.ku.sk\/en\/wp-json\/wp\/v2\/pages\/472\/revisions\/481"}],"wp:attachment":[{"href":"https:\/\/studiascientifica.ku.sk\/en\/wp-json\/wp\/v2\/media?parent=472"}],"curies":[{"name":"wp","href":"https:\/\/api.w.org\/{rel}","templated":true}]}}