{"id":424,"date":"2022-11-23T20:36:35","date_gmt":"2022-11-23T19:36:35","guid":{"rendered":"http:\/\/studiascientifica.ku.sk\/en\/?page_id=424"},"modified":"2023-01-10T16:19:15","modified_gmt":"2023-01-10T15:19:15","slug":"studia-scientifica-facultatis-paedagogicae-universitas-catholica-ruzomberok-4-2022","status":"publish","type":"page","link":"https:\/\/studiascientifica.ku.sk\/en\/studia-scientifica-facultatis-paedagogicae-universitas-catholica-ruzomberok-4-2022\/","title":{"rendered":"Studia Scientifica Facultatis Paedagogicae Universitas Catholica Ru\u017eomberok 4\/2022"},"content":{"rendered":"<p><span style=\"font-size: 12pt;\"><strong style=\"color: #ff0000;\">Studia Scientifica Facultatis Paedagogicae Universitas Catholica Ru\u017eomberok \u2013 cel\u00e9 \u010d\u00edslo 4\/2022<\/strong><\/span><\/p>\n<p><span style=\"font-size: 12pt;\"><strong><a href=\"http:\/\/studiascientifica.ku.sk\/en\/wp-content\/uploads\/sites\/2\/2023\/01\/ssf_4_22_s_obalkou.pdf\"><span style=\"color: #ff0000;\">Fulltext \u2013 cel\u00e9 \u010d\u00edslo 4\/2022 <\/span><\/a><\/strong>(.pdf)<\/span><\/p>\n<p><span style=\"font-size: 12pt;\"><strong>Rok vydania:<\/strong> 2022<\/span><\/p>\n<p><span style=\"font-size: 12pt;\"><strong>Vydavate\u013e:<\/strong> VERBUM \u2013 vydavate\u013estvo Katol\u00edckej univerzity v Ru\u017eomberku<\/span><\/p>\n<p><span style=\"font-size: 12pt;\">ISSN 1336-2232<\/span><\/p>\n<p><span style=\"font-size: 12pt;\"><strong>URL \u010dasopisu:<\/strong> <a href=\"http:\/\/studiascientifica.ku.sk\/\"><span style=\"color: #ff0000;\">http:\/\/studiascientifica.ku.sk\/<\/span><\/a><\/span><\/p>\n<p>&nbsp;<\/p>\n<p><span style=\"font-size: 12pt;\"><strong>OBSAH\/CONTENTS:<\/strong><\/span><\/p>\n<p><span style=\"font-size: 12pt;\"><strong>Silvia Adamov\u00e1<\/strong><\/span><br \/>\n<span style=\"font-size: 12pt;\"><a href=\"http:\/\/studiascientifica.ku.sk\/en\/wp-content\/uploads\/sites\/2\/2022\/11\/01_adamova_dspt_4_2022.pdf\">Vybran\u00e9 aspekty diagnostikovania a hodnotenia hudobno-interpreta\u010dn\u00fdch v\u00fdkonov<\/a> (.pdf)<\/span><br \/>\n<span style=\"font-size: 12pt;\">DOI: <a href=\"https:\/\/doi.org\/10.54937\/ssf.2022.21.4.9-18\">https:\/\/doi.org\/10.54937\/ssf.2022.21.4.9-18<\/a><\/span><\/p>\n<p><span style=\"font-size: 12pt;\"><strong>Patricia Biarincov\u00e1<\/strong><\/span><br \/>\n<span style=\"font-size: 12pt;\"><a href=\"http:\/\/studiascientifica.ku.sk\/en\/wp-content\/uploads\/sites\/2\/2022\/11\/02_biarincova_dspt_4_2022.pdf\">Archetyp\u00e1lne symboly v r\u00e1mci ak\u010dn\u00e9ho umenia<\/a> (.pdf)<\/span><br \/>\n<span style=\"font-size: 12pt;\">DOI: <a href=\"https:\/\/doi.org\/10.54937\/ssf.2022.21.4.19-27\">https:\/\/doi.org\/10.54937\/ssf.2022.21.4.19-27<\/a><\/span><\/p>\n<p><span style=\"font-size: 12pt;\"><strong>Michal \u010cajka<\/strong><\/span><br \/>\n<span style=\"font-size: 12pt;\"><a href=\"http:\/\/studiascientifica.ku.sk\/en\/wp-content\/uploads\/sites\/2\/2022\/11\/03_cajka_dspt_4_2022.pdf\">V\u00fdtvarn\u00e9 zobrazenie Doln\u00e9ho Kub\u00edna a jeho okolia v tvorbe Arnolda Weisza-Kub\u00edn\u010dana<\/a> (.pdf)<\/span><br \/>\n<span style=\"font-size: 12pt;\">DOI: <a href=\"https:\/\/doi.org\/10.54937\/ssf.2022.21.4.28-34\">https:\/\/doi.org\/10.54937\/ssf.2022.21.4.28-34<\/a><\/span><\/p>\n<p><span style=\"font-size: 12pt;\"><strong>Alois Dan\u011bk<\/strong><\/span><br \/>\n<span style=\"font-size: 12pt;\"><a href=\"http:\/\/studiascientifica.ku.sk\/en\/wp-content\/uploads\/sites\/2\/2022\/11\/04_danek_dspt_4_2022.pdf\">Speci\u00e1ln\u00ed hudebn\u00ed v\u00fdchova \u2013 nov\u00e9 horizonty ve vzd\u011bl\u00e1v\u00e1n\u00ed soci\u00e1ln\u011b znev\u00fdhodn\u011bn\u00fdch \u017e\u00e1k\u016f<\/a> (.pdf)<\/span><br \/>\n<span style=\"font-size: 12pt;\">DOI: <a href=\"https:\/\/doi.org\/10.54937\/ssf.2022.21.4.35-40\">https:\/\/doi.org\/10.54937\/ssf.2022.21.4.35-40<\/a><\/span><\/p>\n<p><span style=\"font-size: 12pt;\"><strong>Anna Derevjan\u00edkov\u00e1<\/strong><\/span><br \/>\n<span style=\"font-size: 12pt;\"><a href=\"http:\/\/studiascientifica.ku.sk\/en\/wp-content\/uploads\/sites\/2\/2022\/11\/05_derevjanikova_dspt_4_2022.pdf\">Tradi\u010dn\u00e1 \u013eudov\u00e1 kult\u00fara Rus\u00ednov a budovanie ich identity v multikult\u00farnom prostred\u00ed z\u00e1kladnej \u0161koly<\/a> (.pdf)<\/span><br \/>\n<span style=\"font-size: 12pt;\">DOI: <a href=\"https:\/\/doi.org\/10.54937\/ssf.2022.21.4.41-47\">https:\/\/doi.org\/10.54937\/ssf.2022.21.4.41-47<\/a><\/span><\/p>\n<p><span style=\"font-size: 12pt;\"><strong>Peter Dufka<\/strong><\/span><br \/>\n<span style=\"font-size: 12pt;\"><a href=\"http:\/\/studiascientifica.ku.sk\/en\/wp-content\/uploads\/sites\/2\/2022\/11\/06_dufka_dspt_4_2022.pdf\">Le origini e gli influssi della melodia musicale<\/a> (.pdf)<\/span><br \/>\n<span style=\"font-size: 12pt;\">DOI: <a href=\"https:\/\/doi.org\/10.54937\/ssf.2022.21.4.48-57\">https:\/\/doi.org\/10.54937\/ssf.2022.21.4.48-57<\/a><\/span><\/p>\n<p><span style=\"font-size: 12pt;\"><strong>David di Fiore<\/strong><\/span><br \/>\n<span style=\"font-size: 12pt;\"><a href=\"http:\/\/studiascientifica.ku.sk\/en\/wp-content\/uploads\/sites\/2\/2022\/11\/07_difiore_dspt_4_2022.pdf\">A Comparison of Hymn Playing Styles from the United States, France, Germany and Slovakia<\/a> (.pdf)<\/span><br \/>\n<span style=\"font-size: 12pt;\">DOI: <a href=\"https:\/\/doi.org\/10.54937\/ssf.2022.21.4.58-67\">https:\/\/doi.org\/10.54937\/ssf.2022.21.4.58-67<\/a><\/span><\/p>\n<p><span style=\"font-size: 12pt;\"><strong>Zuzana Chanasov\u00e1<\/strong><\/span><br \/>\n<span style=\"font-size: 12pt;\"><a href=\"http:\/\/studiascientifica.ku.sk\/en\/wp-content\/uploads\/sites\/2\/2022\/11\/08_chanasova_dspt_4_2022.pdf\">Synergia: tvorivos\u0165, liter\u00e1rny mot\u00edv a ak\u010dn\u00e9 umenie u die\u0165a\u0165a pred\u0161kolsk\u00e9ho veku<\/a> (.pdf)<\/span><br \/>\n<span style=\"font-size: 12pt;\">DOI: <a href=\"https:\/\/doi.org\/10.54937\/ssf.2022.21.4.68-75\">https:\/\/doi.org\/10.54937\/ssf.2022.21.4.68-75<\/a><\/span><\/p>\n<p><span style=\"font-size: 12pt;\"><strong>Blanka Ko\u017e\u00edk Lehotayov\u00e1<\/strong><\/span><br \/>\n<span style=\"font-size: 12pt;\"><a href=\"http:\/\/studiascientifica.ku.sk\/en\/wp-content\/uploads\/sites\/2\/2022\/11\/09_lehotayova_dspt_4_2022.pdf\">Aspekty alternat\u00edvnej pedagogiky v podpore grafomotoriky<\/a> (.pdf)<\/span><br \/>\n<span style=\"font-size: 12pt;\">DOI: <a href=\"https:\/\/doi.org\/10.54937\/ssf.2022.21.4.76-81\">https:\/\/doi.org\/10.54937\/ssf.2022.21.4.76-81<\/a><\/span><\/p>\n<p><span style=\"font-size: 12pt;\"><strong>Ludmila Kroupov\u00e1<\/strong><\/span><br \/>\n<span style=\"font-size: 12pt;\"><a href=\"http:\/\/studiascientifica.ku.sk\/en\/wp-content\/uploads\/sites\/2\/2022\/11\/10_kroupova_dspt_4_2022.pdf\">Zhodnocen\u00ed distan\u010dn\u00ed v\u00fduky v hudebn\u00edm oboru na z\u00e1kladn\u00edch um\u011bleck\u00fdch \u0161kol\u00e1ch Kr\u00e1lov\u00e9hradeck\u00e9ho kraje<\/a> (.pdf)<\/span><br \/>\n<span style=\"font-size: 12pt;\">DOI: <a href=\"https:\/\/doi.org\/10.54937\/ssf.2022.21.4.82-89\">https:\/\/doi.org\/10.54937\/ssf.2022.21.4.82-89<\/a><\/span><\/p>\n<p><span style=\"font-size: 12pt;\"><strong>Martina Kru\u0161insk\u00e1<\/strong><\/span><br \/>\n<span style=\"font-size: 12pt;\"><a href=\"http:\/\/studiascientifica.ku.sk\/en\/wp-content\/uploads\/sites\/2\/2022\/11\/11_krusinska_dspt_4_2022.pdf\">Princ\u00edpy hudobnej v\u00fdchovy pre deti pred\u0161kolsk\u00e9ho a mlad\u0161ieho \u0161kolsk\u00e9ho veku<\/a> (.pdf)<\/span><br \/>\n<span style=\"font-size: 12pt;\">DOI: <a href=\"https:\/\/doi.org\/10.54937\/ssf.2022.21.4.90-94\">https:\/\/doi.org\/10.54937\/ssf.2022.21.4.90-94<\/a><\/span><\/p>\n<p><span style=\"font-size: 12pt;\"><strong>Milo\u0161 Makovsk\u00fd, Dagmar My\u0161\u00e1kov\u00e1<\/strong><\/span><br \/>\n<span style=\"font-size: 12pt;\"><a href=\"http:\/\/studiascientifica.ku.sk\/en\/wp-content\/uploads\/sites\/2\/2022\/11\/12_makovska_mysakova_dspt_4_2022.pdf\">Zprost\u0159edkov\u00e1n\u00ed v\u00fdtvarn\u00e9ho um\u011bn\u00ed v doprovodn\u00fdch a vzd\u011bl\u00e1vac\u00edch programech v galeri\u00edch a muze\u00edch um\u011bn\u00ed v \u00dasteck\u00e9m kraji<\/a> (.pdf)<\/span><br \/>\n<span style=\"font-size: 12pt;\">DOI: <a href=\"https:\/\/doi.org\/10.54937\/ssf.2022.21.4.95-103\">https:\/\/doi.org\/10.54937\/ssf.2022.21.4.95-103<\/a><\/span><\/p>\n<p><span style=\"font-size: 12pt;\"><strong>Miriam Matejov\u00e1<\/strong><\/span><br \/>\n<span style=\"font-size: 12pt;\"><a href=\"http:\/\/studiascientifica.ku.sk\/en\/wp-content\/uploads\/sites\/2\/2022\/11\/13_matejova_dspt_4_2022.pdf\">T\u00e9my predn\u00e1\u0161ok v r\u00e1mci letn\u00fdch semin\u00e1rov EPTA v rokoch 1988 \u2013 2008<\/a> (.pdf)<\/span><br \/>\n<span style=\"font-size: 12pt;\">DOI: <a href=\"https:\/\/doi.org\/10.54937\/ssf.2022.21.4.104-112\">https:\/\/doi.org\/10.54937\/ssf.2022.21.4.104-112<\/a><\/span><\/p>\n<p><span style=\"font-size: 12pt;\"><strong>Jordana Palovi\u010dov\u00e1<\/strong><\/span><br \/>\n<span style=\"font-size: 12pt;\"><a href=\"http:\/\/studiascientifica.ku.sk\/en\/wp-content\/uploads\/sites\/2\/2022\/11\/14_palovicova_dspt_4_2022.pdf\">Grande dame slovensk\u00e9ho interpreta\u010dn\u00e9ho umenia prof. Daniela Var\u00ednska<\/a> (.pdf)<\/span><br \/>\n<span style=\"font-size: 12pt;\">DOI: <a href=\"https:\/\/doi.org\/10.54937\/ssf.2022.21.4.113-121\">https:\/\/doi.org\/10.54937\/ssf.2022.21.4.113-121<\/a><\/span><\/p>\n<p><span style=\"font-size: 12pt;\"><strong>Tatiana \u0160kapcov\u00e1<\/strong><\/span><br \/>\n<span style=\"font-size: 12pt;\"><a href=\"http:\/\/studiascientifica.ku.sk\/en\/wp-content\/uploads\/sites\/2\/2022\/11\/15_skapcova_dspt_4_2022.pdf\">Hudobn\u00e9 presahy eduka\u010dn\u00e9ho a umeleck\u00e9ho rozvoja, prostredn\u00edctvom projektu UP! Um\u011bn\u00ed pomoci<\/a> (.pdf)<\/span><br \/>\n<span style=\"font-size: 12pt;\">DOI: <a href=\"https:\/\/doi.org\/10.54937\/ssf.2022.21.4.122-128\">https:\/\/doi.org\/10.54937\/ssf.2022.21.4.122-128<\/a><\/span><\/p>\n<p><span style=\"font-size: 12pt;\"><strong>Daniela Valachov\u00e1<\/strong><\/span><br \/>\n<span style=\"font-size: 12pt;\"><a href=\"http:\/\/studiascientifica.ku.sk\/en\/wp-content\/uploads\/sites\/2\/2022\/11\/16_valachova_dspt_4_2022.pdf\">Detsk\u00e9 prekoncepty o pojmoch m\u00fazeum a gal\u00e9ria a ich vizu\u00e1lna podoba<\/a> (.pdf)<\/span><br \/>\n<span style=\"font-size: 12pt;\">DOI: <a href=\"https:\/\/doi.org\/10.54937\/ssf.2022.21.4.129-137\">https:\/\/doi.org\/10.54937\/ssf.2022.21.4.129-137<\/a><\/span><\/p>\n<p><span style=\"font-size: 12pt;\"><strong>Beata \u017ditniakov\u00e1 Gurgov\u00e1, Martin Urban<\/strong><\/span><br \/>\n<span style=\"font-size: 12pt;\"><a href=\"http:\/\/studiascientifica.ku.sk\/en\/wp-content\/uploads\/sites\/2\/2022\/11\/17_gurgova_urban_dspt_4_2022.pdf\">Subjekt\u00edvna emo\u010dn\u00e1 pohoda v online z\u00e1\u017eitkovom kurze (E)motion a v ka\u017edodennom \u017eivote u \u0161tudentiek V\u0160 po\u010das pand\u00e9mie Covid-19<\/a> (.pdf)<\/span><br \/>\n<span style=\"font-size: 12pt;\">DOI: <a href=\"https:\/\/doi.org\/10.54937\/ssf.2022.21.4.138-147\">https:\/\/doi.org\/10.54937\/ssf.2022.21.4.138-147<\/a><\/span><\/p>\n","protected":false},"excerpt":{"rendered":"<p>Studia Scientifica Facultatis Paedagogicae Universitas Catholica Ru\u017eomberok \u2013 cel\u00e9 \u010d\u00edslo 4\/2022 Fulltext \u2013 cel\u00e9 \u010d\u00edslo 4\/2022 (.pdf) Rok vydania: 2022 Vydavate\u013e: VERBUM \u2013 vydavate\u013estvo Katol\u00edckej univerzity v Ru\u017eomberku ISSN 1336-2232 URL \u010dasopisu: http:\/\/studiascientifica.ku.sk\/ &nbsp; OBSAH\/CONTENTS: Silvia Adamov\u00e1 Vybran\u00e9 aspekty diagnostikovania a hodnotenia hudobno-interpreta\u010dn\u00fdch v\u00fdkonov (.pdf) DOI: https:\/\/doi.org\/10.54937\/ssf.2022.21.4.9-18 Patricia Biarincov\u00e1 Archetyp\u00e1lne symboly v r\u00e1mci ak\u010dn\u00e9ho umenia [&hellip;]<\/p>\n","protected":false},"author":1,"featured_media":0,"parent":0,"menu_order":0,"comment_status":"closed","ping_status":"closed","template":"","meta":{"loftloader_page_shortcode":"","footnotes":""},"class_list":["post-424","page","type-page","status-publish","hentry"],"_links":{"self":[{"href":"https:\/\/studiascientifica.ku.sk\/en\/wp-json\/wp\/v2\/pages\/424","targetHints":{"allow":["GET"]}}],"collection":[{"href":"https:\/\/studiascientifica.ku.sk\/en\/wp-json\/wp\/v2\/pages"}],"about":[{"href":"https:\/\/studiascientifica.ku.sk\/en\/wp-json\/wp\/v2\/types\/page"}],"author":[{"embeddable":true,"href":"https:\/\/studiascientifica.ku.sk\/en\/wp-json\/wp\/v2\/users\/1"}],"replies":[{"embeddable":true,"href":"https:\/\/studiascientifica.ku.sk\/en\/wp-json\/wp\/v2\/comments?post=424"}],"version-history":[{"count":6,"href":"https:\/\/studiascientifica.ku.sk\/en\/wp-json\/wp\/v2\/pages\/424\/revisions"}],"predecessor-version":[{"id":456,"href":"https:\/\/studiascientifica.ku.sk\/en\/wp-json\/wp\/v2\/pages\/424\/revisions\/456"}],"wp:attachment":[{"href":"https:\/\/studiascientifica.ku.sk\/en\/wp-json\/wp\/v2\/media?parent=424"}],"curies":[{"name":"wp","href":"https:\/\/api.w.org\/{rel}","templated":true}]}}