{"id":390,"date":"2022-10-12T12:04:33","date_gmt":"2022-10-12T10:04:33","guid":{"rendered":"http:\/\/studiascientifica.ku.sk\/en\/?page_id=390"},"modified":"2022-10-12T13:01:00","modified_gmt":"2022-10-12T11:01:00","slug":"studia-scientifica-facultatis-paedagogicae-universitas-catholica-ruzomberok-3-2022","status":"publish","type":"page","link":"https:\/\/studiascientifica.ku.sk\/en\/studia-scientifica-facultatis-paedagogicae-universitas-catholica-ruzomberok-3-2022\/","title":{"rendered":"Studia Scientifica Facultatis Paedagogicae Universitas Catholica Ru\u017eomberok 3\/2022"},"content":{"rendered":"<p><strong style=\"color: #ff0000; font-size: 12pt;\">Studia Scientifica Facultatis Paedagogicae Universitas Catholica Ru\u017eomberok \u2013 cel\u00e9 \u010d\u00edslo 3\/2022<\/strong><\/p>\n<p><span style=\"font-size: 12pt;\"><strong><a href=\"http:\/\/studiascientifica.ku.sk\/en\/wp-content\/uploads\/sites\/2\/2022\/10\/ssf_3_22_s_obalkou-1.pdf\"><span style=\"color: #ff0000;\">Fulltext \u2013 cel\u00e9 \u010d\u00edslo 3\/2022 <\/span><\/a><\/strong>(.pdf)<\/span><\/p>\n<p><span style=\"font-size: 12pt;\"><strong>Rok vydania:<\/strong> 2022<\/span><\/p>\n<p><span style=\"font-size: 12pt;\"><strong>Vydavate\u013e:<\/strong> VERBUM \u2013 vydavate\u013estvo Katol\u00edckej univerzity v Ru\u017eomberku<\/span><\/p>\n<p>ISSN 1336-2232<\/p>\n<p><span style=\"font-size: 12pt;\"><strong>URL \u010dasopisu:<\/strong> <a href=\"http:\/\/studiascientifica.ku.sk\/\"><span style=\"color: #ff0000;\">http:\/\/studiascientifica.ku.sk\/<\/span><\/a><\/span><\/p>\n<p>&nbsp;<\/p>\n<p><strong>OBSAH\/CONTENTS:<\/strong><\/p>\n<p><strong>Anna Hudecov\u00e1<\/strong><br \/>\n<a href=\"http:\/\/studiascientifica.ku.sk\/en\/wp-content\/uploads\/sites\/2\/2022\/10\/01_hudecova_ssf_3_2022.pdf\"><span style=\"color: #ff0000;\">Poskytovanie v\u010dasnej starostlivosti pre rodi\u010dov<\/span><\/a> (.pdf)<br \/>\nDOI: <span style=\"color: #ff0000;\"><a style=\"color: #ff0000;\" href=\"https:\/\/doi.org\/10.54937\/ssf.2022.21.3.11-22\">https:\/\/doi.org\/10.54937\/ssf.2022.21.3.11-22<\/a><\/span><\/p>\n<p><strong>Slavom\u00edra Bellov\u00e1<\/strong><br \/>\n<a href=\"http:\/\/studiascientifica.ku.sk\/en\/wp-content\/uploads\/sites\/2\/2022\/10\/02_bellova_ssf_3_2022.pdf\"><span style=\"color: #ff0000;\">Poskytovanie starostlivosti de\u0165om do troch rokov ako s\u00fa\u010das\u0165 ranej podpory rodiny (od minulosti po s\u00fa\u010dasnos\u0165)<\/span><\/a> (.pdf)<br \/>\nDOI: <span style=\"color: #ff0000;\"><a style=\"color: #ff0000;\" href=\"https:\/\/doi.org\/10.54937\/ssf.2022.21.3.23-30\">https:\/\/doi.org\/10.54937\/ssf.2022.21.3.23-30<\/a><\/span><\/p>\n<p><strong>Barbora Kov\u00e1\u010dov\u00e1<\/strong><br \/>\n<a href=\"http:\/\/studiascientifica.ku.sk\/en\/wp-content\/uploads\/sites\/2\/2022\/10\/03_kovacova_ssf_3_2022.pdf\"><span style=\"color: #ff0000;\">Re\u00e1lna podpora inkluz\u00edvneho vzdel\u00e1vania v slovenskej materskej \u0161kole<\/span><\/a> (.pdf)<br \/>\nDOI: <span style=\"color: #ff0000;\"><a style=\"color: #ff0000;\" href=\"https:\/\/doi.org\/10.54937\/ssf.2022.21.3.31-40\">https:\/\/doi.org\/10.54937\/ssf.2022.21.3.31-40<\/a><\/span><\/p>\n<p><strong>Jana Bal\u00e1\u017eov\u00e1<\/strong><br \/>\n<a href=\"http:\/\/studiascientifica.ku.sk\/en\/wp-content\/uploads\/sites\/2\/2022\/10\/04_balazova_ssf_3_2022.pdf\"><span style=\"color: #ff0000;\">Aktu\u00e1lny stav, \u0161pecifik\u00e1 a perspekt\u00edvy eduk\u00e1cie die\u0165a\u0165a s Downov\u00fdm syndr\u00f3mom v materskej \u0161kole<\/span><\/a> (.pdf)<br \/>\nDOI: <span style=\"color: #ff0000;\"><a style=\"color: #ff0000;\" href=\"https:\/\/doi.org\/10.54937\/ssf.2022.21.3.41-49\">https:\/\/doi.org\/10.54937\/ssf.2022.21.3.41-49<\/a><\/span><\/p>\n<p><strong>Monika Homolov\u00e1<\/strong><br \/>\n<a href=\"http:\/\/studiascientifica.ku.sk\/en\/wp-content\/uploads\/sites\/2\/2022\/10\/05_homolova_ssf_3_2022.pdf\"><span style=\"color: #ff0000;\">Prevent\u00edvne aktivity v matersk\u00fdch \u0161kol\u00e1ch<\/span><\/a> (.pdf)<br \/>\nDOI: <span style=\"color: #ff0000;\"><a style=\"color: #ff0000;\" href=\"https:\/\/doi.org\/10.54937\/ssf.2022.21.3.50-58\">https:\/\/doi.org\/10.54937\/ssf.2022.21.3.50-58<\/a><\/span><\/p>\n<p><strong>Martina Magov\u00e1<\/strong><br \/>\n<a href=\"http:\/\/studiascientifica.ku.sk\/en\/wp-content\/uploads\/sites\/2\/2022\/10\/06_magova_ssf_3_2022.pdf\"><span style=\"color: #ff0000;\">Kompetencie \u0161peci\u00e1lneho pedag\u00f3ga vo v\u00fdchovno-vzdel\u00e1vacom procese<\/span><\/a> (.pdf)<br \/>\nDOI: <span style=\"color: #ff0000;\"><a style=\"color: #ff0000;\" href=\"https:\/\/doi.org\/10.54937\/ssf.2022.21.3.59-67\">https:\/\/doi.org\/10.54937\/ssf.2022.21.3.59-67<\/a><\/span><\/p>\n<p><strong>Helena Orie\u0161\u010dikov\u00e1<\/strong><br \/>\n<a href=\"http:\/\/studiascientifica.ku.sk\/en\/wp-content\/uploads\/sites\/2\/2022\/10\/07_oriescikova_ssf_3_2022.pdf\"><span style=\"color: #ff0000;\">\u0160kolsk\u00fd \u0161peci\u00e1lny pedag\u00f3g v \u0161kol\u00e1ch a \u0161kolsk\u00fdch zariadeniach<\/span><\/a> (.pdf)<br \/>\nDOI: <span style=\"color: #ff0000;\"><a style=\"color: #ff0000;\" href=\"https:\/\/doi.org\/10.54937\/ssf.2022.21.3.68-76\">https:\/\/doi.org\/10.54937\/ssf.2022.21.3.68-76<\/a><\/span><\/p>\n<p><strong>Bohuslav Stup\u00e1k<\/strong><br \/>\n<span style=\"color: #ff0000;\"><a style=\"color: #ff0000;\" href=\"http:\/\/studiascientifica.ku.sk\/en\/wp-content\/uploads\/sites\/2\/2022\/10\/08_stupak_ssf_3_2022.pdf\">Komprehenz\u00edvna rehabilit\u00e1cia os\u00f4b so zdravotn\u00fdm znev\u00fdhodnen\u00edm<\/a><\/span> (.pdf)<br \/>\nDOI: <span style=\"color: #ff0000;\"><a style=\"color: #ff0000;\" href=\"https:\/\/doi.org\/10.54937\/ssf.2022.21.3.77-83\">https:\/\/doi.org\/10.54937\/ssf.2022.21.3.77-83<\/a><\/span><\/p>\n<p><strong>Jana Hr\u010dov\u00e1<\/strong><br \/>\n<span style=\"color: #ff0000;\"><a style=\"color: #ff0000;\" href=\"http:\/\/studiascientifica.ku.sk\/en\/wp-content\/uploads\/sites\/2\/2022\/10\/09_hrcova_ssf_3_2022.pdf\">Exekut\u00edvne funkcie u det\u00ed s poruchami autistick\u00e9ho spektra<\/a><\/span> (.pdf)<br \/>\nDOI: <span style=\"color: #ff0000;\"><a style=\"color: #ff0000;\" href=\"https:\/\/doi.org\/10.54937\/ssf.2022.21.3.84-91\">https:\/\/doi.org\/10.54937\/ssf.2022.21.3.84-91<\/a><\/span><\/p>\n<p><strong>Martina Magov\u00e1, Miroslava Hochmuthov\u00e1<\/strong><br \/>\n<a href=\"http:\/\/studiascientifica.ku.sk\/en\/wp-content\/uploads\/sites\/2\/2022\/10\/10_magova_hochmuthova_ssf_3_2022.pdf\"><span style=\"color: #ff0000;\">Vyu\u017eitie prvkov \u0161trukt\u00farovan\u00e9ho u\u010denia vo vzdel\u00e1van\u00ed \u017eiakov s poruchou autistick\u00e9ho spektra v kombin\u00e1cii s ment\u00e1lnym postihnut\u00edm<\/span><\/a> (.pdf)<br \/>\nDOI: <span style=\"color: #ff0000;\"><a style=\"color: #ff0000;\" href=\"https:\/\/doi.org\/10.54937\/ssf.2022.21.3.92-99\">https:\/\/doi.org\/10.54937\/ssf.2022.21.3.92-99<\/a><\/span><\/p>\n<p><strong>Vlasta Belkov\u00e1, Patr\u00edcia Z\u00f3lyomiov\u00e1<\/strong><br \/>\n<a href=\"http:\/\/studiascientifica.ku.sk\/en\/wp-content\/uploads\/sites\/2\/2022\/10\/11_belkova_zolyomiova_ssf_3_2022.pdf\"><span style=\"color: #ff0000;\">N\u00e1zory a sk\u00fasenosti \u0161tudentstva s inkl\u00faziou<\/span><\/a> (.pdf)<br \/>\nDOI: <span style=\"color: #ff0000;\"><a style=\"color: #ff0000;\" href=\"https:\/\/doi.org\/10.54937\/ssf.2022.21.3.100-108\">https:\/\/doi.org\/10.54937\/ssf.2022.21.3.100-108<\/a><\/span><\/p>\n<p><strong>Paula Mali\u0148\u00e1kov\u00e1<\/strong><br \/>\n<a href=\"http:\/\/studiascientifica.ku.sk\/en\/wp-content\/uploads\/sites\/2\/2022\/10\/12_malinakova_ssf_3_2022.pdf\"><span style=\"color: #ff0000;\">Narat\u00edvne identity v \u017eivotn\u00fdch pr\u00edbehoch u\u010dite\u013eov prim\u00e1rneho stup\u0148a vzdel\u00e1vania v procese inkl\u00fazie<\/span><\/a> (.pdf)<br \/>\nDOI: <span style=\"color: #ff0000;\"><a style=\"color: #ff0000;\" href=\"https:\/\/doi.org\/10.54937\/ssf.2022.21.3.109-115\">https:\/\/doi.org\/10.54937\/ssf.2022.21.3.109-115<\/a><\/span><\/p>\n<p><strong>Daniela Valachov\u00e1<\/strong><br \/>\n<span style=\"color: #ff0000;\"><a style=\"color: #ff0000;\" href=\"http:\/\/studiascientifica.ku.sk\/en\/wp-content\/uploads\/sites\/2\/2022\/10\/13_valachova_ssf_3_2022.pdf\">Zvl\u00e1danie z\u00e1\u0165a\u017eov\u00fdch situ\u00e1ci\u00ed sp\u00f4soben\u00fdch pand\u00e9miou u u\u010dite\u013eov z\u00e1kladn\u00fdch \u0161k\u00f4l<\/a><\/span> (.pdf)<br \/>\nDOI: <span style=\"color: #ff0000;\"><a style=\"color: #ff0000;\" href=\"https:\/\/doi.org\/10.54937\/ssf.2022.21.3.116-127\">https:\/\/doi.org\/10.54937\/ssf.2022.21.3.116-127<\/a><\/span><\/p>\n<p><strong>Ainuru Zholchieva, Aelita Zholchieva<\/strong><br \/>\n<span style=\"color: #ff0000;\"><a style=\"color: #ff0000;\" href=\"http:\/\/studiascientifica.ku.sk\/en\/wp-content\/uploads\/sites\/2\/2022\/10\/14_ainuru_zholchieva_aelita_zholchieva_ssf_3_2022.pdf\">The Factors that Affect Teachers&#8217; Self-esteem and Job Satisfaction in Kyrgyzstan<\/a> <\/span>(.pdf)<br \/>\nDOI: <span style=\"color: #ff0000;\"><a style=\"color: #ff0000;\" href=\"https:\/\/doi.org\/10.54937\/ssf.2022.21.3.128-141\">https:\/\/doi.org\/10.54937\/ssf.2022.21.3.128-141<\/a><\/span><\/p>\n<p><strong>Miroslav Gejdo\u0161<\/strong><br \/>\n<span style=\"color: #ff0000;\"><a style=\"color: #ff0000;\" href=\"http:\/\/studiascientifica.ku.sk\/en\/wp-content\/uploads\/sites\/2\/2022\/10\/15_gejdos_ssf_3_2022.pdf\">J\u00e1n Kalin\u010diak a jeho \u0161kolsk\u00fd reformn\u00fd n\u00e1vrh<\/a><\/span> (.pdf)<br \/>\nDOI: <span style=\"color: #ff0000;\"><a style=\"color: #ff0000;\" href=\"https:\/\/doi.org\/10.54937\/ssf.2022.21.3.142-151\">https:\/\/doi.org\/10.54937\/ssf.2022.21.3.142-151<\/a><\/span><\/p>\n<p><strong>Peter Dufka<\/strong><br \/>\n<a href=\"http:\/\/studiascientifica.ku.sk\/en\/wp-content\/uploads\/sites\/2\/2022\/10\/16_dufka_ssf_3_2022.pdf\"><span style=\"color: #ff0000;\">Le origini e gli influssi del ritmo musicale<\/span><\/a> (.pdf)<br \/>\nDOI: <span style=\"color: #ff0000;\"><a style=\"color: #ff0000;\" href=\"https:\/\/doi.org\/10.54937\/ssf.2022.21.3.152-164\">https:\/\/doi.org\/10.54937\/ssf.2022.21.3.152-164<\/a><\/span><\/p>\n<p><strong>Mark\u00e9ta Rusn\u00e1kov\u00e1, Angela Alma\u0161iov\u00e1, Tom\u00e1\u0161 Pol\u00e1\u010dek<\/strong><br \/>\n<span style=\"color: #ff0000;\"><a style=\"color: #ff0000;\" href=\"http:\/\/studiascientifica.ku.sk\/en\/wp-content\/uploads\/sites\/2\/2022\/10\/17_rusnakova_almasiova_polacek_ssf_3_2022.pdf\">The Role of Education of Women with Excessive Alcohol Consumption and their Genuine Recovery Process in the Context of Developing their Social Capital<\/a><\/span> (.pdf)<br \/>\nDOI: <span style=\"color: #ff0000;\"><a style=\"color: #ff0000;\" href=\"https:\/\/doi.org\/10.54937\/ssf.2022.21.3.165-181\">https:\/\/doi.org\/10.54937\/ssf.2022.21.3.165-181<\/a><\/span><\/p>\n","protected":false},"excerpt":{"rendered":"<p>Studia Scientifica Facultatis Paedagogicae Universitas Catholica Ru\u017eomberok \u2013 cel\u00e9 \u010d\u00edslo 3\/2022 Fulltext \u2013 cel\u00e9 \u010d\u00edslo 3\/2022 (.pdf) Rok vydania: 2022 Vydavate\u013e: VERBUM \u2013 vydavate\u013estvo Katol\u00edckej univerzity v Ru\u017eomberku ISSN 1336-2232 URL \u010dasopisu: http:\/\/studiascientifica.ku.sk\/ &nbsp; OBSAH\/CONTENTS: Anna Hudecov\u00e1 Poskytovanie v\u010dasnej starostlivosti pre rodi\u010dov (.pdf) DOI: https:\/\/doi.org\/10.54937\/ssf.2022.21.3.11-22 Slavom\u00edra Bellov\u00e1 Poskytovanie starostlivosti de\u0165om do troch rokov ako s\u00fa\u010das\u0165 [&hellip;]<\/p>\n","protected":false},"author":1,"featured_media":0,"parent":0,"menu_order":0,"comment_status":"closed","ping_status":"closed","template":"","meta":{"loftloader_page_shortcode":"","footnotes":""},"class_list":["post-390","page","type-page","status-publish","hentry"],"_links":{"self":[{"href":"https:\/\/studiascientifica.ku.sk\/en\/wp-json\/wp\/v2\/pages\/390","targetHints":{"allow":["GET"]}}],"collection":[{"href":"https:\/\/studiascientifica.ku.sk\/en\/wp-json\/wp\/v2\/pages"}],"about":[{"href":"https:\/\/studiascientifica.ku.sk\/en\/wp-json\/wp\/v2\/types\/page"}],"author":[{"embeddable":true,"href":"https:\/\/studiascientifica.ku.sk\/en\/wp-json\/wp\/v2\/users\/1"}],"replies":[{"embeddable":true,"href":"https:\/\/studiascientifica.ku.sk\/en\/wp-json\/wp\/v2\/comments?post=390"}],"version-history":[{"count":9,"href":"https:\/\/studiascientifica.ku.sk\/en\/wp-json\/wp\/v2\/pages\/390\/revisions"}],"predecessor-version":[{"id":421,"href":"https:\/\/studiascientifica.ku.sk\/en\/wp-json\/wp\/v2\/pages\/390\/revisions\/421"}],"wp:attachment":[{"href":"https:\/\/studiascientifica.ku.sk\/en\/wp-json\/wp\/v2\/media?parent=390"}],"curies":[{"name":"wp","href":"https:\/\/api.w.org\/{rel}","templated":true}]}}