{"id":376,"date":"2022-06-29T10:21:46","date_gmt":"2022-06-29T08:21:46","guid":{"rendered":"http:\/\/studiascientifica.ku.sk\/en\/?page_id=376"},"modified":"2022-06-29T10:29:46","modified_gmt":"2022-06-29T08:29:46","slug":"studia-scientifica-facultatis-paedagogicae-universitas-catholica-ruzomberok-2-2022","status":"publish","type":"page","link":"https:\/\/studiascientifica.ku.sk\/en\/studia-scientifica-facultatis-paedagogicae-universitas-catholica-ruzomberok-2-2022\/","title":{"rendered":"Studia Scientifica Facultatis Paedagogicae Universitas Catholica Ru\u017eomberok 2\/2022"},"content":{"rendered":"<p><span style=\"color: #ff0000; font-size: 12pt;\"><strong>Studia Scientifica Facultatis Paedagogicae Universitas Catholica Ru\u017eomberok \u2013 full volume 2\/2022<\/strong><\/span><\/p>\n<p><span style=\"font-size: 12pt;\"><a href=\"http:\/\/studiascientifica.ku.sk\/wp-content\/uploads\/2022\/06\/ssf_2_22_s_obalkou.pdf\"><span style=\"color: #ff0000;\"><strong>Fulltext \u2013 cel\u00e9 \u010d\u00edslo 2\/202<\/strong><strong>2 <\/strong><\/span><\/a>(.pdf)<\/span><\/p>\n<p><span style=\"font-size: 12pt;\"><strong>Rok vydania:<\/strong> 2022<\/span><\/p>\n<p><span style=\"font-size: 12pt;\"><strong>Vydavate\u013e:<\/strong> VERBUM \u2013 vydavate\u013estvo Katol\u00edckej univerzity v Ru\u017eomberku<\/span><\/p>\n<p><span style=\"font-size: 12pt;\"><strong>ISSN:<\/strong> 1336-2232<\/span><\/p>\n<p><span style=\"font-size: 12pt;\"><strong>URL \u010dasopisu:<\/strong> <a href=\"http:\/\/studiascientifica.ku.sk\/\"><span style=\"color: #ff0000;\">http:\/\/studiascientifica.ku.sk\/<\/span><\/a><\/span><\/p>\n<p>&nbsp;<\/p>\n<p><span style=\"font-size: 12pt;\"><strong>OBSAH\/CONTENTS:<\/strong><\/span><\/p>\n<p><span style=\"font-size: 12pt;\"><strong>Paula Mali\u0148\u00e1kov\u00e1<\/strong><\/span><br \/>\n<span style=\"font-size: 12pt;\"><a href=\"http:\/\/studiascientifica.ku.sk\/wp-content\/uploads\/2022\/06\/01_malinakova_ssf_2_22.pdf\"><span style=\"color: #ff0000;\">The Phenomenon of Inclusion in a Modern Society<\/span><\/a> (.pdf)<\/span><br \/>\n<span style=\"font-size: 12pt;\">DOI: <span style=\"color: #ff0000;\"><a style=\"color: #ff0000;\" href=\"https:\/\/doi.org\/10.54937\/ssf.2022.21.2.7-17\">https:\/\/doi.org\/10.54937\/ssf.2022.21.2.7-17<\/a><\/span><\/span><\/p>\n<p><span style=\"font-size: 12pt;\"><strong>Milan Valenta, Jarom\u00edr Ma\u0161tal\u00ed\u0159, Dita Finkov\u00e1, Libu\u0161e Lud\u00edkov\u00e1<\/strong><\/span><br \/>\n<span style=\"font-size: 12pt;\"><span style=\"color: #ff0000;\"><a style=\"color: #ff0000;\" href=\"http:\/\/studiascientifica.ku.sk\/wp-content\/uploads\/2022\/06\/02_valenta_a_kol_ssf_2_22.pdf\">Comparison of Partial Functions in First Graders who Were Either Neurotypical, Had Been Diagnosed with Deficiencies of Partial Functions or Were Suspected of Having Such Deficiencies \u2013 Visual Stimulus Material<\/a><\/span> (.pdf)<\/span><br \/>\n<span style=\"font-size: 12pt;\">DOI: <span style=\"color: #ff0000;\"><a style=\"color: #ff0000;\" href=\"https:\/\/doi.org\/10.54937\/ssf.2022.21.2.18-31\">https:\/\/doi.org\/10.54937\/ssf.2022.21.2.18-31<\/a><\/span><\/span><\/p>\n<p><span style=\"font-size: 12pt;\"><strong>Petra Jedli\u010dkov\u00e1, Anna Klimentov\u00e1<\/strong><\/span><br \/>\n<span style=\"font-size: 12pt;\"><a href=\"http:\/\/studiascientifica.ku.sk\/wp-content\/uploads\/2022\/06\/03_jedlickova_klimentova_ssf_2_22.pdf\"><span style=\"color: #ff0000;\">FIE as a Tool for Correcting Deficient Functions in Children and Students with Behavioral Disorders<\/span><\/a> (.pdf)<\/span><br \/>\n<span style=\"font-size: 12pt;\">DOI: <span style=\"color: #ff0000;\"><a style=\"color: #ff0000;\" href=\"https:\/\/doi.org\/10.54937\/ssf.2022.21.2.32-40\">https:\/\/doi.org\/10.54937\/ssf.2022.21.2.32-40<\/a><\/span><\/span><\/p>\n<p><span style=\"font-size: 12pt;\"><strong>Daniela Kolibov\u00e1, Eva Dolinsk\u00e1<\/strong><\/span><br \/>\n<span style=\"font-size: 12pt;\"><a href=\"http:\/\/studiascientifica.ku.sk\/wp-content\/uploads\/2022\/06\/04_kolibova_dolinska_ssf_2_22.pdf\"><span style=\"color: #ff0000;\">Opportunities<\/span> <span style=\"color: #ff0000;\">for the Development of Cognitive Functions in Preschool Children Through Emotions<\/span><\/a> (.pdf)<\/span><br \/>\n<span style=\"font-size: 12pt;\">DOI: <span style=\"color: #ff0000;\"><a style=\"color: #ff0000;\" href=\"https:\/\/doi.org\/10.54937\/ssf.2022.21.2.41-51\">https:\/\/doi.org\/10.54937\/ssf.2022.21.2.41-51<\/a><\/span><\/span><\/p>\n<p><span style=\"font-size: 12pt;\"><strong>Monika Homolov\u00e1<\/strong><\/span><br \/>\n<span style=\"font-size: 12pt;\"><span style=\"color: #ff0000;\"><a style=\"color: #ff0000;\" href=\"http:\/\/studiascientifica.ku.sk\/wp-content\/uploads\/2022\/06\/05_homolova_ssf_2_22.pdf\">Preventive Strategies and Programs as a Way to Eliminate Social Aggression of Preschool Children<\/a><\/span> (.pdf)<\/span><br \/>\n<span style=\"font-size: 12pt;\">DOI: <span style=\"color: #ff0000;\"><a style=\"color: #ff0000;\" href=\"https:\/\/doi.org\/10.54937\/ssf.2022.21.2.52-59\">https:\/\/doi.org\/10.54937\/ssf.2022.21.2.52-59<\/a><\/span><\/span><\/p>\n<p><span style=\"font-size: 12pt;\"><strong>Zuzana F\u00e1bry Luck\u00e1<\/strong><\/span><br \/>\n<span style=\"font-size: 12pt;\"><a href=\"http:\/\/studiascientifica.ku.sk\/wp-content\/uploads\/2022\/06\/06_fabry_lucka_ssf_2_22.pdf\"><span style=\"color: #ff0000;\">Expressiveness in Multisensory Approaches<\/span><\/a> (.pdf)<\/span><br \/>\n<span style=\"font-size: 12pt;\">DOI: <span style=\"color: #ff0000;\"><a style=\"color: #ff0000;\" href=\"https:\/\/doi.org\/10.54937\/ssf.2022.21.2.60-66\">https:\/\/doi.org\/10.54937\/ssf.2022.21.2.60-66<\/a><\/span><\/span><\/p>\n<p><span style=\"font-size: 12pt;\"><strong>M\u00e1ria Habalov\u00e1<\/strong><\/span><br \/>\n<span style=\"font-size: 12pt;\"><span style=\"color: #ff0000;\"><a style=\"color: #ff0000;\" href=\"http:\/\/studiascientifica.ku.sk\/wp-content\/uploads\/2022\/06\/07_habalova_ssf_2_22.pdf\">Musical Activities in the Development of Cognitive Processes (Attention) in Children in Early Childhood Intervention<\/a><\/span> (.pdf)<\/span><br \/>\n<span style=\"font-size: 12pt;\">DOI: <span style=\"color: #ff0000;\"><a style=\"color: #ff0000;\" href=\"https:\/\/doi.org\/10.54937\/ssf.2022.21.2.67-78\">https:\/\/doi.org\/10.54937\/ssf.2022.21.2.67-78<\/a><\/span><\/span><\/p>\n<p><span style=\"font-size: 12pt;\"><strong>Zuzana Chanasov\u00e1, Rosangela Libertini<\/strong><\/span><br \/>\n<span style=\"font-size: 12pt;\"><span style=\"color: #ff0000;\"><a style=\"color: #ff0000;\" href=\"http:\/\/studiascientifica.ku.sk\/wp-content\/uploads\/2022\/06\/08_chanasova_libertini_ssf_2_22.pdf\">A Fairy Tale in the Context of Early Care<\/a> <\/span>(.pdf)<\/span><br \/>\n<span style=\"font-size: 12pt;\">DOI: <span style=\"color: #ff0000;\"><a style=\"color: #ff0000;\" href=\"https:\/\/doi.org\/10.54937\/ssf.2022.21.2.79-88\">https:\/\/doi.org\/10.54937\/ssf.2022.21.2.79-88<\/a><\/span><\/span><\/p>\n<p><span style=\"font-size: 12pt;\"><strong>Stanislav Ben\u010di\u010d, Barbora Kov\u00e1\u010dov\u00e1, Daniela Valachov\u00e1, Anna Hudecov\u00e1<\/strong><\/span><br \/>\n<span style=\"font-size: 12pt;\"><span style=\"color: #ff0000;\"><a style=\"color: #ff0000;\" href=\"http:\/\/studiascientifica.ku.sk\/wp-content\/uploads\/2022\/06\/09_bencic_a_kol_ssf_2_22.pdf\">Art Talents in the Context of a Specific Research Focus<\/a><\/span> (.pdf)<\/span><br \/>\n<span style=\"font-size: 12pt;\">DOI: <span style=\"color: #ff0000;\"><a style=\"color: #ff0000;\" href=\"https:\/\/doi.org\/10.54937\/ssf.2022.21.2.89-99\">https:\/\/doi.org\/10.54937\/ssf.2022.21.2.89-99<\/a><\/span><\/span><\/p>\n<p><span style=\"font-size: 12pt;\"><strong>Martin \u0160ev\u010dovi\u010d<\/strong><\/span><br \/>\n<span style=\"font-size: 12pt;\"><span style=\"color: #ff0000;\"><a style=\"color: #ff0000;\" href=\"http:\/\/studiascientifica.ku.sk\/wp-content\/uploads\/2022\/06\/10_sevcovic_ssf_2_22.pdf\">Terminological Background in the Nomenclature of Perception of the Graphic Medium and the Structure of the Evaluation of the Graphic Letter<\/a><\/span> (.pdf)<\/span><br \/>\n<span style=\"font-size: 12pt;\">DOI: <span style=\"color: #ff0000;\"><a style=\"color: #ff0000;\" href=\"https:\/\/doi.org\/10.54937\/ssf.2022.21.2.100-105\">https:\/\/doi.org\/10.54937\/ssf.2022.21.2.100-105<\/a><\/span><\/span><\/p>\n<p><span style=\"font-size: 12pt;\"><strong>Daniela Valachov\u00e1, Hana Juh\u00e1sz Muchov\u00e1<\/strong><\/span><br \/>\n<span style=\"font-size: 12pt;\"><span style=\"color: #ff0000;\"><a style=\"color: #ff0000;\" href=\"http:\/\/studiascientifica.ku.sk\/wp-content\/uploads\/2022\/06\/11_valachova_juhasz_muchova_ssf_2_22.pdf\">Generational Expressivity Identified in a Drawing<\/a> <\/span>(.pdf)<\/span><br \/>\n<span style=\"font-size: 12pt;\">DOI: <span style=\"color: #ff0000;\"><a style=\"color: #ff0000;\" href=\"https:\/\/doi.org\/10.54937\/ssf.2022.21.2.106-113\">https:\/\/doi.org\/10.54937\/ssf.2022.21.2.106-113<\/a><\/span><\/span><\/p>\n<p><span style=\"font-size: 12pt;\"><strong>M\u00e1ria Pappov\u00e1, M\u00e1ria Piso\u0148ov\u00e1<\/strong><\/span><br \/>\n<span style=\"font-size: 12pt;\"><span style=\"color: #ff0000;\"><a style=\"color: #ff0000;\" href=\"http:\/\/studiascientifica.ku.sk\/wp-content\/uploads\/2022\/06\/12_pappova_pisonova_ssf_2_22.pdf\">Theoretical, Empirical and Legislative Determinants of Education of Education Managers in the Slovak Republic<\/a> <\/span>(.pdf)<\/span><br \/>\n<span style=\"font-size: 12pt;\">DOI: <span style=\"color: #ff0000;\"><a style=\"color: #ff0000;\" href=\"https:\/\/doi.org\/10.54937\/ssf.2022.21.2.114-125\">https:\/\/doi.org\/10.54937\/ssf.2022.21.2.114-125<\/a><\/span><\/span><\/p>\n","protected":false},"excerpt":{"rendered":"<p>Studia Scientifica Facultatis Paedagogicae Universitas Catholica Ru\u017eomberok \u2013 full volume 2\/2022 Fulltext \u2013 cel\u00e9 \u010d\u00edslo 2\/2022 (.pdf) Rok vydania: 2022 Vydavate\u013e: VERBUM \u2013 vydavate\u013estvo Katol\u00edckej univerzity v Ru\u017eomberku ISSN: 1336-2232 URL \u010dasopisu: http:\/\/studiascientifica.ku.sk\/ &nbsp; OBSAH\/CONTENTS: Paula Mali\u0148\u00e1kov\u00e1 The Phenomenon of Inclusion in a Modern Society (.pdf) DOI: https:\/\/doi.org\/10.54937\/ssf.2022.21.2.7-17 Milan Valenta, Jarom\u00edr Ma\u0161tal\u00ed\u0159, Dita Finkov\u00e1, Libu\u0161e [&hellip;]<\/p>\n","protected":false},"author":1,"featured_media":0,"parent":0,"menu_order":0,"comment_status":"closed","ping_status":"closed","template":"","meta":{"loftloader_page_shortcode":"","footnotes":""},"class_list":["post-376","page","type-page","status-publish","hentry"],"_links":{"self":[{"href":"https:\/\/studiascientifica.ku.sk\/en\/wp-json\/wp\/v2\/pages\/376","targetHints":{"allow":["GET"]}}],"collection":[{"href":"https:\/\/studiascientifica.ku.sk\/en\/wp-json\/wp\/v2\/pages"}],"about":[{"href":"https:\/\/studiascientifica.ku.sk\/en\/wp-json\/wp\/v2\/types\/page"}],"author":[{"embeddable":true,"href":"https:\/\/studiascientifica.ku.sk\/en\/wp-json\/wp\/v2\/users\/1"}],"replies":[{"embeddable":true,"href":"https:\/\/studiascientifica.ku.sk\/en\/wp-json\/wp\/v2\/comments?post=376"}],"version-history":[{"count":3,"href":"https:\/\/studiascientifica.ku.sk\/en\/wp-json\/wp\/v2\/pages\/376\/revisions"}],"predecessor-version":[{"id":384,"href":"https:\/\/studiascientifica.ku.sk\/en\/wp-json\/wp\/v2\/pages\/376\/revisions\/384"}],"wp:attachment":[{"href":"https:\/\/studiascientifica.ku.sk\/en\/wp-json\/wp\/v2\/media?parent=376"}],"curies":[{"name":"wp","href":"https:\/\/api.w.org\/{rel}","templated":true}]}}