{"id":342,"date":"2022-05-02T14:17:06","date_gmt":"2022-05-02T12:17:06","guid":{"rendered":"http:\/\/studiascientifica.ku.sk\/en\/?page_id=342"},"modified":"2022-05-04T13:20:21","modified_gmt":"2022-05-04T11:20:21","slug":"studia-scientifica-facultatis-paedagogicae-universitas-catholica-ruzomberok-1-2022","status":"publish","type":"page","link":"https:\/\/studiascientifica.ku.sk\/en\/studia-scientifica-facultatis-paedagogicae-universitas-catholica-ruzomberok-1-2022\/","title":{"rendered":"Studia Scientifica Facultatis Paedagogicae Universitas Catholica Ru\u017eomberok 1\/2022"},"content":{"rendered":"<p><span style=\"font-size: 12pt; color: #ff0000;\"><strong>Studia Scientifica Facultatis Paedagogicae Universitas Catholica Ru\u017eomberok \u2013 full volume 1\/2022<\/strong><\/span><\/p>\n<p><a href=\"http:\/\/studiascientifica.ku.sk\/wp-content\/uploads\/2022\/05\/ssf-1-2022.pdf\"><strong><span style=\"font-size: 14pt;\"><span style=\"color: #ff0000;\">Fulltext \u2013 full volume 1\/202<\/span><\/span><\/strong><span style=\"font-size: 14pt; color: #ff0000;\"><strong>2<\/strong><\/span><\/a><span style=\"font-size: 14pt;\">\u00a0(.pdf)<\/span><\/p>\n<p><span style=\"font-size: 14pt;\"><strong>Rok vydania:<\/strong> 2022<\/span><\/p>\n<p><span style=\"font-size: 14pt;\"><strong>Vydavate\u013e:<\/strong> VERBUM \u2013 vydavate\u013estvo Katol\u00edckej univerzity v Ru\u017eomberku<\/span><\/p>\n<p><span style=\"font-size: 14pt;\"><strong>ISSN:<\/strong> 1336-2232<\/span><\/p>\n<p><span style=\"font-size: 14pt;\"><strong>URL \u010dasopisu:<\/strong> <a href=\"http:\/\/studiascientifica.ku.sk\/\"><span style=\"color: #ff0000;\">http:\/\/studiascientifica.ku.sk\/<\/span><\/a><\/span><\/p>\n<p>&nbsp;<\/p>\n<p><span style=\"font-size: 14pt; color: #ff0000;\"><strong>OBSAH\/CONTENTS:<\/strong><\/span><\/p>\n<p><span style=\"font-size: 12pt;\"><strong>Ingrid Emmerov\u00e1<\/strong><\/span><br \/>\n<span style=\"font-size: 12pt;\"><span style=\"color: #ff0000;\"><a style=\"color: #ff0000;\" href=\"http:\/\/studiascientifica.ku.sk\/wp-content\/uploads\/2022\/05\/01_emmerova_ssf_1_22.pdf\">V\u00fdskum rizikov\u00e9ho a probl\u00e9mov\u00e9ho spr\u00e1vania \u017eiakov z\u00e1kladn\u00fdch a stredn\u00fdch \u0161k\u00f4l<\/a> <\/span>(.pdf)<\/span><br \/>\n<span style=\"font-size: 12pt;\">DOI: <a href=\"https:\/\/doi.org\/10.54937\/ssf.2022.21.1.9-18\"><span style=\"color: #ff0000;\">https:\/\/doi.org\/10.54937\/ssf.2022.21.1.9-18<\/span><\/a><\/span><\/p>\n<p><span style=\"font-size: 12pt;\"><strong>Ji\u0159\u00ed \u0160koda, Pavel Doul\u00edk, Jitka Svobodov\u00e1<\/strong><\/span><br \/>\n<span style=\"font-size: 12pt;\"><span style=\"color: #ff0000;\"><a style=\"color: #ff0000;\" href=\"http:\/\/studiascientifica.ku.sk\/wp-content\/uploads\/2022\/05\/02_skoda_doulik_svobodova_ssf_1_22.pdf\">Vliv m\u00edry agresivity \u017e\u00e1k\u016f na klima \u0161koln\u00ed t\u0159\u00eddy<\/a> <\/span>(.pdf)<\/span><br \/>\n<span style=\"font-size: 12pt;\">DOI: <a href=\"https:\/\/doi.org\/10.54937\/ssf.2022.21.1.19-30\"><span style=\"color: #ff0000;\">https:\/\/doi.org\/10.54937\/ssf.2022.21.1.19-30<\/span><\/a><\/span><\/p>\n<p><span style=\"font-size: 12pt;\"><strong>Ladislav Zilcher, Barbora Lankov\u00e1, Ianka-Maria Kruli\u0161ov\u00e1<\/strong><\/span><br \/>\n<span style=\"font-size: 12pt;\"><a href=\"http:\/\/studiascientifica.ku.sk\/wp-content\/uploads\/2022\/05\/03_zilcher_lankova_krulisova_ssf_1_22.pdf\"><span style=\"color: #ffffff;\"><span style=\"color: #ff0000;\">Anal\u00fdza rozd\u00edl\u016f postoj\u016f v\u016f\u010di lidem s posti\u017een\u00edm u praktikuj\u00edc\u00edch u\u010ditel\u016f a student\u016f u\u010ditelstv\u00ed<\/span><\/span><\/a> (.pdf)<\/span><br \/>\n<span style=\"font-size: 12pt;\">DOI: <a href=\"https:\/\/doi.org\/10.54937\/ssf.2022.21.1.31-40\"><span style=\"color: #ff0000;\">https:\/\/doi.org\/10.54937\/ssf.2022.21.1.31-40<\/span><\/a><\/span><\/p>\n<p><span style=\"font-size: 12pt;\"><strong>M\u00e1ria Jure\u010dkov\u00e1, Lenka Valentov\u00e1<\/strong><\/span><br \/>\n<span style=\"font-size: 12pt;\"><span style=\"color: #ff0000;\"><a style=\"color: #ff0000;\" href=\"http:\/\/studiascientifica.ku.sk\/wp-content\/uploads\/2022\/05\/04_jureckova_valentova_ssf_1_22.pdf\">Kvantitat\u00edvna anal\u00fdza \u00faloh z T5<\/a><\/span> (.pdf)<\/span><br \/>\n<span style=\"font-size: 12pt;\">DOI: <a href=\"https:\/\/doi.org\/10.54937\/ssf.2022.21.1.41-48\"><span style=\"color: #ff0000;\">https:\/\/doi.org\/10.54937\/ssf.2022.21.1.41-48<\/span><\/a><\/span><\/p>\n<p><span style=\"font-size: 12pt;\"><strong>Oleh Dorozhovets, Ivana Prach\u00e1rov\u00e1<\/strong><\/span><br \/>\n<span style=\"font-size: 12pt;\"><span style=\"color: #ff0000;\"><a style=\"color: #ff0000;\" href=\"http:\/\/studiascientifica.ku.sk\/wp-content\/uploads\/2022\/05\/05_dorozhovets_pracharova_ssf_1_22.pdf\">Inkluz\u00edvne prostredie vysokej \u0161koly z poh\u013eadu \u0161tudentov<\/a><\/span> (.pdf)<\/span><br \/>\n<span style=\"font-size: 12pt;\">DOI: <a href=\"https:\/\/doi.org\/10.54937\/ssf.2022.21.1.49-64\"><span style=\"color: #ff0000;\">https:\/\/doi.org\/10.54937\/ssf.2022.21.1.49-64<\/span><\/a><\/span><\/p>\n<p><span style=\"font-size: 12pt;\"><strong>Zuzana Cabanov\u00e1 Holdo\u0161ov\u00e1<\/strong><\/span><br \/>\n<span style=\"font-size: 12pt;\"><span style=\"color: #ff0000;\"><a style=\"color: #ff0000;\" href=\"http:\/\/studiascientifica.ku.sk\/wp-content\/uploads\/2022\/05\/06_cabanova_holdosova_ssf_1_22.pdf\">Kompara\u010dn\u00e1 anal\u00fdza d\u00e1t a jej vyu\u017eitie v soci\u00e1lnom v\u00fdskume<\/a> <\/span>(.pdf)<\/span><br \/>\n<span style=\"font-size: 12pt;\">DOI: <a href=\"https:\/\/doi.org\/10.54937\/ssf.2022.21.1.65-72\"><span style=\"color: #ff0000;\">https:\/\/doi.org\/10.54937\/ssf.2022.21.1.65-72<\/span><\/a><\/span><\/p>\n<p><span style=\"font-size: 12pt;\"><strong>Jana Kamanov\u00e1<\/strong><\/span><br \/>\n<span style=\"font-size: 12pt;\"><span style=\"color: #ff0000;\"><a style=\"color: #ff0000;\" href=\"http:\/\/studiascientifica.ku.sk\/wp-content\/uploads\/2022\/05\/07_kamanova_ssf_1_22.pdf\">Proces pl\u00e1novania odborn\u00fdch prax\u00ed v \u0161tudijnom odbore soci\u00e1lna pr\u00e1ca<\/a> <\/span>(.pdf)<\/span><br \/>\n<span style=\"font-size: 12pt;\">DOI: <a href=\"https:\/\/doi.org\/10.54937\/ssf.2022.21.1.73-78\"><span style=\"color: #ff0000;\">https:\/\/doi.org\/10.54937\/ssf.2022.21.1.73-78<\/span><\/a><\/span><\/p>\n<p><span style=\"font-size: 12pt;\"><strong>Anna Masarikov\u00e1<\/strong><\/span><br \/>\n<span style=\"font-size: 12pt;\"><a href=\"http:\/\/studiascientifica.ku.sk\/wp-content\/uploads\/2022\/05\/08_masarikova_ssf_1_22.pdf\"><span style=\"color: #ffffff;\"><span style=\"color: #ff0000;\">Evalu\u00e1cia programu zameran\u00e9ho na prevenciu sexu\u00e1lneho zneu\u017e\u00edvania det\u00ed<\/span><\/span><\/a> (.pdf)<\/span><br \/>\n<span style=\"font-size: 12pt;\">DOI: <a href=\"https:\/\/doi.org\/10.54937\/ssf.2022.21.1.79-92\"><span style=\"color: #ff0000;\">https:\/\/doi.org\/10.54937\/ssf.2022.21.1.79-92<\/span><\/a><\/span><\/p>\n<p><span style=\"font-size: 12pt;\"><strong>Michal Pankevi\u010d, Zdenka Zastkov\u00e1<\/strong><\/span><br \/>\n<span style=\"font-size: 12pt;\"><span style=\"color: #ff0000;\"><a style=\"color: #ff0000;\" href=\"http:\/\/studiascientifica.ku.sk\/wp-content\/uploads\/2022\/05\/09_pankevic_zastkova_ssf_1_22.pdf\">Kooperat\u00edvne u\u010denie ako determinant socializ\u00e1cie r\u00f3mskych \u017eiakov v prim\u00e1rnej eduk\u00e1cii<\/a><\/span> (.pdf)<\/span><br \/>\n<span style=\"font-size: 12pt;\">DOI: <a href=\"https:\/\/doi.org\/10.54937\/ssf.2022.21.1.93-106\"><span style=\"color: #ff0000;\">https:\/\/doi.org\/10.54937\/ssf.2022.21.1.93-106<\/span><\/a><\/span><\/p>\n<p><span style=\"font-size: 12pt;\"><strong>Alexandra Pun\u010dov\u00e1<\/strong><\/span><br \/>\n<span style=\"font-size: 12pt;\"><span style=\"color: #ff0000;\"><a style=\"color: #ff0000;\" href=\"http:\/\/studiascientifica.ku.sk\/wp-content\/uploads\/2022\/05\/10_puncova_ssf_1_22.pdf\">V\u00fdsledky slovensk\u00fdch \u017eiakov \u0161tvrt\u00e9ho ro\u010dn\u00edka v \u0161t\u00fadii TIMSS 2015 a eTIMSS 2019 z matematiky<\/a><\/span> (.pdf)<\/span><br \/>\n<span style=\"font-size: 12pt;\">DOI: <a href=\"https:\/\/doi.org\/10.54937\/ssf.2022.21.1.107-113\"><span style=\"color: #ff0000;\">https:\/\/doi.org\/10.54937\/ssf.2022.21.1.107-113<\/span><\/a><\/span><\/p>\n<p><span style=\"font-size: 12pt;\"><strong>Zden\u011bk Svoboda<\/strong><\/span><br \/>\n<span style=\"font-size: 12pt;\"><span style=\"color: #ff0000;\"><a style=\"color: #ff0000;\" href=\"http:\/\/studiascientifica.ku.sk\/wp-content\/uploads\/2022\/05\/11_svoboda_ssf_1_22.pdf\">Mo\u017enosti redukce soci\u00e1ln\u00edch nerovnost\u00ed ve vzd\u011bl\u00e1v\u00e1n\u00ed z pohledu \u017e\u00e1k\u016f z\u00e1kladn\u00edch \u0161kol v \u010cesk\u00e9 a ve Slovensk\u00e9 republice<\/a> <\/span>(.pdf)<\/span><br \/>\n<span style=\"font-size: 12pt;\">DOI: <a href=\"https:\/\/doi.org\/10.54937\/ssf.2022.21.1.114-126\"><span style=\"color: #ff0000;\">https:\/\/doi.org\/10.54937\/ssf.2022.21.1.114-126<\/span><\/a><\/span><\/p>\n<p><span style=\"font-size: 12pt;\"><strong>Lenka Valentov\u00e1, Zuzana Semri\u010dov\u00e1<\/strong><\/span><br \/>\n<span style=\"font-size: 12pt;\"><a href=\"http:\/\/studiascientifica.ku.sk\/wp-content\/uploads\/2022\/05\/12_valentova_semricova_ssf_1_22.pdf\"><span style=\"color: #ffffff;\"><span style=\"color: #ff0000;\">Anal\u00fdza v\u00fdsledkov \u017eiakov v T5 v z\u00e1vislosti od met\u00f3dy vyu\u017e\u00edvanej pri v\u00fdu\u010dbe matematiky<\/span><\/span><\/a> (.pdf)<\/span><br \/>\n<span style=\"font-size: 12pt;\">DOI: <span style=\"color: #ff0000;\"><a style=\"color: #ff0000;\" href=\"https:\/\/doi.org\/10.54937\/ssf.2022.21.1.127-134\">https:\/\/doi.org\/10.54937\/ssf.2022.21.1.127-134<\/a><\/span><\/span><\/p>\n<p><span style=\"font-size: 12pt;\"><strong>Alena Ha\u0161kov\u00e1, Danka Luk\u00e1\u010dov\u00e1<\/strong><\/span><br \/>\n<span style=\"font-size: 12pt;\"><span style=\"color: #ff0000;\"><a style=\"color: #ff0000;\" href=\"http:\/\/studiascientifica.ku.sk\/wp-content\/uploads\/2022\/05\/13_haskova_lukacova_ssf_1_22.pdf\">V\u00fdu\u010dba techniky na z\u00e1kladn\u00fdch \u0161kol\u00e1ch a nov\u00e9 strategick\u00e9 z\u00e1mery<\/a> <\/span>(.pdf)<\/span><br \/>\n<span style=\"font-size: 12pt;\">DOI: <a href=\"https:\/\/doi.org\/10.54937\/ssf.2022.21.1.135-147\"><span style=\"color: #ff0000;\">https:\/\/doi.org\/10.54937\/ssf.2022.21.1.135-147<\/span><\/a><\/span><\/p>\n<p><span style=\"font-size: 12pt;\"><strong>Erich Petl\u00e1k<\/strong><\/span><br \/>\n<span style=\"font-size: 12pt;\"><span style=\"color: #ff0000;\"><a style=\"color: #ff0000;\" href=\"http:\/\/studiascientifica.ku.sk\/wp-content\/uploads\/2022\/05\/14_petlak_ssf_1_22.pdf\">Inova\u010dn\u00e9 poh\u013eady na eduk\u00e1ciu \u2013 h\u013abkov\u00e9 vyu\u010dovanie<\/a> <\/span>(.pdf)<\/span><br \/>\n<span style=\"font-size: 12pt;\">DOI: <a href=\"https:\/\/doi.org\/10.54937\/ssf.2022.21.1.148-158\"><span style=\"color: #ff0000;\">https:\/\/doi.org\/10.54937\/ssf.2022.21.1.148-158<\/span><\/a><\/span><\/p>\n<p><span style=\"font-size: 12pt;\"><strong>Ladislav Zapletal<\/strong><\/span><br \/>\n<span style=\"font-size: 12pt;\"><span style=\"color: #ff0000;\"><a style=\"color: #ff0000;\" href=\"http:\/\/studiascientifica.ku.sk\/wp-content\/uploads\/2022\/05\/15_zapletal_ssf_1_22.pdf\">P\u0159\u00ednos Antona \u0160tef\u00e1nka p\u0159i rozvoji modern\u00edho \u0161kolstv\u00ed<\/a><\/span> (.pdf)<\/span><br \/>\n<span style=\"font-size: 12pt;\">DOI: <a href=\"https:\/\/doi.org\/10.54937\/ssf.2022.21.1.159-168\"><span style=\"color: #ff0000;\">https:\/\/doi.org\/10.54937\/ssf.2022.21.1.159-168<\/span><\/a><\/span><\/p>\n<p><span style=\"font-size: 12pt;\"><strong>Peter Jendry\u0161\u010d\u00edk<\/strong><\/span><br \/>\n<span style=\"font-size: 12pt;\"><span style=\"color: #ff0000;\"><a style=\"color: #ff0000;\" href=\"http:\/\/studiascientifica.ku.sk\/wp-content\/uploads\/2022\/05\/16_jendryscik_ssf_1_22.pdf\">Asistent u\u010dite\u013ea v procese vzdel\u00e1vania r\u00f3mskych \u017eiakov<\/a> <\/span>(.pdf)<\/span><br \/>\n<span style=\"font-size: 12pt;\">DOI: <a href=\"https:\/\/doi.org\/10.54937\/ssf.2022.21.1.169-177\"><span style=\"color: #ff0000;\">https:\/\/doi.org\/10.54937\/ssf.2022.21.1.169-177<\/span><\/a><\/span><\/p>\n<p><span style=\"font-size: 12pt;\"><strong>Gabriela Siv\u00e1kov\u00e1<\/strong><\/span><br \/>\n<span style=\"font-size: 12pt;\"><span style=\"color: #ff0000;\"><a style=\"color: #ff0000;\" href=\"http:\/\/studiascientifica.ku.sk\/wp-content\/uploads\/2022\/05\/17_sivakova_ssf_1_22.pdf\">Nevhodn\u00e9 spr\u00e1vanie sa \u017eiakov ako probl\u00e9m s\u00fa\u010dasnej \u0161koly<\/a><\/span> (.pdf)<\/span><br \/>\n<span style=\"font-size: 12pt;\">DOI: <a href=\"https:\/\/doi.org\/10.54937\/ssf.2022.21.1.178-188\"><span style=\"color: #ff0000;\">https:\/\/doi.org\/10.54937\/ssf.2022.21.1.178-188<\/span><\/a><\/span><\/p>\n<p><span style=\"font-size: 12pt;\"><strong>Silvia Barnov\u00e1, Denisa Petr\u00edkov\u00e1, Simon Brunovsk\u00fd<\/strong><\/span><br \/>\n<span style=\"font-size: 12pt;\"><span style=\"color: #ff0000;\"><a style=\"color: #ff0000;\" href=\"http:\/\/studiascientifica.ku.sk\/wp-content\/uploads\/2022\/05\/18_barnova_petrikova_brunovsky_ssf_1_22.pdf\">Sk\u00fasenosti \u017eiakov stredn\u00fdch \u0161k\u00f4l s interakt\u00edvnym online vyu\u010dovan\u00edm po\u010das prv\u00fdch dvoch v\u013an pand\u00e9mie COVID-19<\/a><\/span> (.pdf)<\/span><br \/>\n<span style=\"font-size: 12pt;\">DOI: <a href=\"https:\/\/doi.org\/10.54937\/ssf.2022.21.1.189-197\"><span style=\"color: #ff0000;\">https:\/\/doi.org\/10.54937\/ssf.2022.21.1.189-197<\/span><\/a><\/span><\/p>\n<p><span style=\"font-size: 12pt;\"><strong>Jana Kamenick\u00e1, Jana Har\u0165ansk\u00e1<\/strong><\/span><br \/>\n<span style=\"font-size: 12pt;\"><a href=\"http:\/\/studiascientifica.ku.sk\/wp-content\/uploads\/2022\/05\/19_kamenicka_hartanska_ssf_1_22.pdf\"><span style=\"color: #ffffff;\"><span style=\"color: #ff0000;\">Causes of Foreign Language Speaking Anxiety Through the Eyes of Non-Native Language Speakers<\/span><\/span><\/a> (.pdf)<\/span><br \/>\n<span style=\"font-size: 12pt;\">DOI: <a href=\"https:\/\/doi.org\/10.54937\/ssf.2022.21.1.198-216\"><span style=\"color: #ff0000;\">https:\/\/doi.org\/10.54937\/ssf.2022.21.1.198-216<\/span><\/a><\/span><\/p>\n","protected":false},"excerpt":{"rendered":"<p>Studia Scientifica Facultatis Paedagogicae Universitas Catholica Ru\u017eomberok \u2013 full volume 1\/2022 Fulltext \u2013 full volume 1\/2022\u00a0(.pdf) Rok vydania: 2022 Vydavate\u013e: VERBUM \u2013 vydavate\u013estvo Katol\u00edckej univerzity v Ru\u017eomberku ISSN: 1336-2232 URL \u010dasopisu: http:\/\/studiascientifica.ku.sk\/ &nbsp; OBSAH\/CONTENTS: Ingrid Emmerov\u00e1 V\u00fdskum rizikov\u00e9ho a probl\u00e9mov\u00e9ho spr\u00e1vania \u017eiakov z\u00e1kladn\u00fdch a stredn\u00fdch \u0161k\u00f4l (.pdf) DOI: https:\/\/doi.org\/10.54937\/ssf.2022.21.1.9-18 Ji\u0159\u00ed \u0160koda, Pavel Doul\u00edk, Jitka Svobodov\u00e1 [&hellip;]<\/p>\n","protected":false},"author":1,"featured_media":0,"parent":0,"menu_order":0,"comment_status":"closed","ping_status":"closed","template":"","meta":{"loftloader_page_shortcode":"","footnotes":""},"class_list":["post-342","page","type-page","status-publish","hentry"],"_links":{"self":[{"href":"https:\/\/studiascientifica.ku.sk\/en\/wp-json\/wp\/v2\/pages\/342","targetHints":{"allow":["GET"]}}],"collection":[{"href":"https:\/\/studiascientifica.ku.sk\/en\/wp-json\/wp\/v2\/pages"}],"about":[{"href":"https:\/\/studiascientifica.ku.sk\/en\/wp-json\/wp\/v2\/types\/page"}],"author":[{"embeddable":true,"href":"https:\/\/studiascientifica.ku.sk\/en\/wp-json\/wp\/v2\/users\/1"}],"replies":[{"embeddable":true,"href":"https:\/\/studiascientifica.ku.sk\/en\/wp-json\/wp\/v2\/comments?post=342"}],"version-history":[{"count":12,"href":"https:\/\/studiascientifica.ku.sk\/en\/wp-json\/wp\/v2\/pages\/342\/revisions"}],"predecessor-version":[{"id":374,"href":"https:\/\/studiascientifica.ku.sk\/en\/wp-json\/wp\/v2\/pages\/342\/revisions\/374"}],"wp:attachment":[{"href":"https:\/\/studiascientifica.ku.sk\/en\/wp-json\/wp\/v2\/media?parent=342"}],"curies":[{"name":"wp","href":"https:\/\/api.w.org\/{rel}","templated":true}]}}