{"id":14,"date":"2017-02-27T15:50:49","date_gmt":"2017-02-27T14:50:49","guid":{"rendered":"http:\/\/studiascientifica.ku.sk\/en\/?page_id=14"},"modified":"2025-04-02T11:39:53","modified_gmt":"2025-04-02T09:39:53","slug":"editorial-board","status":"publish","type":"page","link":"https:\/\/studiascientifica.ku.sk\/en\/editorial-board\/","title":{"rendered":"EDITORIAL BOARD"},"content":{"rendered":"<p><span style=\"color: #ff0000; font-size: 14pt;\"><strong>EDITOR IN CHIEF:<\/strong><\/span><br \/>\nprof. PaedDr. Tom\u00e1\u0161 Jablonsk\u00fd, PhD. \u2013 Catholic University in Ru\u017eomberok (Slovakia)<\/p>\n<p><span style=\"color: #ff0000;\"><strong><span style=\"font-size: 14pt;\">DEPUTY EDITOR IN CHIEF:<\/span><\/strong><\/span><br \/>\nprof. PhDr. Ingrid Emmerov\u00e1, PhD. \u2013 Catholic University in Ru\u017eomberok (Slovakia)<\/p>\n<p><span style=\"color: #ff0000; font-size: 14pt;\"><strong>INTERNATIONAL EDITORIAL BOARD:<\/strong><\/span><br \/>\nprof. PaedDr. Pavel Doul\u00edk, PhD. \u2013 J. E. Purkyn\u011b University in \u00dast\u00ed nad Labem (Czech Republic)<br \/>\nprof. PaedDr. Milan Ligo\u0161, CSc. \u2013 Catholic University in Ru\u017eomberok (Slovakia)<br \/>\nprof. Bart McGettrick \u2013 Liverpool Hope University (United Kingdom)<br \/>\nprof. Pradeep Kumar Misra, PhD. \u2013 Chaudhary Charan Singh University, Meerut (India)<br \/>\nprof. PaedDr. Elena Bend\u00edkov\u00e1, PhD. \u2013 Catholic University in Ru\u017eomberok (Slovakia)<br \/>\nprof. PhDr. M\u00e1ria Piso\u0148ov\u00e1, PhD. \u2013 Constantine the Philosopher University in Nitra (Slovakia)<br \/>\nprof. Dr. J\u00f3zsef Bogn\u00e1r \u2013 Eszterh\u00e1zy K\u00e1roly Catholic University, Eger (Hungary)<br \/>\nprof. PhDr. M\u00e1ria Poto\u010d\u00e1rov\u00e1, PhD. \u2013 Comenius University in Bratislava (Slovakia)<br \/>\nprof. PhDr. Vladim\u00edr Klein, PhD. \u2013 The University of Pre\u0161ov (Slovakia)<br \/>\nprof. Dr. Gabriella Pusztai, D.Sc. habil \u2013 University of Debrecen (Hungary)<br \/>\nassoc. prof. Mikl\u00f3s B\u00e1nhidi, Ph.D. \u2013 Hungarian University of Sports Science, Budapest (Hungary)<br \/>\nprof. Dr. Ricardo R. Uvinha, Ph.D. \u2013 University of Sao Paulo (Brazil)<br \/>\nprof. PhDr. Karel R\u00fddl, CSc. \u2013 University of Pardubice (Czech Republic)<br \/>\nprof. Juan Carlos Torre Puente \u2013 Comillas Pontifical University in Madrid (Spain)<br \/>\nprof. PaedDr. Milan Valenta, PhD. \u2013 Palack\u00fd University Olomouc (Czech Republic)<br \/>\nprof. PhDr. Miron Zelina, DrSc. \u2013 DTI University in Dubnica nad V\u00e1hom (Slovakia)<br \/>\nprof. Dr hab. Marian Nowak \u2013 Catholic University of Lublin (Poland)<br \/>\ndoc. PaedDr. Barbora Kov\u00e1\u010dov\u00e1, PhD. \u2013 Catholic University in Ru\u017eomberok (Slovakia)<br \/>\ndoc. PhDr. Angela Alma\u0161iov\u00e1, PhD. \u2013 Catholic University in Ru\u017eomberok (Slovakia)<br \/>\ndr hab. Piotr Mazur \u2013 The University College of Applied Sciences in Chelm (Poland)<br \/>\ndoc. PaedDr. PhDr. Miroslav Gejdo\u0161, PhD. \u2013 Catholic University in Ru\u017eomberok (Slovakia)<br \/>\ndoc. PhDr. Alb\u00edn \u0160koviera, PhD. \u2013 University of Pardubice (Czech Republic)<br \/>\nprof. PhDr. Erich Petl\u00e1k, CSc.<\/p>\n","protected":false},"excerpt":{"rendered":"<p>EDITOR IN CHIEF: prof. PaedDr. Tom\u00e1\u0161 Jablonsk\u00fd, PhD. \u2013 Catholic University in Ru\u017eomberok (Slovakia) DEPUTY EDITOR IN CHIEF: prof. PhDr. Ingrid Emmerov\u00e1, PhD. \u2013 Catholic University in Ru\u017eomberok (Slovakia) INTERNATIONAL EDITORIAL BOARD: prof. PaedDr. Pavel Doul\u00edk, PhD. \u2013 J. E. Purkyn\u011b University in \u00dast\u00ed nad Labem (Czech Republic) prof. PaedDr. Milan Ligo\u0161, CSc. \u2013 Catholic [&hellip;]<\/p>\n","protected":false},"author":1,"featured_media":0,"parent":0,"menu_order":0,"comment_status":"closed","ping_status":"closed","template":"","meta":{"loftloader_page_shortcode":"","footnotes":""},"class_list":["post-14","page","type-page","status-publish","hentry"],"_links":{"self":[{"href":"https:\/\/studiascientifica.ku.sk\/en\/wp-json\/wp\/v2\/pages\/14","targetHints":{"allow":["GET"]}}],"collection":[{"href":"https:\/\/studiascientifica.ku.sk\/en\/wp-json\/wp\/v2\/pages"}],"about":[{"href":"https:\/\/studiascientifica.ku.sk\/en\/wp-json\/wp\/v2\/types\/page"}],"author":[{"embeddable":true,"href":"https:\/\/studiascientifica.ku.sk\/en\/wp-json\/wp\/v2\/users\/1"}],"replies":[{"embeddable":true,"href":"https:\/\/studiascientifica.ku.sk\/en\/wp-json\/wp\/v2\/comments?post=14"}],"version-history":[{"count":29,"href":"https:\/\/studiascientifica.ku.sk\/en\/wp-json\/wp\/v2\/pages\/14\/revisions"}],"predecessor-version":[{"id":583,"href":"https:\/\/studiascientifica.ku.sk\/en\/wp-json\/wp\/v2\/pages\/14\/revisions\/583"}],"wp:attachment":[{"href":"https:\/\/studiascientifica.ku.sk\/en\/wp-json\/wp\/v2\/media?parent=14"}],"curies":[{"name":"wp","href":"https:\/\/api.w.org\/{rel}","templated":true}]}}